{"id":20240,"date":"2025-10-09T14:00:09","date_gmt":"2025-10-09T14:00:09","guid":{"rendered":"https:\/\/bracaravinum.pt\/?post_type=product&#038;p=20240"},"modified":"2025-10-09T14:00:09","modified_gmt":"2025-10-09T14:00:09","slug":"100-hectares-branco-2024-75cl","status":"publish","type":"product","link":"https:\/\/bracaravinum.pt\/en\/product-2\/100-hectares-branco-2024-75cl\/","title":{"rendered":"100 Hectares Branco 2024 75cl"},"content":{"rendered":"<p><img decoding=\"async\" class=\"size-medium wp-image-15165 aligncenter\" src=\"http:\/\/bracaravinum.pt\/wp-content\/uploads\/2022\/02\/100hectares-logo-300x142.png\" sizes=\"(max-width: 300px) 100vw, 300px\" srcset=\"https:\/\/bracaravinum.pt\/wp-content\/uploads\/2022\/02\/100hectares-logo-300x142.png 300w, https:\/\/bracaravinum.pt\/wp-content\/uploads\/2022\/02\/100hectares-logo.png 400w\" alt=\"\" width=\"300\" height=\"142\" \/><\/p>\n<p>\u201cThe land was not given to us by our parents, but lent by our children\u201d<\/p>\n<p>The history of 100HECTARES wines begins in the early 1970s, when the Br\u00e1s e Cigarro family \u2013 with a huge passion for the Douro region \u2013 made large investments in the purchase and renovation of properties located in the Douro \u2013 Baixo Corgo sub-region. The family&#039;s farms are the origin of their wines, and production is made exclusively from grapes from their properties, something that is at the heart of the family&#039;s production philosophy.<\/p>\n<p>For some time, the majority of production made from their vineyards was sold to competitors in the region, but in 2009, Andr\u00e9 and Filipe Br\u00e1s wanted to make a profit from their own production of raw materials, making wine with an estimated value of between 30% and 40% of grapes. Some surplus production is transferred to producers in the region, and full production under our own brand is not yet possible.<\/p>\n<p>The duty to pass on the legacy from generation to generation is a feeling rooted in the family.<\/p>","protected":false},"excerpt":{"rendered":"<p>Selec\u00e7\u00e3o das uvas no corte e transporte em caixas de 20kg directamente para a nossa adega onde se d\u00e1 in\u00edcio ao processo de vinifica\u00e7\u00e3o, fermenta\u00e7\u00e3o em cubas de inox com temperatura controlada.<\/p>\n<p>Este vinho possui uma cor citrina e um aroma floral com toques minerais, com harmonia e equil\u00edbrio de boca, mostra-se envolvente e fresco e com excelente persist\u00eancia no final.<\/p>","protected":false},"featured_media":20241,"template":"","meta":{"_exactmetrics_skip_tracking":false,"_exactmetrics_sitenote_active":false,"_exactmetrics_sitenote_note":"","_exactmetrics_sitenote_category":0,"_uf_show_specific_survey":0,"_uf_disable_surveys":false,"iawp_total_views":9},"product_brand":[],"product_cat":[157,185,188],"product_tag":[],"class_list":{"0":"post-20240","1":"product","2":"type-product","3":"status-publish","4":"has-post-thumbnail","6":"product_cat-vinhos","7":"product_cat-branco","8":"product_cat-douro-branco","10":"first","11":"instock","12":"shipping-taxable","13":"purchasable","14":"product-type-simple"},"_links":{"self":[{"href":"https:\/\/bracaravinum.pt\/en\/wp-json\/wp\/v2\/product\/20240","targetHints":{"allow":["GET"]}}],"collection":[{"href":"https:\/\/bracaravinum.pt\/en\/wp-json\/wp\/v2\/product"}],"about":[{"href":"https:\/\/bracaravinum.pt\/en\/wp-json\/wp\/v2\/types\/product"}],"wp:featuredmedia":[{"embeddable":true,"href":"https:\/\/bracaravinum.pt\/en\/wp-json\/wp\/v2\/media\/20241"}],"wp:attachment":[{"href":"https:\/\/bracaravinum.pt\/en\/wp-json\/wp\/v2\/media?parent=20240"}],"wp:term":[{"taxonomy":"product_brand","embeddable":true,"href":"https:\/\/bracaravinum.pt\/en\/wp-json\/wp\/v2\/product_brand?post=20240"},{"taxonomy":"product_cat","embeddable":true,"href":"https:\/\/bracaravinum.pt\/en\/wp-json\/wp\/v2\/product_cat?post=20240"},{"taxonomy":"product_tag","embeddable":true,"href":"https:\/\/bracaravinum.pt\/en\/wp-json\/wp\/v2\/product_tag?post=20240"}],"curies":[{"name":"wp","href":"https:\/\/api.w.org\/{rel}","templated":true}]}}