{"id":20217,"date":"2025-10-07T16:01:14","date_gmt":"2025-10-07T16:01:14","guid":{"rendered":"https:\/\/bracaravinum.pt\/?post_type=product&#038;p=20217"},"modified":"2025-10-07T16:54:56","modified_gmt":"2025-10-07T16:54:56","slug":"conjunto-vinhos-brancos","status":"publish","type":"product","link":"https:\/\/bracaravinum.pt\/en\/produto\/conjunto-vinhos-brancos\/","title":{"rendered":"Conjunto Vinhos Brancos"},"content":{"rendered":"<p>Conjunto pr\u00e9-selecionado de vinhos brancos de excel\u00eancia.<\/p>\n<p>Vinhos inclu\u00eddos neste conjunto:<\/p>\n<ul>\n<li class=\"product_title entry-title\">Cortes de Cima Branco (Alentejo)<\/li>\n<li>Beta Wines Branco (Bairrada)<\/li>\n<li>Empatia Vital Branco (Lisboa)<\/li>\n<li>Casa da Passarella Abanico Reserva Branco (D\u00e3o)<\/li>\n<li>Bracara Avgvsta Escolha Loureiro Branco (Vinho Verde)<\/li>\n<li>Quinta da Devesa Branco (Douro)<\/li>\n<\/ul>\n<p>&nbsp;<\/p>\n<p>Conjunto inclui desconto de 10% sobre os produtos selecionados. Portes gratuitos.<\/p>\n<p>Promo\u00e7\u00e3o sujeita ao stock existente.<\/p>","protected":false},"excerpt":{"rendered":"<p>Conjunto pr\u00e9-selecionado de vinhos brancos de excel\u00eancia. Vinhos inclu\u00eddos neste conjunto: Cortes de Cima Branco (Alentejo) Beta Wines Branco (Bairrada) Empatia Vital Branco (Lisboa) Casa da Passarella Abanico Reserva Branco (D\u00e3o) Bracara Avgvsta Escolha Loureiro Branco (Vinho Verde) Quinta da Devesa Branco (Douro) &nbsp; Conjunto inclui desconto de 10% sobre os produtos selecionados. Portes gratuitos. [&hellip;]<\/p>\n","protected":false},"featured_media":20219,"template":"","meta":{"_exactmetrics_skip_tracking":false,"_exactmetrics_sitenote_active":false,"_exactmetrics_sitenote_note":"","_exactmetrics_sitenote_category":0,"_uf_show_specific_survey":0,"_uf_disable_surveys":false,"iawp_total_views":22},"product_brand":[],"product_cat":[185,216,257,157],"product_tag":[],"class_list":{"0":"post-20217","1":"product","2":"type-product","3":"status-publish","4":"has-post-thumbnail","6":"product_cat-branco","7":"product_cat-conjuntos","8":"product_cat-conjuntos-de-vinhos","9":"product_cat-vinhos","11":"first","12":"instock","13":"shipping-taxable","14":"purchasable","15":"product-type-simple"},"_links":{"self":[{"href":"https:\/\/bracaravinum.pt\/en\/wp-json\/wp\/v2\/product\/20217","targetHints":{"allow":["GET"]}}],"collection":[{"href":"https:\/\/bracaravinum.pt\/en\/wp-json\/wp\/v2\/product"}],"about":[{"href":"https:\/\/bracaravinum.pt\/en\/wp-json\/wp\/v2\/types\/product"}],"wp:featuredmedia":[{"embeddable":true,"href":"https:\/\/bracaravinum.pt\/en\/wp-json\/wp\/v2\/media\/20219"}],"wp:attachment":[{"href":"https:\/\/bracaravinum.pt\/en\/wp-json\/wp\/v2\/media?parent=20217"}],"wp:term":[{"taxonomy":"product_brand","embeddable":true,"href":"https:\/\/bracaravinum.pt\/en\/wp-json\/wp\/v2\/product_brand?post=20217"},{"taxonomy":"product_cat","embeddable":true,"href":"https:\/\/bracaravinum.pt\/en\/wp-json\/wp\/v2\/product_cat?post=20217"},{"taxonomy":"product_tag","embeddable":true,"href":"https:\/\/bracaravinum.pt\/en\/wp-json\/wp\/v2\/product_tag?post=20217"}],"curies":[{"name":"wp","href":"https:\/\/api.w.org\/{rel}","templated":true}]}}