{"id":19889,"date":"2025-05-10T10:35:43","date_gmt":"2025-05-10T10:35:43","guid":{"rendered":"https:\/\/bracaravinum.pt\/?post_type=product&#038;p=19889"},"modified":"2025-07-17T17:53:38","modified_gmt":"2025-07-17T17:53:38","slug":"dom-diogo-arinto-75cl","status":"publish","type":"product","link":"https:\/\/bracaravinum.pt\/en\/product-2\/dom-diogo-arinto-75cl\/","title":{"rendered":"Dom Diogo Arinto Branco 75cl"},"content":{"rendered":"<p><img decoding=\"async\" class=\"size-medium wp-image-19887 aligncenter\" src=\"http:\/\/bracaravinum.pt\/wp-content\/uploads\/2025\/05\/raza-300x110.png\" alt=\"\" width=\"300\" height=\"110\" srcset=\"https:\/\/bracaravinum.pt\/wp-content\/uploads\/2025\/05\/raza-300x110.png 300w, https:\/\/bracaravinum.pt\/wp-content\/uploads\/2025\/05\/raza-18x7.png 18w, https:\/\/bracaravinum.pt\/wp-content\/uploads\/2025\/05\/raza.png 371w\" sizes=\"(max-width: 300px) 100vw, 300px\" \/><\/p>\n<p>A Quinta da Raza atravessou quatro s\u00e9culos at\u00e9 aos nossos dias, sempre na fam\u00edlia Teixeira Coelho, estando agora nas m\u00e3os de Diogo Teixeira Coelho, a 5\u00aa gera\u00e7\u00e3o. O entusiasmo e dedica\u00e7\u00e3o pela vinha e pelo vinho t\u00eam fermentado paix\u00e3o e entusiasmo ao longo do tempo.<\/p>","protected":false},"excerpt":{"rendered":"<p>Fermentado em inox, com aromas de frutos tropicais e de caro\u00e7o, \u00e9 um vinho fresco e crocante, com um sabor suavemente persistente. Delicioso com peixe, mariscos, massas e comida picante.\u202f\u202fAdequado a veganos.<\/p>\n<div class=\"elementor-element elementor-element-b721077 e-con-full e-flex e-con e-child\" data-id=\"b721077\" data-element_type=\"container\">\n<div class=\"elementor-element elementor-element-7b94a5a elementor-widget elementor-widget-text-editor\" data-id=\"7b94a5a\" data-element_type=\"widget\" data-widget_type=\"text-editor.default\">Arinto \u00e9 um vinho elegante de cor citrina e aroma frutado e complexo, com sabor crocante envolvente e persistente.<\/div>\n<\/div>\n<div class=\"elementor-element elementor-element-754a5ea e-con-full e-flex e-con e-child\" data-id=\"754a5ea\" data-element_type=\"container\">\n<div class=\"elementor-element elementor-element-8ebf6b2 elementor-widget elementor-widget-heading\" data-id=\"8ebf6b2\" data-element_type=\"widget\" data-widget_type=\"heading.default\">\n<p class=\"elementor-heading-title elementor-size-default\"><span style=\"font-size: 16px;\">\u00c9 um vinho excelente para acompanhar peixe ou marisco, carne de aves, massas e risotos.<\/span><\/p>\n<\/div>\n<\/div>","protected":false},"featured_media":19890,"template":"","meta":{"_exactmetrics_skip_tracking":false,"_exactmetrics_sitenote_active":false,"_exactmetrics_sitenote_note":"","_exactmetrics_sitenote_category":0,"_uf_show_specific_survey":0,"_uf_disable_surveys":false,"iawp_total_views":14},"product_brand":[],"product_cat":[157,185,206],"product_tag":[],"class_list":{"0":"post-19889","1":"product","2":"type-product","3":"status-publish","4":"has-post-thumbnail","6":"product_cat-vinhos","7":"product_cat-branco","8":"product_cat-vinhos-verdes","10":"first","11":"instock","12":"shipping-taxable","13":"purchasable","14":"product-type-simple"},"_links":{"self":[{"href":"https:\/\/bracaravinum.pt\/en\/wp-json\/wp\/v2\/product\/19889","targetHints":{"allow":["GET"]}}],"collection":[{"href":"https:\/\/bracaravinum.pt\/en\/wp-json\/wp\/v2\/product"}],"about":[{"href":"https:\/\/bracaravinum.pt\/en\/wp-json\/wp\/v2\/types\/product"}],"wp:featuredmedia":[{"embeddable":true,"href":"https:\/\/bracaravinum.pt\/en\/wp-json\/wp\/v2\/media\/19890"}],"wp:attachment":[{"href":"https:\/\/bracaravinum.pt\/en\/wp-json\/wp\/v2\/media?parent=19889"}],"wp:term":[{"taxonomy":"product_brand","embeddable":true,"href":"https:\/\/bracaravinum.pt\/en\/wp-json\/wp\/v2\/product_brand?post=19889"},{"taxonomy":"product_cat","embeddable":true,"href":"https:\/\/bracaravinum.pt\/en\/wp-json\/wp\/v2\/product_cat?post=19889"},{"taxonomy":"product_tag","embeddable":true,"href":"https:\/\/bracaravinum.pt\/en\/wp-json\/wp\/v2\/product_tag?post=19889"}],"curies":[{"name":"wp","href":"https:\/\/api.w.org\/{rel}","templated":true}]}}