{"id":19490,"date":"2024-11-27T17:19:17","date_gmt":"2024-11-27T17:19:17","guid":{"rendered":"https:\/\/bracaravinum.pt\/?post_type=product&#038;p=19490"},"modified":"2024-11-27T17:27:38","modified_gmt":"2024-11-27T17:27:38","slug":"cerro-do-santo-reserva-tinto-2017-75cl","status":"publish","type":"product","link":"https:\/\/bracaravinum.pt\/en\/product-2\/cerro-do-santo-reserva-tinto-2017-75cl\/","title":{"rendered":"Cerro do Santo Reserva Tinto 2017 75cl"},"content":{"rendered":"","protected":false},"excerpt":{"rendered":"<p>Este vinho \u00e9 o segundo vinho da Quinta do P\u00e9go \u2013 e, tal como o primeiro vinho, \u00e9 produzido pelo falecido en\u00f3logo sul-africano Wouter Pienaar.<\/p>\n<p>O vinho \u00e9 produzido a partir das castas Touriga Nacional, Toriga Franca, Tinta Roriz, Sous\u00e3o e Tinto C\u00e3o.<\/p>\n<p>Este vinho elegante foi envelhecido em barricas de carvalho franc\u00eas. Depois, o vinho foi envelhecido na garrafa antes de ser lan\u00e7ado.<\/p>\n<p>\u00c9 um vinho muito bom com uma atraente cor vermelha profunda. Este vinho tem uma intensidade de v\u00e1rios sabores de frutas e bagas, bem integrados com notas de carvalho. O sabor mostra uma boa estrutura de tanino e um final suave notavelmente elegante.<\/p>\n<p>Este vinho harmonioso e bem estruturado \u00e9 adequado para carne bovina, vitela, carne vermelha, ca\u00e7a e queijos.<\/p>\n<p>Este \u00e9 realmente um vinho tinto extraordin\u00e1rio, pronto para ser apreciado agora, mas que tamb\u00e9m melhora com o envelhecimento na garrafa e tem um bom potencial de matura\u00e7\u00e3o.<\/p>","protected":false},"featured_media":19491,"template":"","meta":{"_exactmetrics_skip_tracking":false,"_exactmetrics_sitenote_active":false,"_exactmetrics_sitenote_note":"","_exactmetrics_sitenote_category":0,"_uf_show_specific_survey":0,"_uf_disable_surveys":false,"iawp_total_views":181},"product_brand":[],"product_cat":[215,162,184,157],"product_tag":[],"class_list":{"0":"post-19490","1":"product","2":"type-product","3":"status-publish","4":"has-post-thumbnail","6":"product_cat-douro","7":"product_cat-raridades","8":"product_cat-tinto","9":"product_cat-vinhos","11":"first","12":"instock","13":"shipping-taxable","14":"purchasable","15":"product-type-simple"},"_links":{"self":[{"href":"https:\/\/bracaravinum.pt\/en\/wp-json\/wp\/v2\/product\/19490","targetHints":{"allow":["GET"]}}],"collection":[{"href":"https:\/\/bracaravinum.pt\/en\/wp-json\/wp\/v2\/product"}],"about":[{"href":"https:\/\/bracaravinum.pt\/en\/wp-json\/wp\/v2\/types\/product"}],"wp:featuredmedia":[{"embeddable":true,"href":"https:\/\/bracaravinum.pt\/en\/wp-json\/wp\/v2\/media\/19491"}],"wp:attachment":[{"href":"https:\/\/bracaravinum.pt\/en\/wp-json\/wp\/v2\/media?parent=19490"}],"wp:term":[{"taxonomy":"product_brand","embeddable":true,"href":"https:\/\/bracaravinum.pt\/en\/wp-json\/wp\/v2\/product_brand?post=19490"},{"taxonomy":"product_cat","embeddable":true,"href":"https:\/\/bracaravinum.pt\/en\/wp-json\/wp\/v2\/product_cat?post=19490"},{"taxonomy":"product_tag","embeddable":true,"href":"https:\/\/bracaravinum.pt\/en\/wp-json\/wp\/v2\/product_tag?post=19490"}],"curies":[{"name":"wp","href":"https:\/\/api.w.org\/{rel}","templated":true}]}}