{"id":19369,"date":"2024-11-06T18:32:06","date_gmt":"2024-11-06T18:32:06","guid":{"rendered":"https:\/\/bracaravinum.pt\/?post_type=product&#038;p=19369"},"modified":"2024-11-26T21:34:45","modified_gmt":"2024-11-26T21:34:45","slug":"titular-touriga-nacional-tinto-2013-75cl","status":"publish","type":"product","link":"https:\/\/bracaravinum.pt\/en\/product-2\/titular-touriga-nacional-tinto-2013-75cl\/","title":{"rendered":"Titular Touriga Nacional Tinto 2013 75cl"},"content":{"rendered":"<p><img fetchpriority=\"high\" decoding=\"async\" class=\"size-medium wp-image-15813 aligncenter\" src=\"http:\/\/bracaravinum.pt\/wp-content\/uploads\/2020\/04\/LOGO-Caminhos-cruzados-300x187.jpg\" alt=\"\" width=\"300\" height=\"187\" srcset=\"https:\/\/bracaravinum.pt\/wp-content\/uploads\/2020\/04\/LOGO-Caminhos-cruzados-300x187.jpg 300w, https:\/\/bracaravinum.pt\/wp-content\/uploads\/2020\/04\/LOGO-Caminhos-cruzados-1024x637.jpg 1024w, https:\/\/bracaravinum.pt\/wp-content\/uploads\/2020\/04\/LOGO-Caminhos-cruzados-768x478.jpg 768w, https:\/\/bracaravinum.pt\/wp-content\/uploads\/2020\/04\/LOGO-Caminhos-cruzados-18x12.jpg 18w, https:\/\/bracaravinum.pt\/wp-content\/uploads\/2020\/04\/LOGO-Caminhos-cruzados-600x373.jpg 600w, https:\/\/bracaravinum.pt\/wp-content\/uploads\/2020\/04\/LOGO-Caminhos-cruzados.jpg 1355w\" sizes=\"(max-width: 300px) 100vw, 300px\" \/><\/p>\n<p>Caminhos Cruzados was created by the initiative and will of the Santos family, born in Nelas, determined to return to their origins to invest in an old passion, D\u00e3o wine. Thus, a family company was born in 2012, run by L\u00edgia Santos, who exchanged Lisbon and law for wine and headed to Nelas to direct the project&#039;s fate. Its wines are made from grapes produced in-house and from selected producers, recognized for their quality and grape variety excellence, all in the D\u00e3o region.<\/p>\n<p>The company&#039;s philosophy is based on the production of quality wines, with an aspect of tradition combined with modernism and constant differentiation that the market demands, it is in this context that Caminhos Cruzados wines emerge as \u201cO Novo D\u00e3o?.<\/p>\n<p>The name comes from the family thought that life does not always follow straight paths and that, on the contrary, there are more atypical paths that take us to incredible places. The motto is that every time two paths cross, something fantastic can happen, as currently happens with family members, with different backgrounds and experiences, whose paths cross in the project.<\/p>\n<p>In 2015, Caminhos Cruzados was distinguished as \u201cBreakthrough Producer 2015? by Revista de Vinhos, providing yet another motivation to continue producing unique wines.<\/p>\n<p>The company (vineyards and winery) is located in the D\u00e3o area, more specifically in Nelas. In 2017, the new winery was inaugurated, with bold architecture and emerging from the Quinta da Teixuga vineyards. The Winery is inspired by the company logo, two lines that intersect and is perfectly integrated into the environment. It is aware of aesthetics and also sustainability and allows the practice of wine tourism.<\/p>\n<p>Produtor Revela\u00e7\u00e3o 2015, &#8220;Melhor de Portugal 2015&#8221;- Revista de Vinhos<\/p>","protected":false},"excerpt":{"rendered":"<p>A Caminhos Cruzados surge pela iniciativa e vontade da fam\u00edlia Santos, natural de Nelas, determinada a regressar \u00e0s suas origens para investir numa antiga paix\u00e3o, o vinho do D\u00e3o. Nasce, assim, em 2012 uma empresa familiar, dirigida por L\u00edgia Santos que troca Lisboa e a advocacia pelo vinho e ruma a Nelas para dirigir os [&hellip;]<\/p>","protected":false},"featured_media":19370,"template":"","meta":{"_exactmetrics_skip_tracking":false,"_exactmetrics_sitenote_active":false,"_exactmetrics_sitenote_note":"","_exactmetrics_sitenote_category":0,"_uf_show_specific_survey":0,"_uf_disable_surveys":false,"iawp_total_views":11},"product_brand":[],"product_cat":[162,157,184,187],"product_tag":[],"class_list":{"0":"post-19369","1":"product","2":"type-product","3":"status-publish","4":"has-post-thumbnail","6":"product_cat-raridades","7":"product_cat-vinhos","8":"product_cat-tinto","9":"product_cat-dao-tinto","11":"first","12":"instock","13":"shipping-taxable","14":"purchasable","15":"product-type-simple"},"_links":{"self":[{"href":"https:\/\/bracaravinum.pt\/en\/wp-json\/wp\/v2\/product\/19369","targetHints":{"allow":["GET"]}}],"collection":[{"href":"https:\/\/bracaravinum.pt\/en\/wp-json\/wp\/v2\/product"}],"about":[{"href":"https:\/\/bracaravinum.pt\/en\/wp-json\/wp\/v2\/types\/product"}],"wp:featuredmedia":[{"embeddable":true,"href":"https:\/\/bracaravinum.pt\/en\/wp-json\/wp\/v2\/media\/19370"}],"wp:attachment":[{"href":"https:\/\/bracaravinum.pt\/en\/wp-json\/wp\/v2\/media?parent=19369"}],"wp:term":[{"taxonomy":"product_brand","embeddable":true,"href":"https:\/\/bracaravinum.pt\/en\/wp-json\/wp\/v2\/product_brand?post=19369"},{"taxonomy":"product_cat","embeddable":true,"href":"https:\/\/bracaravinum.pt\/en\/wp-json\/wp\/v2\/product_cat?post=19369"},{"taxonomy":"product_tag","embeddable":true,"href":"https:\/\/bracaravinum.pt\/en\/wp-json\/wp\/v2\/product_tag?post=19369"}],"curies":[{"name":"wp","href":"https:\/\/api.w.org\/{rel}","templated":true}]}}