{"id":19270,"date":"2024-10-09T14:58:39","date_gmt":"2024-10-09T14:58:39","guid":{"rendered":"https:\/\/bracaravinum.pt\/?post_type=product&#038;p=19270"},"modified":"2025-10-07T11:26:04","modified_gmt":"2025-10-07T11:26:04","slug":"monte-sao-sebastiao-reserva-tinto-cx-3-garrafas-copia","status":"publish","type":"product","link":"https:\/\/bracaravinum.pt\/en\/product-2\/monte-sao-sebastiao-reserva-tinto-cx-3-garrafas-copia\/","title":{"rendered":"Monte S\u00e3o Sebasti\u00e3o Reserva Tinto Cx 3 Garrafas"},"content":{"rendered":"<p><img decoding=\"async\" class=\"wp-image-16570 aligncenter\" src=\"http:\/\/bracaravinum.pt\/wp-content\/uploads\/2022\/10\/monte-sao-sebastiao-logo-300x289.png\" alt=\"\" width=\"141\" height=\"136\" srcset=\"https:\/\/bracaravinum.pt\/wp-content\/uploads\/2022\/10\/monte-sao-sebastiao-logo-300x289.png 300w, https:\/\/bracaravinum.pt\/wp-content\/uploads\/2022\/10\/monte-sao-sebastiao-logo-12x12.png 12w, https:\/\/bracaravinum.pt\/wp-content\/uploads\/2022\/10\/monte-sao-sebastiao-logo.png 337w\" sizes=\"(max-width: 141px) 100vw, 141px\" \/><\/p>\n<p id=\"u2944-2\">Until around 1950, Quinta do Monte de S. Sebasti\u00e3o only consisted of several uncultivated plots of land. After that date, the owners of the time converted the land into vineyards with some terraces, planted an olive grove, almond grove and other associated fruit trees, as well as starting the construction of the house with wine presses, where the Quinta wine. Later, an annex was built for a still and also a small house that served as housing for the Quinta&#039;s caretaker.<\/p>\n<p>For the time, and due to its privileged location, abundant labor and material resources, Quinta do Monte de S. Sebasti\u00e3o could be considered a cutting-edge agricultural operation.<\/p>","protected":false},"excerpt":{"rendered":"<p>Monte S\u00e3o Sebasti\u00e3o Reserva tinto apresenta-se de cor rubi intenso, de aromas frescos e complexos, destacando as notas notas terci\u00e1rias da matura\u00e7\u00e3o prolongada em barrica. A tipicidade Duriense \u00e9 marcada pelos seus taninos firmes, robustos e estruturados, revelando um fim de boca vivo, persistente e frutado.<\/p>","protected":false},"featured_media":19267,"template":"","meta":{"_exactmetrics_skip_tracking":false,"_exactmetrics_sitenote_active":false,"_exactmetrics_sitenote_note":"","_exactmetrics_sitenote_category":0,"_uf_show_specific_survey":0,"_uf_disable_surveys":false,"iawp_total_views":15},"product_brand":[],"product_cat":[258,216,157,184,215],"product_tag":[],"class_list":{"0":"post-19270","1":"product","2":"type-product","3":"status-publish","4":"has-post-thumbnail","6":"product_cat-conjuntos-de-oferta","7":"product_cat-conjuntos","8":"product_cat-vinhos","9":"product_cat-tinto","10":"product_cat-douro","12":"first","13":"instock","14":"shipping-taxable","15":"purchasable","16":"product-type-simple"},"_links":{"self":[{"href":"https:\/\/bracaravinum.pt\/en\/wp-json\/wp\/v2\/product\/19270","targetHints":{"allow":["GET"]}}],"collection":[{"href":"https:\/\/bracaravinum.pt\/en\/wp-json\/wp\/v2\/product"}],"about":[{"href":"https:\/\/bracaravinum.pt\/en\/wp-json\/wp\/v2\/types\/product"}],"wp:featuredmedia":[{"embeddable":true,"href":"https:\/\/bracaravinum.pt\/en\/wp-json\/wp\/v2\/media\/19267"}],"wp:attachment":[{"href":"https:\/\/bracaravinum.pt\/en\/wp-json\/wp\/v2\/media?parent=19270"}],"wp:term":[{"taxonomy":"product_brand","embeddable":true,"href":"https:\/\/bracaravinum.pt\/en\/wp-json\/wp\/v2\/product_brand?post=19270"},{"taxonomy":"product_cat","embeddable":true,"href":"https:\/\/bracaravinum.pt\/en\/wp-json\/wp\/v2\/product_cat?post=19270"},{"taxonomy":"product_tag","embeddable":true,"href":"https:\/\/bracaravinum.pt\/en\/wp-json\/wp\/v2\/product_tag?post=19270"}],"curies":[{"name":"wp","href":"https:\/\/api.w.org\/{rel}","templated":true}]}}