{"id":18444,"date":"2023-12-13T08:55:11","date_gmt":"2023-12-13T08:55:11","guid":{"rendered":"https:\/\/bracaravinum.pt\/?post_type=product&#038;p=18444"},"modified":"2024-10-29T18:25:45","modified_gmt":"2024-10-29T18:25:45","slug":"porto-calem-vintage-1996-75cl","status":"publish","type":"product","link":"https:\/\/bracaravinum.pt\/en\/product-2\/porto-calem-vintage-1996-75cl\/","title":{"rendered":"Porto C\u00e1lem Vintage 1996 75cl"},"content":{"rendered":"<p><img decoding=\"async\" class=\"size-full wp-image-15180 aligncenter\" src=\"http:\/\/bracaravinum.pt\/wp-content\/uploads\/2022\/02\/calem-logo.png\" alt=\"\" width=\"300\" height=\"113\" \/><\/p>\n<p>C\u00e1lem&#039;s profile positions it as a true ambassador brand for Porto. Extremely popular, with a relaxed, adventurous and consensual spirit, this brand has the undisputed leadership of the Portuguese market. But the open and easy-to-appreciate nature of the wines helped C\u00e1lem conquer several other foreign markets. With a reputation that spans generations, for many, talking about C\u00e1lem is talking about Port Wine.<\/p>\n<p>\u201cC\u00e1lem was founded in 1859 by Ant\u00f3nio Alves C\u00e1lem, who took good advantage of the liberal trade regime in the Douro region\u201d.<\/p>","protected":false},"excerpt":{"rendered":"<p>O perfil da C\u00e1lem posiciona-a como uma verdadeira marca embaixadora do Porto. Extremamente popular, com um esp\u00edrito descontra\u00eddo, aventureiro e consensual, esta marca tem a lideran\u00e7a incontest\u00e1vel do mercado portugu\u00eas. Mas o car\u00e1cter aberto e de f\u00e1cil aprecia\u00e7\u00e3o dos vinhos ajudou a C\u00e1lem a conquistar v\u00e1rios outros mercados externos. Com uma reputa\u00e7\u00e3o que atravessa gera\u00e7\u00f5es, [&hellip;]<\/p>","protected":false},"featured_media":18445,"template":"","meta":{"_exactmetrics_skip_tracking":false,"_exactmetrics_sitenote_active":false,"_exactmetrics_sitenote_note":"","_exactmetrics_sitenote_category":0,"_uf_show_specific_survey":0,"_uf_disable_surveys":false,"iawp_total_views":59},"product_brand":[],"product_cat":[162,159,168],"product_tag":[],"class_list":{"0":"post-18444","1":"product","2":"type-product","3":"status-publish","4":"has-post-thumbnail","6":"product_cat-raridades","7":"product_cat-portos","8":"product_cat-vintage","10":"first","11":"instock","12":"shipping-taxable","13":"purchasable","14":"product-type-simple"},"_links":{"self":[{"href":"https:\/\/bracaravinum.pt\/en\/wp-json\/wp\/v2\/product\/18444","targetHints":{"allow":["GET"]}}],"collection":[{"href":"https:\/\/bracaravinum.pt\/en\/wp-json\/wp\/v2\/product"}],"about":[{"href":"https:\/\/bracaravinum.pt\/en\/wp-json\/wp\/v2\/types\/product"}],"wp:featuredmedia":[{"embeddable":true,"href":"https:\/\/bracaravinum.pt\/en\/wp-json\/wp\/v2\/media\/18445"}],"wp:attachment":[{"href":"https:\/\/bracaravinum.pt\/en\/wp-json\/wp\/v2\/media?parent=18444"}],"wp:term":[{"taxonomy":"product_brand","embeddable":true,"href":"https:\/\/bracaravinum.pt\/en\/wp-json\/wp\/v2\/product_brand?post=18444"},{"taxonomy":"product_cat","embeddable":true,"href":"https:\/\/bracaravinum.pt\/en\/wp-json\/wp\/v2\/product_cat?post=18444"},{"taxonomy":"product_tag","embeddable":true,"href":"https:\/\/bracaravinum.pt\/en\/wp-json\/wp\/v2\/product_tag?post=18444"}],"curies":[{"name":"wp","href":"https:\/\/api.w.org\/{rel}","templated":true}]}}