{"id":18137,"date":"2023-11-10T16:59:53","date_gmt":"2023-11-10T16:59:53","guid":{"rendered":"https:\/\/bracaravinum.pt\/?post_type=product&#038;p=18137"},"modified":"2025-10-07T11:26:35","modified_gmt":"2025-10-07T11:26:35","slug":"pacheca-reserva-vinhas-velhas-tinto-2021-magnum-15l","status":"publish","type":"product","link":"https:\/\/bracaravinum.pt\/en\/product-2\/pacheca-reserva-vinhas-velhas-tinto-2021-magnum-15l\/","title":{"rendered":"Pacheca Reserva Vinhas Velhas Tinto 2021 Magnum 1,5L"},"content":{"rendered":"<p>\u03c4<img decoding=\"async\" class=\"size-full wp-image-15359 aligncenter\" src=\"http:\/\/bracaravinum.pt\/wp-content\/uploads\/2022\/02\/pacheca-logo.jpg\" alt=\"\" width=\"295\" height=\"134\" \/><\/p>\n<p>Quinta da Pacheca, one of the best-known farms in the Douro region, was also one of the first properties to bottle wine under its own brand. It is mentioned for the first time in a document dated April 1738, where it is referred to as \u201cPacheca\u201d, as it is owned by D. Mariana Pacheco Pereira. But it was only in 1903, when D. Jos\u00e9 Freire de Serpa Pimentel decided to develop his interest in oenology, that he bought the farm and began to seriously dedicate himself to the risky business of winemaking. Today, a century and many successes later, a new generation of the Serpa Pimentel family.<\/p>","protected":false},"excerpt":{"rendered":"<p><span style=\"color: #800000;\">Com cx individual em madeira<\/span><\/p>\n<p>Pacheca Vinhas Velhas revela boa intensidade arom\u00e1tica, muito complexa com notas elegantes de chocolate e frutas pretas, como mirtilo e amora. \u00c9 muito equilibrado na boca com pr\u00e9-ent taninos e madeira bem integrada, acabamento longo e persistente.<\/p>\n<p>18 meses em barris de carvalho franc\u00eas de novo e 2\u00ba ano<\/p>","protected":false},"featured_media":9027,"template":"","meta":{"_exactmetrics_skip_tracking":false,"_exactmetrics_sitenote_active":false,"_exactmetrics_sitenote_note":"","_exactmetrics_sitenote_category":0,"_uf_show_specific_survey":0,"_uf_disable_surveys":false,"iawp_total_views":109},"product_brand":[],"product_cat":[216,258,215,184,157],"product_tag":[],"class_list":{"0":"post-18137","1":"product","2":"type-product","3":"status-publish","4":"has-post-thumbnail","6":"product_cat-conjuntos","7":"product_cat-conjuntos-de-oferta","8":"product_cat-douro","9":"product_cat-tinto","10":"product_cat-vinhos","12":"first","13":"instock","14":"shipping-taxable","15":"purchasable","16":"product-type-simple"},"_links":{"self":[{"href":"https:\/\/bracaravinum.pt\/en\/wp-json\/wp\/v2\/product\/18137","targetHints":{"allow":["GET"]}}],"collection":[{"href":"https:\/\/bracaravinum.pt\/en\/wp-json\/wp\/v2\/product"}],"about":[{"href":"https:\/\/bracaravinum.pt\/en\/wp-json\/wp\/v2\/types\/product"}],"wp:featuredmedia":[{"embeddable":true,"href":"https:\/\/bracaravinum.pt\/en\/wp-json\/wp\/v2\/media\/9027"}],"wp:attachment":[{"href":"https:\/\/bracaravinum.pt\/en\/wp-json\/wp\/v2\/media?parent=18137"}],"wp:term":[{"taxonomy":"product_brand","embeddable":true,"href":"https:\/\/bracaravinum.pt\/en\/wp-json\/wp\/v2\/product_brand?post=18137"},{"taxonomy":"product_cat","embeddable":true,"href":"https:\/\/bracaravinum.pt\/en\/wp-json\/wp\/v2\/product_cat?post=18137"},{"taxonomy":"product_tag","embeddable":true,"href":"https:\/\/bracaravinum.pt\/en\/wp-json\/wp\/v2\/product_tag?post=18137"}],"curies":[{"name":"wp","href":"https:\/\/api.w.org\/{rel}","templated":true}]}}