{"id":18069,"date":"2023-11-04T16:50:37","date_gmt":"2023-11-04T16:50:37","guid":{"rendered":"https:\/\/bracaravinum.pt\/?post_type=product&#038;p=18069"},"modified":"2025-10-07T11:26:35","modified_gmt":"2025-10-07T11:26:35","slug":"herdade-do-sobroso-arche-tinto-2021-75cl","status":"publish","type":"product","link":"https:\/\/bracaravinum.pt\/en\/product-2\/herdade-do-sobroso-arche-tinto-2021-75cl\/","title":{"rendered":"Herdade do Sobroso Arch\u00e9 Tinto 2021 75cl"},"content":{"rendered":"<p><img fetchpriority=\"high\" decoding=\"async\" class=\"size-medium wp-image-15461 aligncenter\" src=\"http:\/\/bracaravinum.pt\/wp-content\/uploads\/2022\/02\/sobroso-logo-300x212.jpg\" alt=\"\" width=\"300\" height=\"212\" srcset=\"https:\/\/bracaravinum.pt\/wp-content\/uploads\/2022\/02\/sobroso-logo-300x212.jpg 300w, https:\/\/bracaravinum.pt\/wp-content\/uploads\/2022\/02\/sobroso-logo-1024x724.jpg 1024w, https:\/\/bracaravinum.pt\/wp-content\/uploads\/2022\/02\/sobroso-logo-768x543.jpg 768w, https:\/\/bracaravinum.pt\/wp-content\/uploads\/2022\/02\/sobroso-logo-1536x1086.jpg 1536w, https:\/\/bracaravinum.pt\/wp-content\/uploads\/2022\/02\/sobroso-logo-600x424.jpg 600w, https:\/\/bracaravinum.pt\/wp-content\/uploads\/2022\/02\/sobroso-logo.jpg 1754w\" sizes=\"(max-width: 300px) 100vw, 300px\" \/><\/p>\n<p>Em 1519 o rei D. Manuel I atribuia o t\u00edtulo de conde da Vidigueira a Vasco da Gama. Ser\u00e1 no sossego desta bonita vila alentejana. entre searas, sobreiros, oliveiras e vinhas que o homem que descobriu o caminho mar\u00edtimo para a \u00cdndia vivera feliz com a sua fam\u00edlia durante alguns anos.<\/p>\n<p>A Herdade do Sobroso faz parte desta paisagem \u00edmpar, povoada de reminisc\u00eancias hist\u00f3ricas e patrimoniais, agora fortemente marcada pela proximidade do maior lago artificial da Europa, a Barragem de Alqueva<\/p>\n<p>Inserida numa regi\u00e3o conhecida pela sua rica gastronomia e pelos doces conventuais, o restaurante da Herdade do Sobroso Country House n\u00e3o deixa os cr\u00e9ditos por m\u00e3os alheias. Aqui a ementa \u00e9 rica em produtos da terra e variada. Dif\u00edcil ser\u00e1 a escolha entre os mil e um pratos que desde \u00e0 varios anos consecutivos arrecadam pr\u00e9mios em prestigiados concursos de gastronomia.<\/p>","protected":false},"excerpt":{"rendered":"<p>Castas: Cabernet Sauvignon, Alicante Bouschet, Syrah e Touriga Nacional<\/p>\n<p>12 meses em pipos novos de 500 lts Carvalho Franc\u00eas, seguido de 12 meses em garrafa.<\/p>\n<p>Aroma mentolado, com frutos de bosque compotados. Na boca \u00e9 equilibrado, elegante, com taninos aveludados e final de boca intenso e persistente.<\/p>","protected":false},"featured_media":18073,"template":"","meta":{"_exactmetrics_skip_tracking":false,"_exactmetrics_sitenote_active":false,"_exactmetrics_sitenote_note":"","_exactmetrics_sitenote_category":0,"_uf_show_specific_survey":0,"_uf_disable_surveys":false,"iawp_total_views":39},"product_brand":[],"product_cat":[207,216,258,201,184,157],"product_tag":[],"class_list":{"0":"post-18069","1":"product","2":"type-product","3":"status-publish","4":"has-post-thumbnail","6":"product_cat-alentejo","7":"product_cat-conjuntos","8":"product_cat-conjuntos-de-oferta","9":"product_cat-grandes-vinhos","10":"product_cat-tinto","11":"product_cat-vinhos","13":"first","14":"instock","15":"shipping-taxable","16":"purchasable","17":"product-type-simple"},"_links":{"self":[{"href":"https:\/\/bracaravinum.pt\/en\/wp-json\/wp\/v2\/product\/18069","targetHints":{"allow":["GET"]}}],"collection":[{"href":"https:\/\/bracaravinum.pt\/en\/wp-json\/wp\/v2\/product"}],"about":[{"href":"https:\/\/bracaravinum.pt\/en\/wp-json\/wp\/v2\/types\/product"}],"wp:featuredmedia":[{"embeddable":true,"href":"https:\/\/bracaravinum.pt\/en\/wp-json\/wp\/v2\/media\/18073"}],"wp:attachment":[{"href":"https:\/\/bracaravinum.pt\/en\/wp-json\/wp\/v2\/media?parent=18069"}],"wp:term":[{"taxonomy":"product_brand","embeddable":true,"href":"https:\/\/bracaravinum.pt\/en\/wp-json\/wp\/v2\/product_brand?post=18069"},{"taxonomy":"product_cat","embeddable":true,"href":"https:\/\/bracaravinum.pt\/en\/wp-json\/wp\/v2\/product_cat?post=18069"},{"taxonomy":"product_tag","embeddable":true,"href":"https:\/\/bracaravinum.pt\/en\/wp-json\/wp\/v2\/product_tag?post=18069"}],"curies":[{"name":"wp","href":"https:\/\/api.w.org\/{rel}","templated":true}]}}