{"id":17767,"date":"2023-07-27T15:22:55","date_gmt":"2023-07-27T15:22:55","guid":{"rendered":"https:\/\/bracaravinum.pt\/?post_type=product&#038;p=17767"},"modified":"2026-04-01T14:59:02","modified_gmt":"2026-04-01T14:59:02","slug":"mirabilis-grande-reserva-branco","status":"publish","type":"product","link":"https:\/\/bracaravinum.pt\/en\/produto\/mirabilis-grande-reserva-branco\/","title":{"rendered":"Mirabilis Grande Reserva Branco 2023 75cl"},"content":{"rendered":"<div class=\"page-title\">\n<p class=\"h2\"><img decoding=\"async\" class=\"size-medium wp-image-15436 aligncenter\" src=\"http:\/\/bracaravinum.pt\/wp-content\/uploads\/2022\/02\/quinta-nova-logo-300x158.png\" alt=\"\" width=\"300\" height=\"158\" srcset=\"https:\/\/bracaravinum.pt\/wp-content\/uploads\/2022\/02\/quinta-nova-logo-300x158.png 300w, https:\/\/bracaravinum.pt\/wp-content\/uploads\/2022\/02\/quinta-nova-logo-1024x539.png 1024w, https:\/\/bracaravinum.pt\/wp-content\/uploads\/2022\/02\/quinta-nova-logo-768x404.png 768w, https:\/\/bracaravinum.pt\/wp-content\/uploads\/2022\/02\/quinta-nova-logo-1536x808.png 1536w, https:\/\/bracaravinum.pt\/wp-content\/uploads\/2022\/02\/quinta-nova-logo-600x316.png 600w, https:\/\/bracaravinum.pt\/wp-content\/uploads\/2022\/02\/quinta-nova-logo.png 1583w\" sizes=\"(max-width: 300px) 100vw, 300px\" \/><\/p>\n<p class=\"h2\">With a bi-centenary history, Quinta Nova de Nossa Senhora do Carmo extends over 120 ha of land, dating back to the first Pombaline demarcation in 1756.<\/p>\n<\/div>\n<div class=\"xms-text big-text\">\n<p>Harmoniously integrated into one of the property&#039;s hills is the original wine cellar, dating from 1764, and the 19th century manor house with the chapel (1765).<\/p>\n<p>Having been owned by the Portuguese Royal House until 1725, it became a \u201cnew farm\u201d by joining two farms into one. During the 18th and 19th centuries, several Portuguese families lived here who gave life to the vineyard and wine, the fruit orchards, the watermill next to the old olive grove and the river that runs through the farm, at an important time in Douro agriculture.<\/p>\n<\/div>","protected":false},"excerpt":{"rendered":"<p>Castas: Viosinho, Gouveio, vinhas velhas<\/p>\n<p>De apar\u00eancia brilhante, uma bela cor c\u00edtrica com reflexos verdes. No nariz revela uma complexidade incomum, aromas de frutas brancas com notas de granito mineral, baunilha e cravo. Na boca, uma mistura de sensa\u00e7\u00f5es e intensa acidez, estrutura s\u00f3lida, textura linear e concentra\u00e7\u00e3o, resultando em um vinho muito complexo e intenso. Final longo, vinho preciso e persistente, focado e transl\u00facido.<\/p>\n<p>&nbsp;<\/p>","protected":false},"featured_media":8993,"template":"","meta":{"_exactmetrics_skip_tracking":false,"_exactmetrics_sitenote_active":false,"_exactmetrics_sitenote_note":"","_exactmetrics_sitenote_category":0,"_uf_show_specific_survey":0,"_uf_disable_surveys":false,"iawp_total_views":292},"product_brand":[],"product_cat":[185,188,201,162,157],"product_tag":[],"class_list":{"0":"post-17767","1":"product","2":"type-product","3":"status-publish","4":"has-post-thumbnail","6":"product_cat-branco","7":"product_cat-douro-branco","8":"product_cat-grandes-vinhos","9":"product_cat-raridades","10":"product_cat-vinhos","12":"first","13":"instock","14":"shipping-taxable","15":"purchasable","16":"product-type-simple"},"_links":{"self":[{"href":"https:\/\/bracaravinum.pt\/en\/wp-json\/wp\/v2\/product\/17767","targetHints":{"allow":["GET"]}}],"collection":[{"href":"https:\/\/bracaravinum.pt\/en\/wp-json\/wp\/v2\/product"}],"about":[{"href":"https:\/\/bracaravinum.pt\/en\/wp-json\/wp\/v2\/types\/product"}],"wp:featuredmedia":[{"embeddable":true,"href":"https:\/\/bracaravinum.pt\/en\/wp-json\/wp\/v2\/media\/8993"}],"wp:attachment":[{"href":"https:\/\/bracaravinum.pt\/en\/wp-json\/wp\/v2\/media?parent=17767"}],"wp:term":[{"taxonomy":"product_brand","embeddable":true,"href":"https:\/\/bracaravinum.pt\/en\/wp-json\/wp\/v2\/product_brand?post=17767"},{"taxonomy":"product_cat","embeddable":true,"href":"https:\/\/bracaravinum.pt\/en\/wp-json\/wp\/v2\/product_cat?post=17767"},{"taxonomy":"product_tag","embeddable":true,"href":"https:\/\/bracaravinum.pt\/en\/wp-json\/wp\/v2\/product_tag?post=17767"}],"curies":[{"name":"wp","href":"https:\/\/api.w.org\/{rel}","templated":true}]}}