{"id":17427,"date":"2023-03-10T17:12:14","date_gmt":"2023-03-10T17:12:14","guid":{"rendered":"https:\/\/bracaravinum.pt\/?post_type=product&#038;p=17427"},"modified":"2024-10-08T11:38:12","modified_gmt":"2024-10-08T11:38:12","slug":"odyssey-grande-reserve-red-75cl","status":"publish","type":"product","link":"https:\/\/bracaravinum.pt\/en\/product-2\/odyssey-grande-reserve-red-75cl\/","title":{"rendered":"Odisseia Grande Reserva Tinto 2020 75cl"},"content":{"rendered":"<p><img decoding=\"async\" class=\"size-medium wp-image-17418 aligncenter\" src=\"http:\/\/bracaravinum.pt\/wp-content\/uploads\/2023\/03\/Simbolo_JHG-odisseia-logo-300x90.png\" alt=\"\" width=\"300\" height=\"90\" srcset=\"https:\/\/bracaravinum.pt\/wp-content\/uploads\/2023\/03\/Simbolo_JHG-odisseia-logo-300x90.png 300w, https:\/\/bracaravinum.pt\/wp-content\/uploads\/2023\/03\/Simbolo_JHG-odisseia-logo-18x5.png 18w, https:\/\/bracaravinum.pt\/wp-content\/uploads\/2023\/03\/Simbolo_JHG-odisseia-logo.png 500w\" sizes=\"(max-width: 300px) 100vw, 300px\" \/><\/p>\n<p>It was in 2004 that the first ODISSEIA wines were produced. But Jean-Hugues Gros had already been working in the Douro since 1999.<\/p>\n<p>He found wine potential in this region that allowed him to develop a diversity of terroir, elegant and versatile wines.<\/p>\n<p>After completing the oenology course and several internships in Burgundy in 1992, Jean-Hugues Gros had the unique opportunity to spend 16 months at Sandeman, in Porto. And that was how the discovery of Port wines, the enchanting Douro region and its wines began.<\/p>\n<p>After some more experiences in California and Champagne, the definitive return was in 1999 to work at Quinta do Convento de S\u00e3o Pedro das \u00c1guias, a small Port wine company located next to the T\u00e1vora river, near Tabua\u00e7o. Today, Jean-Hugues is a producer and also a winemaking consultant for several Quintas do Douro.<\/p>\n<p>&nbsp;<\/p>","protected":false},"excerpt":{"rendered":"<p>Grande Reserva is only produced in the best years, when weather conditions allow the grapes to reach exceptional quality. Following the harvest, the batch is made up of the best wines from Touriga Franca, Touriga Nacional and Tinta Roriz and will age in new 500 liter French oak casks for 12 months.<\/p>\n<p>The wine is concentrated, of great complexity and with high aging potential.<\/p>","protected":false},"featured_media":17428,"template":"","meta":{"_exactmetrics_skip_tracking":false,"_exactmetrics_sitenote_active":false,"_exactmetrics_sitenote_note":"","_exactmetrics_sitenote_category":0,"_uf_show_specific_survey":0,"_uf_disable_surveys":false,"iawp_total_views":119},"product_brand":[],"product_cat":[215,184,157],"product_tag":[],"class_list":{"0":"post-17427","1":"product","2":"type-product","3":"status-publish","4":"has-post-thumbnail","6":"product_cat-douro","7":"product_cat-tinto","8":"product_cat-vinhos","10":"first","11":"instock","12":"shipping-taxable","13":"purchasable","14":"product-type-simple"},"_links":{"self":[{"href":"https:\/\/bracaravinum.pt\/en\/wp-json\/wp\/v2\/product\/17427","targetHints":{"allow":["GET"]}}],"collection":[{"href":"https:\/\/bracaravinum.pt\/en\/wp-json\/wp\/v2\/product"}],"about":[{"href":"https:\/\/bracaravinum.pt\/en\/wp-json\/wp\/v2\/types\/product"}],"wp:featuredmedia":[{"embeddable":true,"href":"https:\/\/bracaravinum.pt\/en\/wp-json\/wp\/v2\/media\/17428"}],"wp:attachment":[{"href":"https:\/\/bracaravinum.pt\/en\/wp-json\/wp\/v2\/media?parent=17427"}],"wp:term":[{"taxonomy":"product_brand","embeddable":true,"href":"https:\/\/bracaravinum.pt\/en\/wp-json\/wp\/v2\/product_brand?post=17427"},{"taxonomy":"product_cat","embeddable":true,"href":"https:\/\/bracaravinum.pt\/en\/wp-json\/wp\/v2\/product_cat?post=17427"},{"taxonomy":"product_tag","embeddable":true,"href":"https:\/\/bracaravinum.pt\/en\/wp-json\/wp\/v2\/product_tag?post=17427"}],"curies":[{"name":"wp","href":"https:\/\/api.w.org\/{rel}","templated":true}]}}