{"id":17374,"date":"2023-03-02T17:49:55","date_gmt":"2023-03-02T17:49:55","guid":{"rendered":"https:\/\/bracaravinum.pt\/?post_type=product&#038;p=17374"},"modified":"2023-10-21T08:48:56","modified_gmt":"2023-10-21T08:48:56","slug":"elevage-branco-2021-75cl","status":"publish","type":"product","link":"https:\/\/bracaravinum.pt\/en\/product-2\/elevage-branco-2021-75cl\/","title":{"rendered":"\u00c9levage White 2021 75cl"},"content":{"rendered":"<p><img fetchpriority=\"high\" decoding=\"async\" class=\"size-medium wp-image-15461 aligncenter\" src=\"http:\/\/bracaravinum.pt\/wp-content\/uploads\/2022\/02\/sobroso-logo-300x212.jpg\" alt=\"\" width=\"300\" height=\"212\" srcset=\"https:\/\/bracaravinum.pt\/wp-content\/uploads\/2022\/02\/sobroso-logo-300x212.jpg 300w, https:\/\/bracaravinum.pt\/wp-content\/uploads\/2022\/02\/sobroso-logo-1024x724.jpg 1024w, https:\/\/bracaravinum.pt\/wp-content\/uploads\/2022\/02\/sobroso-logo-768x543.jpg 768w, https:\/\/bracaravinum.pt\/wp-content\/uploads\/2022\/02\/sobroso-logo-1536x1086.jpg 1536w, https:\/\/bracaravinum.pt\/wp-content\/uploads\/2022\/02\/sobroso-logo-600x424.jpg 600w, https:\/\/bracaravinum.pt\/wp-content\/uploads\/2022\/02\/sobroso-logo.jpg 1754w\" sizes=\"(max-width: 300px) 100vw, 300px\" \/><\/p>\n<p>Em 1519 o rei D. Manuel I atribu\u00eda o t\u00edtulo de conde da Vidigueira a Vasco da Gama. Ser\u00e1 no sossego desta bonita vila alentejana. entre searas, sobreiros, oliveiras e vinhas que o homem que descobriu o caminho mar\u00edtimo para a \u00cdndia vivera feliz com a sua fam\u00edlia durante alguns anos.<\/p>\n<p>A Herdade do Sobroso faz parte desta paisagem \u00edmpar, povoada de reminisc\u00eancias hist\u00f3ricas e patrimoniais, agora fortemente marcada pela proximidade do maior lago artificial da Europa, a Barragem de Alqueva<\/p>\n<p>Inserida numa regi\u00e3o conhecida pela sua rica gastronomia e pelos doces conventuais, o restaurante da Herdade do Sobroso Country House n\u00e3o deixa os cr\u00e9ditos por m\u00e3os alheias. Aqui a ementa \u00e9 rica em produtos da terra e variada. Dif\u00edcil ser\u00e1 a escolha entre os mil e um pratos que desde \u00e0 v\u00e1rios anos consecutivos arrecadam pr\u00e9mios em prestigiados concursos de gastronomia.<\/p>","protected":false},"excerpt":{"rendered":"<p>Castas: Ant\u00e3o Vaz e Perrum<\/p>\n<p>Vindima manual e vinifica\u00e7\u00e3o em lote das melhores uvas de Ant\u00e3o vaz e Perrum com temperatura controlada seguida de est\u00e1gio de 12 meses em \u00e2nfora com battonage.<\/p>\n<p>Aroma profundo e delicado com predomin\u00e2ncia de flor de citrino e xarope de \u00e1cer, compondo um conjunto ex\u00f3tico. Na boca revela-se fresco e mineral com elegantes notas frutadas. Apaixonante e sedoso.<\/p>","protected":false},"featured_media":9318,"template":"","meta":{"_exactmetrics_skip_tracking":false,"_exactmetrics_sitenote_active":false,"_exactmetrics_sitenote_note":"","_exactmetrics_sitenote_category":0,"_uf_show_specific_survey":0,"_uf_disable_surveys":false,"iawp_total_views":22},"product_brand":[],"product_cat":[189,185,201,157],"product_tag":[],"class_list":{"0":"post-17374","1":"product","2":"type-product","3":"status-publish","4":"has-post-thumbnail","6":"product_cat-alentejo-branco","7":"product_cat-branco","8":"product_cat-grandes-vinhos","9":"product_cat-vinhos","11":"first","12":"instock","13":"shipping-taxable","14":"purchasable","15":"product-type-simple"},"_links":{"self":[{"href":"https:\/\/bracaravinum.pt\/en\/wp-json\/wp\/v2\/product\/17374","targetHints":{"allow":["GET"]}}],"collection":[{"href":"https:\/\/bracaravinum.pt\/en\/wp-json\/wp\/v2\/product"}],"about":[{"href":"https:\/\/bracaravinum.pt\/en\/wp-json\/wp\/v2\/types\/product"}],"wp:featuredmedia":[{"embeddable":true,"href":"https:\/\/bracaravinum.pt\/en\/wp-json\/wp\/v2\/media\/9318"}],"wp:attachment":[{"href":"https:\/\/bracaravinum.pt\/en\/wp-json\/wp\/v2\/media?parent=17374"}],"wp:term":[{"taxonomy":"product_brand","embeddable":true,"href":"https:\/\/bracaravinum.pt\/en\/wp-json\/wp\/v2\/product_brand?post=17374"},{"taxonomy":"product_cat","embeddable":true,"href":"https:\/\/bracaravinum.pt\/en\/wp-json\/wp\/v2\/product_cat?post=17374"},{"taxonomy":"product_tag","embeddable":true,"href":"https:\/\/bracaravinum.pt\/en\/wp-json\/wp\/v2\/product_tag?post=17374"}],"curies":[{"name":"wp","href":"https:\/\/api.w.org\/{rel}","templated":true}]}}