{"id":16150,"date":"2022-06-07T11:52:03","date_gmt":"2022-06-07T11:52:03","guid":{"rendered":"https:\/\/bracaravinum.pt\/?post_type=product&#038;p=16150"},"modified":"2026-03-03T17:10:19","modified_gmt":"2026-03-03T17:10:19","slug":"quanta-terra-grande-reserva-branco-2019-75cl","status":"publish","type":"product","link":"https:\/\/bracaravinum.pt\/en\/product-2\/quanta-terra-grande-reserva-branco-2019-75cl\/","title":{"rendered":"Quanta Terra Grande Reserva White 2019 75cl"},"content":{"rendered":"<div><img decoding=\"async\" class=\"size-full wp-image-16455 aligncenter\" src=\"http:\/\/bracaravinum.pt\/wp-content\/uploads\/2022\/06\/Qt_logo-quanta-terra.png\" alt=\"\" width=\"132\" height=\"25\" srcset=\"https:\/\/bracaravinum.pt\/wp-content\/uploads\/2022\/06\/Qt_logo-quanta-terra.png 132w, https:\/\/bracaravinum.pt\/wp-content\/uploads\/2022\/06\/Qt_logo-quanta-terra-18x3.png 18w\" sizes=\"(max-width: 132px) 100vw, 132px\" \/><\/div>\n<div><\/div>\n<div>Both Celso Pereira and Jorge Alves could have the nickname &#039;Quanta Terra&#039;, if they weren&#039;t the personification of the wine brand that this year celebrates its first 20 years of existence.<\/div>\n<div>More than riding on the back of a passionate passion of each of those responsible, Quanta Terra began to take its first steps (and without knowing it) in the distant 90s, where the two main actors met while collaborating in the Department of Enology in the Transmontanas Cellars.<\/div>\n<div>They quickly developed a professional complicity that would allow them to create a solid foundation for Quanta Terra, which, at the time, was just a mirage \u2013 or a sketch in a paper notebook, the reader chooses the analogy that best suits him in the context.<\/div>\n<div>One day they thought it was time to materialize the idea into something concrete. They joined hands with the creation of wine and set out across the Cima Corgo and Douro Superior in search of excellent soils and vineyards. For two years they studied grape varieties, grafts, altitudes and exposures. As they cut options, the draft became more than an idea.<\/div>\n<div>\n<div class=\"vc_col-sm-12 vc_col-lg-offset-2 vc_col-lg-4 vc_col-md-offset-2 vc_col-md-4 wpb_column column_container vc_column_container col no-extra-padding instance-4\" data-border-radius=\"none\" data-shadow=\"none\" data-border-animation=\"\" data-border-animation-delay=\"\" data-border-width=\"none\" data-border-style=\"solid\" data-border-color=\"\" data-bg-cover=\"\" data-padding-pos=\"all\" data-has-bg-color=\"false\" data-bg-color=\"\" data-bg-opacity=\"1\" data-hover-bg=\"\" data-hover-bg-opacity=\"1\" data-animation=\"\" data-delay=\"0\">\n<div class=\"vc_column-inner\">\n<div class=\"wpb_wrapper\">\n<div class=\"wpb_text_column wpb_content_element\">\n<div class=\"wpb_wrapper\">\n<p>Finally, they were faced with a decision: heads or tails.<br \/>\nTwo properties filled their dimensions. It was heads\u2026 and tails, as the chosen Quinta \u2013 Quinta do Tralh\u00e3o \u2013 is the face of this producer and the crown of the incredible wines produced there.<\/p>\n<p>With an average elevation of 215 m and southwest exposure, the Quinta had, at the time, 30 ha of which 12 ha were vineyards over two decades old. It looked perfect. But everything good has a price to pay. The vineyards were in a general state of abandonment, which required complete restructuring.<\/p>\n<\/div>\n<\/div>\n<\/div>\n<\/div>\n<\/div>\n<div class=\"vc_col-sm-12 vc_col-lg-4 vc_col-md-4 wpb_column column_container vc_column_container col no-extra-padding instance-5\" data-border-radius=\"none\" data-shadow=\"none\" data-border-animation=\"\" data-border-animation-delay=\"\" data-border-width=\"none\" data-border-style=\"solid\" data-border-color=\"\" data-bg-cover=\"\" data-padding-pos=\"all\" data-has-bg-color=\"false\" data-bg-color=\"\" data-bg-opacity=\"1\" data-hover-bg=\"\" data-hover-bg-opacity=\"1\" data-animation=\"\" data-delay=\"0\">\n<div class=\"vc_column-inner\">\n<div class=\"wpb_wrapper\">\n<div class=\"wpb_text_column wpb_content_element\">\n<div class=\"wpb_wrapper\">\n<p>The millennium was ending when, finally, Celso and Jorge established the company Quanta Terra, Lda.<\/p>\n<p>Visionaries, with a project of high potential, but without the financial means to carry out Tralh\u00e3o, the two winemakers agreed on their intentions and proposed a share to M\u00e1rio Joaquim, owner of the property that had belonged to his family for several generations. The die was cast.<\/p>\n<\/div>\n<\/div>\n<\/div>\n<\/div>\n<\/div>\n<\/div>","protected":false},"excerpt":{"rendered":"<p>Tanto Celso Pereira como Jorge Alves poderiam ter como apelido \u2018Quanta Terra\u2019, n\u00e3o fossem eles pr\u00f3prios a personifica\u00e7\u00e3o da marca de vinhos que este ano completa os seus primeiros 20 anos de exist\u00eancia. Mais do que andar \u00e0s costas de uma paix\u00e3o assolada de cada um dos respons\u00e1veis, o Quanta Terra come\u00e7ou a dar os [&hellip;]<\/p>","protected":false},"featured_media":16151,"template":"","meta":{"_exactmetrics_skip_tracking":false,"_exactmetrics_sitenote_active":false,"_exactmetrics_sitenote_note":"","_exactmetrics_sitenote_category":0,"_uf_show_specific_survey":0,"_uf_disable_surveys":false,"iawp_total_views":6},"product_brand":[],"product_cat":[185,188,157],"product_tag":[],"class_list":{"0":"post-16150","1":"product","2":"type-product","3":"status-publish","4":"has-post-thumbnail","6":"product_cat-branco","7":"product_cat-douro-branco","8":"product_cat-vinhos","10":"first","11":"instock","12":"shipping-taxable","13":"purchasable","14":"product-type-simple"},"_links":{"self":[{"href":"https:\/\/bracaravinum.pt\/en\/wp-json\/wp\/v2\/product\/16150","targetHints":{"allow":["GET"]}}],"collection":[{"href":"https:\/\/bracaravinum.pt\/en\/wp-json\/wp\/v2\/product"}],"about":[{"href":"https:\/\/bracaravinum.pt\/en\/wp-json\/wp\/v2\/types\/product"}],"wp:featuredmedia":[{"embeddable":true,"href":"https:\/\/bracaravinum.pt\/en\/wp-json\/wp\/v2\/media\/16151"}],"wp:attachment":[{"href":"https:\/\/bracaravinum.pt\/en\/wp-json\/wp\/v2\/media?parent=16150"}],"wp:term":[{"taxonomy":"product_brand","embeddable":true,"href":"https:\/\/bracaravinum.pt\/en\/wp-json\/wp\/v2\/product_brand?post=16150"},{"taxonomy":"product_cat","embeddable":true,"href":"https:\/\/bracaravinum.pt\/en\/wp-json\/wp\/v2\/product_cat?post=16150"},{"taxonomy":"product_tag","embeddable":true,"href":"https:\/\/bracaravinum.pt\/en\/wp-json\/wp\/v2\/product_tag?post=16150"}],"curies":[{"name":"wp","href":"https:\/\/api.w.org\/{rel}","templated":true}]}}