{"id":15785,"date":"2022-03-21T19:58:46","date_gmt":"2022-03-21T19:58:46","guid":{"rendered":"https:\/\/bracaravinum.pt\/?post_type=product&#038;p=15785"},"modified":"2025-08-08T16:15:50","modified_gmt":"2025-08-08T16:15:50","slug":"rum-plantation-jamaica-2001-70cl","status":"publish","type":"product","link":"https:\/\/bracaravinum.pt\/en\/product-2\/rum-plantation-jamaica-2001-70cl\/","title":{"rendered":"Rum Plantation Xaymaca Special Dry 70cl"},"content":{"rendered":"<p><img decoding=\"async\" class=\"size-medium wp-image-15362 aligncenter\" src=\"http:\/\/bracaravinum.pt\/wp-content\/uploads\/2022\/02\/Plantation-logo-300x158.jpg\" alt=\"\" width=\"300\" height=\"158\" srcset=\"https:\/\/bracaravinum.pt\/wp-content\/uploads\/2022\/02\/Plantation-logo-300x158.jpg 300w, https:\/\/bracaravinum.pt\/wp-content\/uploads\/2022\/02\/Plantation-logo-1024x538.jpg 1024w, https:\/\/bracaravinum.pt\/wp-content\/uploads\/2022\/02\/Plantation-logo-768x403.jpg 768w, https:\/\/bracaravinum.pt\/wp-content\/uploads\/2022\/02\/Plantation-logo-1536x807.jpg 1536w, https:\/\/bracaravinum.pt\/wp-content\/uploads\/2022\/02\/Plantation-logo-600x315.jpg 600w, https:\/\/bracaravinum.pt\/wp-content\/uploads\/2022\/02\/Plantation-logo.jpg 1632w\" sizes=\"(max-width: 300px) 100vw, 300px\" \/><\/p>\n<p class=\"\">Passionate, curious, refined taste for beauty, Alexandre Gabriel is a tireless businessman in search of perfection. An artisanal entrepreneur, he delivers the best product by implementing the most advanced and precise production methods. He knows that a great cognac, a superior rum, is above all a powerful emotion to be shared. Alexandre Gabriel applies the discipline and passion of ancient artisans, artisans and goldsmiths to his rum and cognac.<\/p>\n<p class=\"\">In 1989, Alexander Gabriel discovered Maison Ferrand, one of the oldest spiritual brands in the Cognac region. The House&#039;s reputation is indisputable, but sales are delayed. An immediate sensation takes hold and Alexandre Gabriel dives with exuberance into the details and art of cognac production.<\/p>\n<p id=\"yui_3_17_2_1_1594916318928_189\" class=\"\"><span id=\"yui_3_17_2_1_1594916318928_191\"><span id=\"yui_3_17_2_1_1594916318928_193\">Travel follows passion and soon Alexandre Gabriel is creating a dedicated distribution network of equally passionate partners. <\/span><span id=\"yui_3_17_2_1_1594916318928_196\">It builds your values and vision for the House. <\/span><span id=\"yui_3_17_2_1_1594916318928_199\">Twenty years later, most of its founding team are still together.\u00a0<\/span><\/span><\/p>\n<p id=\"yui_3_17_2_1_1594916318928_202\" class=\"\"><span id=\"yui_3_17_2_1_1594916318928_204\"><span id=\"yui_3_17_2_1_1594916318928_206\">In the 90s, Alexandre Gabriel scoured the Caribbean in search of the region&#039;s best rums. <\/span><span id=\"yui_3_17_2_1_1594916318928_209\">The plantation is born: an artisanal variety of rum from the great terroirs of the tropics. <\/span><span id=\"yui_3_17_2_1_1594916318928_212\">Fifteen years dedicated to crafting rum later, in 2012, Alexandre received the Master Rum Blender of the Year award at the Golden Rum Barrel Awards and was named Distiller of the Year by the American Distilling Institute.<\/span><\/span><\/p>\n<p id=\"yui_3_17_2_1_1594916318928_215\" class=\"\"><span id=\"yui_3_17_2_1_1594916318928_217\"><span id=\"yui_3_17_2_1_1594916318928_219\">Today, president and owner of Maison Ferrand, Alexandre Gabriel has won accolades across the category and industry. <\/span><span id=\"yui_3_17_2_1_1594916318928_222\">Focus on three main spirits that represent the passion and vision of Maison Ferrand: Ferrand Cognac, Citadelle Gin and Plantation Rum: authentic spirits that express the individual terroirs that created them.<\/span><\/span><\/p>","protected":false},"excerpt":{"rendered":"<div class=\"woocommerce-product-details__short-description\">\n<p>Com o Xaymaca Special Dry, a Plantation revive o estilo jamaicano dos runs 100% alambique de cobre do s\u00e9culo XIX com uma express\u00e3o de sabores intensos que revelam o tradicional, lend\u00e1rio \u201cRum Funk\u201d: aromas e sabores de banana preta e anan\u00e1s flambado, localmente chamado \u201cHogo\u201d, uma angliciza\u00e7\u00e3o do termo franc\u00eas \u201cHaut Go\u00fbt\u201d (alto sabor).<\/p>\n<p>Aroma: Muito complexo, ligeiramente fumado com acumula\u00e7\u00e3o de notas frutadas, herbais e azedas. A seguir vem a baunilha, com banana cozida, casca de laranja amarga e anan\u00e1s maduro.<br \/>\nPalato: Seco, com um perfil mais floral e frutado de \u00e1gua de rosas, p\u00eara, uva branca, damasco e anan\u00e1s. Em seguida, emerge leite de coco, b\u00e1lsamo, especiarias, p\u00e3o e nozes.<\/p>\n<\/div>\n<div class=\"capacity-volume-indicator-container\">43.0%<\/div>","protected":false},"featured_media":19935,"template":"","meta":{"_exactmetrics_skip_tracking":false,"_exactmetrics_sitenote_active":false,"_exactmetrics_sitenote_note":"","_exactmetrics_sitenote_category":0,"_uf_show_specific_survey":0,"_uf_disable_surveys":false,"iawp_total_views":10},"product_brand":[],"product_cat":[158,198],"product_tag":[],"class_list":{"0":"post-15785","1":"product","2":"type-product","3":"status-publish","4":"has-post-thumbnail","6":"product_cat-espirituosos","7":"product_cat-rum","9":"first","10":"instock","11":"shipping-taxable","12":"purchasable","13":"product-type-simple"},"_links":{"self":[{"href":"https:\/\/bracaravinum.pt\/en\/wp-json\/wp\/v2\/product\/15785","targetHints":{"allow":["GET"]}}],"collection":[{"href":"https:\/\/bracaravinum.pt\/en\/wp-json\/wp\/v2\/product"}],"about":[{"href":"https:\/\/bracaravinum.pt\/en\/wp-json\/wp\/v2\/types\/product"}],"wp:featuredmedia":[{"embeddable":true,"href":"https:\/\/bracaravinum.pt\/en\/wp-json\/wp\/v2\/media\/19935"}],"wp:attachment":[{"href":"https:\/\/bracaravinum.pt\/en\/wp-json\/wp\/v2\/media?parent=15785"}],"wp:term":[{"taxonomy":"product_brand","embeddable":true,"href":"https:\/\/bracaravinum.pt\/en\/wp-json\/wp\/v2\/product_brand?post=15785"},{"taxonomy":"product_cat","embeddable":true,"href":"https:\/\/bracaravinum.pt\/en\/wp-json\/wp\/v2\/product_cat?post=15785"},{"taxonomy":"product_tag","embeddable":true,"href":"https:\/\/bracaravinum.pt\/en\/wp-json\/wp\/v2\/product_tag?post=15785"}],"curies":[{"name":"wp","href":"https:\/\/api.w.org\/{rel}","templated":true}]}}