{"id":14788,"date":"2022-01-18T16:55:11","date_gmt":"2022-01-18T16:55:11","guid":{"rendered":"http:\/\/bracaravinum.pt\/?post_type=product&#038;p=14788"},"modified":"2024-02-28T16:15:06","modified_gmt":"2024-02-28T16:15:06","slug":"grambeira-grande-reserve-white-75cl","status":"publish","type":"product","link":"https:\/\/bracaravinum.pt\/en\/product-2\/grambeira-grande-reserve-white-75cl\/","title":{"rendered":"Grambeira Grande Reserva White 2021 75cl"},"content":{"rendered":"<p><img fetchpriority=\"high\" decoding=\"async\" class=\"size-medium wp-image-15910 aligncenter\" src=\"http:\/\/bracaravinum.pt\/wp-content\/uploads\/2020\/03\/LogoGrambeira-292x300.gif\" alt=\"\" width=\"292\" height=\"300\" srcset=\"https:\/\/bracaravinum.pt\/wp-content\/uploads\/2020\/03\/LogoGrambeira-292x300.gif 292w, https:\/\/bracaravinum.pt\/wp-content\/uploads\/2020\/03\/LogoGrambeira-12x12.gif 12w\" sizes=\"(max-width: 292px) 100vw, 292px\" \/><\/p>\n<p>In 1994, three of the sons of the Meireles Family, Frederico, Afonso and Manuel, winemaker, agricultural technician and military officer, respectively, decided to boost the family&#039;s small agricultural holding located in the Douro in Beira Grande-Carrazeda de Ansi\u00e3es, they understood that with the \u201chouse silver \u201d met the conditions to carry out a motivating project in the wine sector. And that&#039;s what happened.<\/p>\n<p>That year, they restructured the small Adega da Fam\u00edlia, used the mills to make red wines and equipped the winery with modern technology for the production of white wines. The results were quick, in the first harvest, 1995, in the 1st Casa do Douro Competition - they achieved first place in whites and a second in reds, since then their wines, namely Grambeira Branco, have achieved a place of reference in the region.<\/p>","protected":false},"excerpt":{"rendered":"<p>Em 1994 tr\u00eas dos filhos da Fam\u00edlia Meireles, Frederico, Afonso e Manuel, en\u00f3logo, t\u00e9cnico agr\u00edcola e militar, respectivamente, resolveram dinamizar a pequena explora\u00e7\u00e3o agr\u00edcola da fam\u00edlia localizada no Douro em Beira Grande-Carrazeda de Ansi\u00e3es entendiam que com a \u201cprata da casa\u201d reuniam condi\u00e7\u00f5es para levar por diante um projecto motivador na vertente vitivin\u00edcola. E foi [&hellip;]<\/p>","protected":false},"featured_media":11076,"template":"","meta":{"_exactmetrics_skip_tracking":false,"_exactmetrics_sitenote_active":false,"_exactmetrics_sitenote_note":"","_exactmetrics_sitenote_category":0,"_uf_show_specific_survey":0,"_uf_disable_surveys":false,"iawp_total_views":42},"product_brand":[],"product_cat":[157,185,188],"product_tag":[],"class_list":{"0":"post-14788","1":"product","2":"type-product","3":"status-publish","4":"has-post-thumbnail","6":"product_cat-vinhos","7":"product_cat-branco","8":"product_cat-douro-branco","10":"first","11":"instock","12":"shipping-taxable","13":"purchasable","14":"product-type-simple"},"_links":{"self":[{"href":"https:\/\/bracaravinum.pt\/en\/wp-json\/wp\/v2\/product\/14788","targetHints":{"allow":["GET"]}}],"collection":[{"href":"https:\/\/bracaravinum.pt\/en\/wp-json\/wp\/v2\/product"}],"about":[{"href":"https:\/\/bracaravinum.pt\/en\/wp-json\/wp\/v2\/types\/product"}],"wp:featuredmedia":[{"embeddable":true,"href":"https:\/\/bracaravinum.pt\/en\/wp-json\/wp\/v2\/media\/11076"}],"wp:attachment":[{"href":"https:\/\/bracaravinum.pt\/en\/wp-json\/wp\/v2\/media?parent=14788"}],"wp:term":[{"taxonomy":"product_brand","embeddable":true,"href":"https:\/\/bracaravinum.pt\/en\/wp-json\/wp\/v2\/product_brand?post=14788"},{"taxonomy":"product_cat","embeddable":true,"href":"https:\/\/bracaravinum.pt\/en\/wp-json\/wp\/v2\/product_cat?post=14788"},{"taxonomy":"product_tag","embeddable":true,"href":"https:\/\/bracaravinum.pt\/en\/wp-json\/wp\/v2\/product_tag?post=14788"}],"curies":[{"name":"wp","href":"https:\/\/api.w.org\/{rel}","templated":true}]}}