{"id":14655,"date":"2021-11-03T22:39:50","date_gmt":"2021-11-03T22:39:50","guid":{"rendered":"http:\/\/bracaravinum.pt\/?post_type=product&#038;p=14655"},"modified":"2025-12-06T17:41:13","modified_gmt":"2025-12-06T17:41:13","slug":"pacheca-vale-de-abraao-tinto-pack-3-garrafas","status":"publish","type":"product","link":"https:\/\/bracaravinum.pt\/en\/product-2\/pacheca-vale-de-abraao-tinto-pack-3-garrafas\/","title":{"rendered":"Pacheca Vale de Abra\u00e3o Tinto Pack 3 Garrafas"},"content":{"rendered":"<p><img decoding=\"async\" class=\"size-full wp-image-15359 aligncenter\" src=\"http:\/\/bracaravinum.pt\/wp-content\/uploads\/2022\/02\/pacheca-logo.jpg\" alt=\"\" width=\"295\" height=\"134\" \/><\/p>\n<p>Quinta da Pacheca, one of the best-known farms in the Douro region, was also one of the first properties to bottle wine under its own brand. It is mentioned for the first time in a document dated April 1738, where it is referred to as \u201cPacheca\u201d, as it is owned by D. Mariana Pacheco Pereira. But it was only in 1903, when D. Jos\u00e9 Freire de Serpa Pimentel decided to develop his interest in oenology, that he bought the farm and began to seriously dedicate himself to the risky business of winemaking. Today, a century and many successes later, a new generation of the Serpa Pimentel family.<\/p>","protected":false},"excerpt":{"rendered":"<p>Grapes: Touriga Franca and Touriga Nacional from Quinta de Vale de Abra\u00e3o, vineyards in the Pinh\u00e3o River Valley and vineyards in Vale da Vilari\u00e7a.<\/p>\n<p>It is a wine with a deep violet color. The aroma is very fruity, with evident notes of ripe black fruit, such as blueberries and black currants, while being fresh with oral notes. In the mouth it is concentrated, fatty, with present tannins, notes of chocolate and implicit freshness. Long and very persistent finish.<\/p>\n<p>Aging: New French oak barrels for 18 months.<\/p>","protected":false},"featured_media":9202,"template":"","meta":{"_exactmetrics_skip_tracking":false,"_exactmetrics_sitenote_active":false,"_exactmetrics_sitenote_note":"","_exactmetrics_sitenote_category":0,"_uf_show_specific_survey":0,"_uf_disable_surveys":false,"iawp_total_views":63},"product_brand":[],"product_cat":[216,258,201,157],"product_tag":[],"class_list":{"0":"post-14655","1":"product","2":"type-product","3":"status-publish","4":"has-post-thumbnail","6":"product_cat-conjuntos","7":"product_cat-conjuntos-de-oferta","8":"product_cat-grandes-vinhos","9":"product_cat-vinhos","11":"first","12":"instock","13":"shipping-taxable","14":"purchasable","15":"product-type-simple"},"_links":{"self":[{"href":"https:\/\/bracaravinum.pt\/en\/wp-json\/wp\/v2\/product\/14655","targetHints":{"allow":["GET"]}}],"collection":[{"href":"https:\/\/bracaravinum.pt\/en\/wp-json\/wp\/v2\/product"}],"about":[{"href":"https:\/\/bracaravinum.pt\/en\/wp-json\/wp\/v2\/types\/product"}],"wp:featuredmedia":[{"embeddable":true,"href":"https:\/\/bracaravinum.pt\/en\/wp-json\/wp\/v2\/media\/9202"}],"wp:attachment":[{"href":"https:\/\/bracaravinum.pt\/en\/wp-json\/wp\/v2\/media?parent=14655"}],"wp:term":[{"taxonomy":"product_brand","embeddable":true,"href":"https:\/\/bracaravinum.pt\/en\/wp-json\/wp\/v2\/product_brand?post=14655"},{"taxonomy":"product_cat","embeddable":true,"href":"https:\/\/bracaravinum.pt\/en\/wp-json\/wp\/v2\/product_cat?post=14655"},{"taxonomy":"product_tag","embeddable":true,"href":"https:\/\/bracaravinum.pt\/en\/wp-json\/wp\/v2\/product_tag?post=14655"}],"curies":[{"name":"wp","href":"https:\/\/api.w.org\/{rel}","templated":true}]}}