{"id":14613,"date":"2021-09-03T12:45:17","date_gmt":"2021-09-03T12:45:17","guid":{"rendered":"http:\/\/bracaravinum.pt\/?post_type=product&#038;p=14613"},"modified":"2025-10-18T11:55:28","modified_gmt":"2025-10-18T11:55:28","slug":"bafarela-grande-reserva-tinto-2019-75cl","status":"publish","type":"product","link":"https:\/\/bracaravinum.pt\/en\/product-2\/bafarela-grande-reserva-tinto-2019-75cl\/","title":{"rendered":"Bafarela Grande Reserva Tinto 2021 75cl"},"content":{"rendered":"<p><img fetchpriority=\"high\" decoding=\"async\" class=\"size-medium wp-image-15542 aligncenter\" src=\"http:\/\/bracaravinum.pt\/wp-content\/uploads\/2021\/09\/logotipo-brites-de-aguiar-300x224.png\" alt=\"\" width=\"300\" height=\"224\" srcset=\"https:\/\/bracaravinum.pt\/wp-content\/uploads\/2021\/09\/logotipo-brites-de-aguiar-300x224.png 300w, https:\/\/bracaravinum.pt\/wp-content\/uploads\/2021\/09\/logotipo-brites-de-aguiar-768x573.png 768w, https:\/\/bracaravinum.pt\/wp-content\/uploads\/2021\/09\/logotipo-brites-de-aguiar-600x448.png 600w, https:\/\/bracaravinum.pt\/wp-content\/uploads\/2021\/09\/logotipo-brites-de-aguiar.png 1001w\" sizes=\"(max-width: 300px) 100vw, 300px\" \/><\/p>\n<p>The Brites Aguiar family has always lived in the Douro Demarcated Region and their activity is continuous connection to the land; agriculture.<\/p>\n<p>In the small village of V\u00e1rzea de Trev\u00f5es in the municipality of S. Jo\u00e3o da Pesqueira is the family&#039;s residence and agricultural house.<\/p>\n<p>The active generation, L\u00facia, Paulo and Tomi, have their parents behind them: Maria Fernanda Costa Brites and Manuel Ant\u00f3nio Pacheco Aguiar. The most recent generation, In\u00eas, Mariana, and Man\u00e9 complete and continue the offspring of the Brites Aguiar family.<\/p>","protected":false},"excerpt":{"rendered":"<p>Bafarela Grande Reserva \u00e9 um vinho que exprime, no seu melhor, a eleg\u00e2ncia de uma das especialidades da Casa Brites Aguiar. Uma edi\u00e7\u00e3o limitada apresentada somente em anos de excep\u00e7\u00e3o.<\/p>","protected":false},"featured_media":9010,"template":"","meta":{"_exactmetrics_skip_tracking":false,"_exactmetrics_sitenote_active":false,"_exactmetrics_sitenote_note":"","_exactmetrics_sitenote_category":0,"_uf_show_specific_survey":0,"_uf_disable_surveys":false,"iawp_total_views":49},"product_brand":[],"product_cat":[215,184,157],"product_tag":[],"class_list":{"0":"post-14613","1":"product","2":"type-product","3":"status-publish","4":"has-post-thumbnail","6":"product_cat-douro","7":"product_cat-tinto","8":"product_cat-vinhos","10":"first","11":"instock","12":"featured","13":"shipping-taxable","14":"purchasable","15":"product-type-simple"},"_links":{"self":[{"href":"https:\/\/bracaravinum.pt\/en\/wp-json\/wp\/v2\/product\/14613","targetHints":{"allow":["GET"]}}],"collection":[{"href":"https:\/\/bracaravinum.pt\/en\/wp-json\/wp\/v2\/product"}],"about":[{"href":"https:\/\/bracaravinum.pt\/en\/wp-json\/wp\/v2\/types\/product"}],"wp:featuredmedia":[{"embeddable":true,"href":"https:\/\/bracaravinum.pt\/en\/wp-json\/wp\/v2\/media\/9010"}],"wp:attachment":[{"href":"https:\/\/bracaravinum.pt\/en\/wp-json\/wp\/v2\/media?parent=14613"}],"wp:term":[{"taxonomy":"product_brand","embeddable":true,"href":"https:\/\/bracaravinum.pt\/en\/wp-json\/wp\/v2\/product_brand?post=14613"},{"taxonomy":"product_cat","embeddable":true,"href":"https:\/\/bracaravinum.pt\/en\/wp-json\/wp\/v2\/product_cat?post=14613"},{"taxonomy":"product_tag","embeddable":true,"href":"https:\/\/bracaravinum.pt\/en\/wp-json\/wp\/v2\/product_tag?post=14613"}],"curies":[{"name":"wp","href":"https:\/\/api.w.org\/{rel}","templated":true}]}}