{"id":14375,"date":"2020-11-17T16:09:44","date_gmt":"2020-11-17T16:09:44","guid":{"rendered":"http:\/\/bracaravinum.pt\/?post_type=product&#038;p=14375"},"modified":"2023-03-08T16:10:43","modified_gmt":"2023-03-08T16:10:43","slug":"porto-ferreira-vintage-2018-75cl","status":"publish","type":"product","link":"https:\/\/bracaravinum.pt\/en\/product-2\/porto-ferreira-vintage-2018-75cl\/","title":{"rendered":"Porto Ferreira Vintage 2018 75cl"},"content":{"rendered":"<p><img decoding=\"async\" class=\"size-medium wp-image-15204 aligncenter\" src=\"http:\/\/bracaravinum.pt\/wp-content\/uploads\/2022\/02\/casa-ferreirinha-logo-300x139.png\" alt=\"\" width=\"300\" height=\"139\" srcset=\"https:\/\/bracaravinum.pt\/wp-content\/uploads\/2022\/02\/casa-ferreirinha-logo-300x139.png 300w, https:\/\/bracaravinum.pt\/wp-content\/uploads\/2022\/02\/casa-ferreirinha-logo.png 330w\" sizes=\"(max-width: 300px) 100vw, 300px\" \/><\/p>\n<p>The history of Casa Ferreirinha is inseparably linked to an extraordinary woman: Dona Ant\u00f3nia Adelaide Ferreira. Born in 1811, in R\u00e9gua, gateway to the vineyards of the Douro valley. Although small in stature and reserved by nature, Dona Ant\u00f3nia was charismatic, visionary and enterprising. He created new extensions of vineyards, increased and improved the company&#039;s stocks of old wines and contributed to improving the arduous lives of local farming families by founding schools, daycare centers and hospitals. Such was the affection of the population that they affectionately called him \u201cFerreirinha\u201d. With his death in 1896, he left behind a notable Douro heritage and an immensely successful business.<\/p>\n<p>Casa Ferreirinha&#039;s big bet on unfortified wines would emerge about half a century later. Producing elegant, high-quality Douro wines, with refinement and the high aging potential of Vintage port wines, became the dream of Fernando Nicolau de Almeida who, from an early age, started working at the company, rising to technical director . He selected the best grapes from the Douro Superior, full of richness and structure, and combined them with others, coming from high altitudes, for their acidity and aroma.<\/p>\n<p>Thus, in 1952, Barca-Velha was born, an iconic wine that has since been produced only in the best years, considered one of the red wines in Portugal with the greatest longevity, elegance and complexity. The genesis of Casa Ferreirinha is, therefore, a true lesson in oenology, which determined the evolution of this House&#039;s wines, enriched with the Quinta da Leda root plantation, started in 1979, where the grapes that allowed to increase and improve production are born. . Today, the Casa Ferreirinha range, produced under the direction of winemaker Lu\u00eds Sottomayor, ranges from young wines such as Esteva or Planalto, through richer wines such as Papa Figos, Vinha Grande and Callabriga, to the exceptional Quinta da Leda, Ant\u00f3nia Adelaide Ferreira and Reserva Especial, with Barca-Velha occupying the top of the hierarchy.<\/p>\n<p><strong>2017<\/strong><br \/>\n<span class=\"nome_premio\">100 pontos &#8211; <\/span><span class=\"descricao_premio\">Wine Enthusiast &#8211; Estados Unidos<\/span><\/p>","protected":false},"excerpt":{"rendered":"<p><span style=\"color: #993300;\">100 Pontos Wine Enthusiast<\/span><\/p>\n<p><em>With individual wooden box<\/em><\/p>\n<p>CASTAS: 45% Touriga Franca, 40% Touriga Nacional, 10% Vinhas Velhas, 5% Sous\u00e3o<\/p>\n<p>Cor profunda, quase opaca, com aromas intensos e complexos de notas florais e bals\u00e2micas, combinadas com resina, cedro, caixa de tabaco, frutos negros, especiarias, pimenta e um ligeiro toque a pedra. Na boca, apresenta um corpo excelente, acidez muito bem integrada, taninos potentes e notas de especiarias com um final longo e vivo de grande harmonia.<\/p>\n<p>Os vinhos envelhecidos em garrafa, com o tempo formam sedimentos e a sua aprecia\u00e7\u00e3o beneficia de uma abertura cuidadosa e de decanta\u00e7\u00e3o algumas horas antes do consumo. Servir a uma temperatura de 16\u00baC-18\u00baC (60\u00baF-64\u00baF).<\/p>\n<p>A estrutura deste vinho extraordin\u00e1rio, rico e elegante, harmoniza-se na perfei\u00e7\u00e3o com chocolate negro, frutos vermelhos e silvestres, sobremesas e queijos intensos, como um queijo azul forte.<\/p>\n<p>Os vinhos do Porto Vintage devem ser conservados numa posi\u00e7\u00e3o horizontal, num espa\u00e7o fresco e escuro e intocados. A matura\u00e7\u00e3o lenta ao longo de d\u00e9cadas permite uma evolu\u00e7\u00e3o suave e os vinhos desenvolvem uma complexidade \u00fanica e extraordin\u00e1ria.<\/p>\n<p>GARRAFAS PRODUZIDAS: 19.333<\/p>","protected":false},"featured_media":7671,"template":"","meta":{"_exactmetrics_skip_tracking":false,"_exactmetrics_sitenote_active":false,"_exactmetrics_sitenote_note":"","_exactmetrics_sitenote_category":0,"_uf_show_specific_survey":0,"_uf_disable_surveys":false,"iawp_total_views":98},"product_brand":[],"product_cat":[201,159,168],"product_tag":[],"class_list":{"0":"post-14375","1":"product","2":"type-product","3":"status-publish","4":"has-post-thumbnail","6":"product_cat-grandes-vinhos","7":"product_cat-portos","8":"product_cat-vintage","10":"first","11":"instock","12":"shipping-taxable","13":"purchasable","14":"product-type-simple"},"_links":{"self":[{"href":"https:\/\/bracaravinum.pt\/en\/wp-json\/wp\/v2\/product\/14375","targetHints":{"allow":["GET"]}}],"collection":[{"href":"https:\/\/bracaravinum.pt\/en\/wp-json\/wp\/v2\/product"}],"about":[{"href":"https:\/\/bracaravinum.pt\/en\/wp-json\/wp\/v2\/types\/product"}],"wp:featuredmedia":[{"embeddable":true,"href":"https:\/\/bracaravinum.pt\/en\/wp-json\/wp\/v2\/media\/7671"}],"wp:attachment":[{"href":"https:\/\/bracaravinum.pt\/en\/wp-json\/wp\/v2\/media?parent=14375"}],"wp:term":[{"taxonomy":"product_brand","embeddable":true,"href":"https:\/\/bracaravinum.pt\/en\/wp-json\/wp\/v2\/product_brand?post=14375"},{"taxonomy":"product_cat","embeddable":true,"href":"https:\/\/bracaravinum.pt\/en\/wp-json\/wp\/v2\/product_cat?post=14375"},{"taxonomy":"product_tag","embeddable":true,"href":"https:\/\/bracaravinum.pt\/en\/wp-json\/wp\/v2\/product_tag?post=14375"}],"curies":[{"name":"wp","href":"https:\/\/api.w.org\/{rel}","templated":true}]}}