{"id":14325,"date":"2020-10-12T22:37:51","date_gmt":"2020-10-12T22:37:51","guid":{"rendered":"http:\/\/bracaravinum.pt\/?post_type=product&#038;p=14325"},"modified":"2024-10-25T11:33:00","modified_gmt":"2024-10-25T11:33:00","slug":"7375","status":"publish","type":"product","link":"https:\/\/bracaravinum.pt\/en\/produto\/7375\/","title":{"rendered":"Herdade Papa Leite C50 Branco 2023 75cl"},"content":{"rendered":"<p><img decoding=\"async\" class=\"size-full wp-image-15055 aligncenter\" src=\"http:\/\/bracaravinum.pt\/wp-content\/uploads\/2022\/02\/logo_herdade-papa-leite.png\" alt=\"\" width=\"192\" height=\"199\" \/><\/p>\n<div id=\"u13137-4\" class=\"clearfix colelem\" data-muse-uid=\"U13137\" data-muse-type=\"txt_frame\" data-ibe-flags=\"txtStyleSrc\">\n<p>Located in the heart of Alto Alentejo, in Alter do Ch\u00e3o, Herdade Papa Leite dates back to the 17th century, a landmark that can still be found on the estate today.<\/p>\n<\/div>\n<div id=\"u13135\" class=\"colelem\">Filipe Barreiros Cardoso, passionate about the area and the property, acquired Herdade Papa Leite to fulfill his dream of producing high quality products.<\/div>\n<div id=\"u13140-6\" class=\"clearfix colelem\" data-muse-uid=\"U13140\" data-muse-type=\"txt_frame\" data-ibe-flags=\"txtStyleSrc\">\n<p>This dream was only possible to achieve with the support of his family and the team he works with.<\/p>\n<div id=\"pu602313\" class=\"clearfix grpelem\">\n<div id=\"u62518-6\" class=\"clearfix colelem\" data-muse-uid=\"U62518\" data-muse-type=\"txt_frame\" data-ibe-flags=\"txtStyleSrc\">\n<p>For centuries, the exploitation of cereals, olive groves, holm oaks and cork oaks were the main activities to which the estate was dedicated.<\/p>\n<p>With the reproduction of the already existing Alentejana breed and the introduction of the Aberdeen-Angus breed, the estate saw its activity revitalized and, today, the approximately 320 hectares, in addition to raising cattle, also produce wine and olive oil.<\/p>\n<p>&nbsp;<\/p>\n<\/div>\n<div id=\"u15321\" class=\"colelem\"><\/div>\n<\/div>\n<\/div>","protected":false},"excerpt":{"rendered":"<p><span id=\"u597313\">Castes: <\/span>Moscatel, Chenin Blanc e Viognier<\/p>\n<div id=\"pu600620-4\" class=\"clearfix colelem\">\n<div id=\"u597331-14\" class=\"clearfix grpelem\" data-muse-uid=\"U597331\" data-muse-type=\"txt_frame\" data-ibe-flags=\"txtStyleSrc\">\n<p><span id=\"u597331-4\">Color:<\/span>\u00a0Amarelo citrino<\/p>\n<p><span id=\"u597331-7\">Aroma: <\/span>Muito elegante com notas de p\u00eassego, mel e mineral<\/p>\n<p><span id=\"u597331-10\">Sabor: <\/span>Muito equilibrado na boca, mineral e \u00f3ptima textura. Recorda as notas que sobressairam no aroma, incluindo alperce e ma\u00e7\u00e3, terminando vivo e persistente.<\/p>\n<p>Servir a uma temperatura de 8\u00ba-10\u00ba C<\/p>\n<\/div>\n<\/div>\n<div id=\"u597312-7\" class=\"clearfix colelem\" data-muse-uid=\"U597312\" data-muse-type=\"txt_frame\" data-ibe-flags=\"txtStyleSrc\">\n<p>Vinho que se bebe bem como aperitivo antes de uma refei\u00e7\u00e3o ou num sunset ao final da tarde. Tamb\u00e9m pode ser apreciado ao acompanhar uma refei\u00e7\u00e3o ligeira, uma salada de lavagante cozido, uma salada caesar, um prato de peixe ou marisco, ambos grelhados ou cozidos.<\/p>\n<\/div>","protected":false},"featured_media":7376,"template":"","meta":{"_exactmetrics_skip_tracking":false,"_exactmetrics_sitenote_active":false,"_exactmetrics_sitenote_note":"","_exactmetrics_sitenote_category":0,"_uf_show_specific_survey":0,"_uf_disable_surveys":false,"iawp_total_views":90},"product_brand":[],"product_cat":[189,185,157],"product_tag":[],"class_list":{"0":"post-14325","1":"product","2":"type-product","3":"status-publish","4":"has-post-thumbnail","6":"product_cat-alentejo-branco","7":"product_cat-branco","8":"product_cat-vinhos","10":"first","11":"instock","12":"shipping-taxable","13":"purchasable","14":"product-type-simple"},"_links":{"self":[{"href":"https:\/\/bracaravinum.pt\/en\/wp-json\/wp\/v2\/product\/14325","targetHints":{"allow":["GET"]}}],"collection":[{"href":"https:\/\/bracaravinum.pt\/en\/wp-json\/wp\/v2\/product"}],"about":[{"href":"https:\/\/bracaravinum.pt\/en\/wp-json\/wp\/v2\/types\/product"}],"wp:featuredmedia":[{"embeddable":true,"href":"https:\/\/bracaravinum.pt\/en\/wp-json\/wp\/v2\/media\/7376"}],"wp:attachment":[{"href":"https:\/\/bracaravinum.pt\/en\/wp-json\/wp\/v2\/media?parent=14325"}],"wp:term":[{"taxonomy":"product_brand","embeddable":true,"href":"https:\/\/bracaravinum.pt\/en\/wp-json\/wp\/v2\/product_brand?post=14325"},{"taxonomy":"product_cat","embeddable":true,"href":"https:\/\/bracaravinum.pt\/en\/wp-json\/wp\/v2\/product_cat?post=14325"},{"taxonomy":"product_tag","embeddable":true,"href":"https:\/\/bracaravinum.pt\/en\/wp-json\/wp\/v2\/product_tag?post=14325"}],"curies":[{"name":"wp","href":"https:\/\/api.w.org\/{rel}","templated":true}]}}