{"id":14324,"date":"2020-10-12T09:09:21","date_gmt":"2020-10-12T09:09:21","guid":{"rendered":"http:\/\/bracaravinum.pt\/?post_type=product&#038;p=14324"},"modified":"2025-04-23T18:35:16","modified_gmt":"2025-04-23T18:35:16","slug":"porto-quinta-do-castelinho-colheita-1982-75cl","status":"publish","type":"product","link":"https:\/\/bracaravinum.pt\/en\/produto\/porto-quinta-do-castelinho-colheita-1982-75cl\/","title":{"rendered":"Porto Quinta do Castelinho Harvest 1982 75cl"},"content":{"rendered":"<p><img fetchpriority=\"high\" decoding=\"async\" class=\"size-full wp-image-15441 aligncenter\" src=\"http:\/\/bracaravinum.pt\/wp-content\/uploads\/2022\/02\/quinta-do-castelinho-logo.png\" alt=\"\" width=\"240\" height=\"240\" srcset=\"https:\/\/bracaravinum.pt\/wp-content\/uploads\/2022\/02\/quinta-do-castelinho-logo.png 240w, https:\/\/bracaravinum.pt\/wp-content\/uploads\/2022\/02\/quinta-do-castelinho-logo-150x150.png 150w, https:\/\/bracaravinum.pt\/wp-content\/uploads\/2022\/02\/quinta-do-castelinho-logo-100x100.png 100w\" sizes=\"(max-width: 240px) 100vw, 240px\" \/><\/p>\n<p>A\u00a0<em><strong>Quinta do Castelinho<\/strong><\/em>\u00a0fica situada em S\u00e3o Jo\u00e3o da Pesqueira, mais concretamente na margem esquerda do Rio Douro, em frente \u00e0 Esta\u00e7\u00e3o da Alegria, a jusante do Cach\u00e3o da Valeira. Foi adquirida pelo av\u00f4 em 1964, ainda antes da constru\u00e7\u00e3o da Barragem da Valeira, quando era acess\u00edvel apenas a p\u00e9 e de barco. Decidiu logo investir na reconvers\u00e3o dos cerca de 8 ha de vinha nos actuais 50 ha de vinhas de alt\u00edssima qualidade, e para tal, foi adquirindo parcelas cont\u00edguas \u00e0 Quinta do Castelinho e transformando, literalmente a ferro e fogo, mato e rocha em socalcos, onde foram plantadas videiras de castas nobres.<\/p>\n<p>Beneficiando de um solo xistoso, que promove uma excelente drenagem e uma \u00f3ptima irriga\u00e7\u00e3o das ra\u00edzes profundas, mesmo no tempo seco, e uma diferen\u00e7a de altitudes que medeia entre as cotas de 100 e 450m, o que permite conjugar a do\u00e7ura das uvas das cotas baixas com a frescura das uvas de cotas mais elevadas, a Quinta do Castelinho possui todas as condi\u00e7\u00f5es para a produ\u00e7\u00e3o de vinhos de excel\u00eancia.<\/p>\n<p>Actualmente, al\u00e9m dos 50 ha de vinhas com classifica\u00e7\u00e3o letra A, onde predominam videiras das castas Touriga Nacional, Tinta Roriz, Touriga Franca, Tinta Barroca e Tinto C\u00e3o, a\u00a0<em><strong>Quinta do Castelinho<\/strong><\/em>\u00a0possui tamb\u00e9m uma \u00e1rea de 8 ha de olival, de onde se extrai um dos mais finos azeites do Douro, e 2 ha de pomar de citrinos.<\/p>","protected":false},"excerpt":{"rendered":"<p>A\u00a0Quinta do Castelinho\u00a0fica situada em S\u00e3o Jo\u00e3o da Pesqueira, mais concretamente na margem esquerda do Rio Douro, em frente \u00e0 Esta\u00e7\u00e3o da Alegria, a jusante do Cach\u00e3o da Valeira. Foi adquirida pelo av\u00f4 em 1964, ainda antes da constru\u00e7\u00e3o da Barragem da Valeira, quando era acess\u00edvel apenas a p\u00e9 e de barco. Decidiu logo investir [&hellip;]<\/p>\n","protected":false},"featured_media":7373,"template":"","meta":{"_exactmetrics_skip_tracking":false,"_exactmetrics_sitenote_active":false,"_exactmetrics_sitenote_note":"","_exactmetrics_sitenote_category":0,"_uf_show_specific_survey":0,"_uf_disable_surveys":false,"iawp_total_views":101},"product_brand":[],"product_cat":[167,159,162],"product_tag":[],"class_list":{"0":"post-14324","1":"product","2":"type-product","3":"status-publish","4":"has-post-thumbnail","6":"product_cat-colheita","7":"product_cat-portos","8":"product_cat-raridades","10":"first","11":"instock","12":"shipping-taxable","13":"purchasable","14":"product-type-simple"},"_links":{"self":[{"href":"https:\/\/bracaravinum.pt\/en\/wp-json\/wp\/v2\/product\/14324","targetHints":{"allow":["GET"]}}],"collection":[{"href":"https:\/\/bracaravinum.pt\/en\/wp-json\/wp\/v2\/product"}],"about":[{"href":"https:\/\/bracaravinum.pt\/en\/wp-json\/wp\/v2\/types\/product"}],"wp:featuredmedia":[{"embeddable":true,"href":"https:\/\/bracaravinum.pt\/en\/wp-json\/wp\/v2\/media\/7373"}],"wp:attachment":[{"href":"https:\/\/bracaravinum.pt\/en\/wp-json\/wp\/v2\/media?parent=14324"}],"wp:term":[{"taxonomy":"product_brand","embeddable":true,"href":"https:\/\/bracaravinum.pt\/en\/wp-json\/wp\/v2\/product_brand?post=14324"},{"taxonomy":"product_cat","embeddable":true,"href":"https:\/\/bracaravinum.pt\/en\/wp-json\/wp\/v2\/product_cat?post=14324"},{"taxonomy":"product_tag","embeddable":true,"href":"https:\/\/bracaravinum.pt\/en\/wp-json\/wp\/v2\/product_tag?post=14324"}],"curies":[{"name":"wp","href":"https:\/\/api.w.org\/{rel}","templated":true}]}}