{"id":14310,"date":"2020-10-02T15:38:52","date_gmt":"2020-10-02T15:38:52","guid":{"rendered":"http:\/\/bracaravinum.pt\/?post_type=product&#038;p=14310"},"modified":"2022-11-04T12:34:23","modified_gmt":"2022-11-04T12:34:23","slug":"porto-barros-lbv-1993-75cl","status":"publish","type":"product","link":"https:\/\/bracaravinum.pt\/en\/product-2\/porto-barros-lbv-1993-75cl\/","title":{"rendered":"Porto Barros LBV 1993 75cl"},"content":{"rendered":"<blockquote>\n<p style=\"padding-left: 40px;\"><img decoding=\"async\" class=\"size-full wp-image-15174 aligncenter\" src=\"http:\/\/bracaravinum.pt\/wp-content\/uploads\/2022\/02\/barros-logo-2.png\" alt=\"\" width=\"212\" height=\"150\" \/><\/p>\n<\/blockquote>\n<p>Barros wines are a celebration of Portuguese talent. They are the expression of a talent that is ours, refined by experience and knowledge. They were born at the troubled beginning of the 20th century, in 1913, and managed to assert themselves until they were recognized as a reference by consumers. In deep respect for Portugueseness, Barros wines embrace the Tawny and Ruby families of Port Wine.<\/p>\n<p>\u201cBarros translates the Portuguese character into wine, combining tradition, authenticity and modern values.\u201d<\/p>","protected":false},"excerpt":{"rendered":"<p>Os vinhos Barros s\u00e3o a celebra\u00e7\u00e3o do talento portugu\u00eas. S\u00e3o a express\u00e3o de um talento que \u00e9 nosso, apurado pela experi\u00eancia e pelo saber. Nasceram no princ\u00edpio conturbado do s\u00e9culo XX, em 1913, e conseguiram afirmar-se at\u00e9 serem reconhecidos como uma refer\u00eancia pelos consumidores. Em profundo respeito pela portugalidade, os vinhos Barros abra\u00e7am as fam\u00edlias [&hellip;]<\/p>","protected":false},"featured_media":7305,"template":"","meta":{"_exactmetrics_skip_tracking":false,"_exactmetrics_sitenote_active":false,"_exactmetrics_sitenote_note":"","_exactmetrics_sitenote_category":0,"_uf_show_specific_survey":0,"_uf_disable_surveys":false,"iawp_total_views":137},"product_brand":[],"product_cat":[162,159,176],"product_tag":[],"class_list":{"0":"post-14310","1":"product","2":"type-product","3":"status-publish","4":"has-post-thumbnail","6":"product_cat-raridades","7":"product_cat-portos","8":"product_cat-porto-l-b-v","10":"first","11":"instock","12":"shipping-taxable","13":"purchasable","14":"product-type-simple"},"_links":{"self":[{"href":"https:\/\/bracaravinum.pt\/en\/wp-json\/wp\/v2\/product\/14310","targetHints":{"allow":["GET"]}}],"collection":[{"href":"https:\/\/bracaravinum.pt\/en\/wp-json\/wp\/v2\/product"}],"about":[{"href":"https:\/\/bracaravinum.pt\/en\/wp-json\/wp\/v2\/types\/product"}],"wp:featuredmedia":[{"embeddable":true,"href":"https:\/\/bracaravinum.pt\/en\/wp-json\/wp\/v2\/media\/7305"}],"wp:attachment":[{"href":"https:\/\/bracaravinum.pt\/en\/wp-json\/wp\/v2\/media?parent=14310"}],"wp:term":[{"taxonomy":"product_brand","embeddable":true,"href":"https:\/\/bracaravinum.pt\/en\/wp-json\/wp\/v2\/product_brand?post=14310"},{"taxonomy":"product_cat","embeddable":true,"href":"https:\/\/bracaravinum.pt\/en\/wp-json\/wp\/v2\/product_cat?post=14310"},{"taxonomy":"product_tag","embeddable":true,"href":"https:\/\/bracaravinum.pt\/en\/wp-json\/wp\/v2\/product_tag?post=14310"}],"curies":[{"name":"wp","href":"https:\/\/api.w.org\/{rel}","templated":true}]}}