{"id":14237,"date":"2020-08-24T15:54:02","date_gmt":"2020-08-24T15:54:02","guid":{"rendered":"http:\/\/bracaravinum.pt\/?post_type=product&#038;p=14237"},"modified":"2024-05-31T16:57:30","modified_gmt":"2024-05-31T16:57:30","slug":"2pr-branco-75cl","status":"publish","type":"product","link":"https:\/\/bracaravinum.pt\/en\/product-2\/2pr-branco-75cl\/","title":{"rendered":"2PR Branco 2023 75cl"},"content":{"rendered":"<p>Concept: Duplo PR (or 2PR) is an oenological consultancy company that develops technical services mainly in the Douro Demarcated Region.<br \/>\nA team, which has been renewed over the last 16 years, accompanying several Quinta producers and also leading projects of its own. It is in this context that the 2PR and ITER wines are passionately but without compromise designed.<br \/>\n\u201cAs winemakers and, above all, passionate about the region, it is our mission to create wines that respect the character of the Douro\u2019s indigenous vineyards and grape varieties, always seeking harmony between complexity and elegance\u201d says Ant\u00f3nio Rosas.<br \/>\nIn turn, Filipa Pizarro states: \u201cThe wines are the result of their own identity, which we want to share, because in this mix of flavors and aromas there is always a story to tell, a passion to live and a dream to fulfill!\u201d<\/p>","protected":false},"excerpt":{"rendered":"<p>Vinha nova \u00fanica plantada em altitude. De baixa produ\u00e7\u00e3o, e unicamente com as castas aut\u00f3ctones altamente recomendadas no Douro para produ\u00e7\u00e3o de vinhos brancos: Viosinho; Gouveio e Rabigato. Exposi\u00e7\u00e3o Sul.<\/p>\n<p>Cor amarela citr\u00edca. Extremamente perfumado, com aroma a fruta branca e ligeira flor de laranjeira. Na boca \u00e9 envolvente com boa frescura no palato, terminando com mineralidade. Sugest\u00e3o de servi\u00e7o entre 10\u00baC e 12\u00baC.<\/p>","protected":false},"featured_media":6830,"template":"","meta":{"_exactmetrics_skip_tracking":false,"_exactmetrics_sitenote_active":false,"_exactmetrics_sitenote_note":"","_exactmetrics_sitenote_category":0,"_uf_show_specific_survey":0,"_uf_disable_surveys":false,"iawp_total_views":55},"product_brand":[],"product_cat":[157,185,188],"product_tag":[],"class_list":{"0":"post-14237","1":"product","2":"type-product","3":"status-publish","4":"has-post-thumbnail","6":"product_cat-vinhos","7":"product_cat-branco","8":"product_cat-douro-branco","10":"first","11":"instock","12":"shipping-taxable","13":"purchasable","14":"product-type-simple"},"_links":{"self":[{"href":"https:\/\/bracaravinum.pt\/en\/wp-json\/wp\/v2\/product\/14237","targetHints":{"allow":["GET"]}}],"collection":[{"href":"https:\/\/bracaravinum.pt\/en\/wp-json\/wp\/v2\/product"}],"about":[{"href":"https:\/\/bracaravinum.pt\/en\/wp-json\/wp\/v2\/types\/product"}],"wp:featuredmedia":[{"embeddable":true,"href":"https:\/\/bracaravinum.pt\/en\/wp-json\/wp\/v2\/media\/6830"}],"wp:attachment":[{"href":"https:\/\/bracaravinum.pt\/en\/wp-json\/wp\/v2\/media?parent=14237"}],"wp:term":[{"taxonomy":"product_brand","embeddable":true,"href":"https:\/\/bracaravinum.pt\/en\/wp-json\/wp\/v2\/product_brand?post=14237"},{"taxonomy":"product_cat","embeddable":true,"href":"https:\/\/bracaravinum.pt\/en\/wp-json\/wp\/v2\/product_cat?post=14237"},{"taxonomy":"product_tag","embeddable":true,"href":"https:\/\/bracaravinum.pt\/en\/wp-json\/wp\/v2\/product_tag?post=14237"}],"curies":[{"name":"wp","href":"https:\/\/api.w.org\/{rel}","templated":true}]}}