{"id":14094,"date":"2020-06-19T12:07:40","date_gmt":"2020-06-19T12:07:40","guid":{"rendered":"http:\/\/bracaravinum.pt\/?post_type=product&#038;p=14094"},"modified":"2024-12-14T17:13:44","modified_gmt":"2024-12-14T17:13:44","slug":"castelomor-reserva-tinto-75cl","status":"publish","type":"product","link":"https:\/\/bracaravinum.pt\/en\/produto\/castelomor-reserva-tinto-75cl\/","title":{"rendered":"Castelomor Reserva Red 2019 75cl"},"content":{"rendered":"","protected":false},"excerpt":{"rendered":"<p>Castas: Trincadeira, Aragon\u00eas<\/p>\n<p>Cor rubi pronunciada. Aromas a frutos silvestres com notas de chocolate preto e eucalipto. Corpo redondo em equil\u00edbrio com a acidez e taninos estruturados. Final longo e complexo.<\/p>\n<p>Gastronomia: Ideal para acompanhar pratos de carne vermelha grelhados, pratos de ca\u00e7a, queijos macios ou, por si s\u00f3, numa tert\u00falia de amigos.<\/p>","protected":false},"featured_media":5957,"template":"","meta":{"_exactmetrics_skip_tracking":false,"_exactmetrics_sitenote_active":false,"_exactmetrics_sitenote_note":"","_exactmetrics_sitenote_category":0,"_uf_show_specific_survey":0,"_uf_disable_surveys":false,"iawp_total_views":42},"product_brand":[],"product_cat":[207,184,157],"product_tag":[],"class_list":{"0":"post-14094","1":"product","2":"type-product","3":"status-publish","4":"has-post-thumbnail","6":"product_cat-alentejo","7":"product_cat-tinto","8":"product_cat-vinhos","10":"first","11":"instock","12":"shipping-taxable","13":"purchasable","14":"product-type-simple"},"_links":{"self":[{"href":"https:\/\/bracaravinum.pt\/en\/wp-json\/wp\/v2\/product\/14094","targetHints":{"allow":["GET"]}}],"collection":[{"href":"https:\/\/bracaravinum.pt\/en\/wp-json\/wp\/v2\/product"}],"about":[{"href":"https:\/\/bracaravinum.pt\/en\/wp-json\/wp\/v2\/types\/product"}],"wp:featuredmedia":[{"embeddable":true,"href":"https:\/\/bracaravinum.pt\/en\/wp-json\/wp\/v2\/media\/5957"}],"wp:attachment":[{"href":"https:\/\/bracaravinum.pt\/en\/wp-json\/wp\/v2\/media?parent=14094"}],"wp:term":[{"taxonomy":"product_brand","embeddable":true,"href":"https:\/\/bracaravinum.pt\/en\/wp-json\/wp\/v2\/product_brand?post=14094"},{"taxonomy":"product_cat","embeddable":true,"href":"https:\/\/bracaravinum.pt\/en\/wp-json\/wp\/v2\/product_cat?post=14094"},{"taxonomy":"product_tag","embeddable":true,"href":"https:\/\/bracaravinum.pt\/en\/wp-json\/wp\/v2\/product_tag?post=14094"}],"curies":[{"name":"wp","href":"https:\/\/api.w.org\/{rel}","templated":true}]}}