{"id":13948,"date":"2020-05-25T16:01:27","date_gmt":"2020-05-25T16:01:27","guid":{"rendered":"http:\/\/bracaravinum.pt\/?post_type=product&#038;p=13948"},"modified":"2022-04-15T16:04:44","modified_gmt":"2022-04-15T16:04:44","slug":"piloto-collection-siria-branco-75cl","status":"publish","type":"product","link":"https:\/\/bracaravinum.pt\/en\/produto\/piloto-collection-siria-branco-75cl\/","title":{"rendered":"Pilot Collection Siria White 75cl"},"content":{"rendered":"<p><img fetchpriority=\"high\" decoding=\"async\" class=\"size-medium wp-image-15719 aligncenter\" src=\"http:\/\/bracaravinum.pt\/wp-content\/uploads\/2020\/05\/logoQuintadoPiloto-300x171.png\" alt=\"\" width=\"300\" height=\"171\" srcset=\"https:\/\/bracaravinum.pt\/wp-content\/uploads\/2020\/05\/logoQuintadoPiloto-300x171.png 300w, https:\/\/bracaravinum.pt\/wp-content\/uploads\/2020\/05\/logoQuintadoPiloto-18x10.png 18w, https:\/\/bracaravinum.pt\/wp-content\/uploads\/2020\/05\/logoQuintadoPiloto.png 360w\" sizes=\"(max-width: 300px) 100vw, 300px\" \/><\/p>\n<p class=\"font_8\">Quinta do Piloto is heir to the winemaking tradition of four generations of the Cardoso family in Palmela. Its wines are the result of lots chosen from 200 hectares of vineyards in the best terroirs in the region.<\/p>\n<p>Allowing you to taste the essence of Palmela wines at their best is the promise of Quinta do Piloto. A promise based on the excellence of the terroirs where old vines of traditional grape varieties shine, such as Castel\u00e3o and Moscatel. Vinified using the region&#039;s ancestral methods, thanks to the knowledge of four generations of the Cardoso family, Quinta do Piloto&#039;s wines are elegant, exponents of native grape varieties and small quantities of varieties chosen for excellence.<\/p>","protected":false},"excerpt":{"rendered":"<p>Castas: S\u00edria<\/p>\n<p class=\"font_8\">PILOTO COLLECTION S\u00edria\u00a0\u00e9 uma edi\u00e7\u00e3o limitada. Elaborado a partir de uma casta singular muito rara na regi\u00e3o.<\/p>\n<p class=\"font_8\">Este vinho foi criado a partir de uvas oriundas de uma pequena vinha chamada malhada Alta, perto do Lau, pertencente \u00e0 fam\u00edlia Cardoso desde h\u00e1 muitos anos. A casta S\u00edria \u00e9 uma casta elegante e muito mineral originando vinhos frescos e leves.<\/p>","protected":false},"featured_media":5173,"template":"","meta":{"_exactmetrics_skip_tracking":false,"_exactmetrics_sitenote_active":false,"_exactmetrics_sitenote_note":"","_exactmetrics_sitenote_category":0,"_uf_show_specific_survey":0,"_uf_disable_surveys":false,"iawp_total_views":12},"product_brand":[],"product_cat":[185,193,157],"product_tag":[],"class_list":{"0":"post-13948","1":"product","2":"type-product","3":"status-publish","4":"has-post-thumbnail","6":"product_cat-branco","7":"product_cat-setubal-branco","8":"product_cat-vinhos","10":"first","11":"instock","12":"shipping-taxable","13":"purchasable","14":"product-type-simple"},"_links":{"self":[{"href":"https:\/\/bracaravinum.pt\/en\/wp-json\/wp\/v2\/product\/13948","targetHints":{"allow":["GET"]}}],"collection":[{"href":"https:\/\/bracaravinum.pt\/en\/wp-json\/wp\/v2\/product"}],"about":[{"href":"https:\/\/bracaravinum.pt\/en\/wp-json\/wp\/v2\/types\/product"}],"wp:featuredmedia":[{"embeddable":true,"href":"https:\/\/bracaravinum.pt\/en\/wp-json\/wp\/v2\/media\/5173"}],"wp:attachment":[{"href":"https:\/\/bracaravinum.pt\/en\/wp-json\/wp\/v2\/media?parent=13948"}],"wp:term":[{"taxonomy":"product_brand","embeddable":true,"href":"https:\/\/bracaravinum.pt\/en\/wp-json\/wp\/v2\/product_brand?post=13948"},{"taxonomy":"product_cat","embeddable":true,"href":"https:\/\/bracaravinum.pt\/en\/wp-json\/wp\/v2\/product_cat?post=13948"},{"taxonomy":"product_tag","embeddable":true,"href":"https:\/\/bracaravinum.pt\/en\/wp-json\/wp\/v2\/product_tag?post=13948"}],"curies":[{"name":"wp","href":"https:\/\/api.w.org\/{rel}","templated":true}]}}