{"id":13859,"date":"2020-05-13T10:45:39","date_gmt":"2020-05-13T10:45:39","guid":{"rendered":"http:\/\/bracaravinum.pt\/?post_type=product&#038;p=13859"},"modified":"2024-10-25T11:01:56","modified_gmt":"2024-10-25T11:01:56","slug":"quinta-de-sao-jose-reserva-tinto-75cl","status":"publish","type":"product","link":"https:\/\/bracaravinum.pt\/en\/product-2\/quinta-de-sao-jose-reserva-tinto-75cl\/","title":{"rendered":"Quinta de S\u00e3o Jos\u00e9 Reserva Tinto 2018 75cl"},"content":{"rendered":"<p>O vinho corre nas veias deste descendente em linha directa de Dona Ant\u00f3nia Ferreira, a Ferreirinha. Jo\u00e3o Brito e Cunha \u00e9 um dos exemplos da nova gera\u00e7\u00e3o de en\u00f3logos e produtores que se instalaram no Douro e lan\u00e7aram projectos pessoais.<\/p>\n<p>Na base da paix\u00e3o deste viticultor est\u00e1 a Quinta de S. Jos\u00e9, no cora\u00e7\u00e3o do Douro &#8211; Ervedosa do Douro.<\/p>\n<p>A Quinta de S. Jos\u00e9 \u00e9 um projecto familiar que come\u00e7ou em in\u00edcio de 1999, pela vontade do Pai de Jo\u00e3o, Ruy Brito e Cunha devido \u00e0 excelente localiza\u00e7\u00e3o das casas da Quinta, praticamente em cima do rio. As casas foram recuperadas, respeitando o seu enquadramento e materiais t\u00edpicos da regi\u00e3o do Douro.<\/p>\n<p>Em 2005, Jo\u00e3o Brito e Cunha comprou \u00e0 fam\u00edlia toda a \u00e1rea de vinha, mato e marca da Quinta de S. Jos\u00e9 para ele pr\u00f3prio assumir e se dedicar ao projecto da produ\u00e7\u00e3o e comercializa\u00e7\u00e3o dos vinhos com a marca da Quinta de S. Jos\u00e9. A Quinta tem uma \u00e1rea de 10 hectares de vinha e a propriedade est\u00e1 integrada na \u00e1rea classificada \u201cVale do Douro Patrim\u00f3nio Mundial da Humanidade\u201d.<\/p>","protected":false},"excerpt":{"rendered":"<p>Castas: Touriga Nacional e vinhas velhas da Quinta.<\/p>\n<p>Cor p\u00farpura e bastante profunda, aromas muito complexos e distintos onde predominam o car\u00e1cter frutado e floral com notas especiadas, frescas de menta provenientes da madeira muito discreta e bem integrada no vinho. Na boca mostra fruta, complexidade com taninos de grande n\u00edvel que lhe conferem um longo final de boca. Esta combina\u00e7\u00e3o equilibrada de poder e eleg\u00e2ncia contribui certamente para o seu potencial de\u00a0 envelhecimento, pelo que o vinho beneficiar\u00e1 com alguns anos em garrafa.<\/p>","protected":false},"featured_media":4896,"template":"","meta":{"_exactmetrics_skip_tracking":false,"_exactmetrics_sitenote_active":false,"_exactmetrics_sitenote_note":"","_exactmetrics_sitenote_category":0,"_uf_show_specific_survey":0,"_uf_disable_surveys":false,"iawp_total_views":90},"product_brand":[],"product_cat":[215,184,157],"product_tag":[],"class_list":{"0":"post-13859","1":"product","2":"type-product","3":"status-publish","4":"has-post-thumbnail","6":"product_cat-douro","7":"product_cat-tinto","8":"product_cat-vinhos","10":"first","11":"instock","12":"shipping-taxable","13":"purchasable","14":"product-type-simple"},"_links":{"self":[{"href":"https:\/\/bracaravinum.pt\/en\/wp-json\/wp\/v2\/product\/13859","targetHints":{"allow":["GET"]}}],"collection":[{"href":"https:\/\/bracaravinum.pt\/en\/wp-json\/wp\/v2\/product"}],"about":[{"href":"https:\/\/bracaravinum.pt\/en\/wp-json\/wp\/v2\/types\/product"}],"wp:featuredmedia":[{"embeddable":true,"href":"https:\/\/bracaravinum.pt\/en\/wp-json\/wp\/v2\/media\/4896"}],"wp:attachment":[{"href":"https:\/\/bracaravinum.pt\/en\/wp-json\/wp\/v2\/media?parent=13859"}],"wp:term":[{"taxonomy":"product_brand","embeddable":true,"href":"https:\/\/bracaravinum.pt\/en\/wp-json\/wp\/v2\/product_brand?post=13859"},{"taxonomy":"product_cat","embeddable":true,"href":"https:\/\/bracaravinum.pt\/en\/wp-json\/wp\/v2\/product_cat?post=13859"},{"taxonomy":"product_tag","embeddable":true,"href":"https:\/\/bracaravinum.pt\/en\/wp-json\/wp\/v2\/product_tag?post=13859"}],"curies":[{"name":"wp","href":"https:\/\/api.w.org\/{rel}","templated":true}]}}