{"id":13678,"date":"2020-04-26T10:01:07","date_gmt":"2020-04-26T10:01:07","guid":{"rendered":"http:\/\/bracaravinum.pt\/?post_type=product&#038;p=13678"},"modified":"2026-04-04T09:19:44","modified_gmt":"2026-04-04T09:19:44","slug":"quinta-da-caldeirinha-tinta-roriz-bio-tinto-2013-75cl","status":"publish","type":"product","link":"https:\/\/bracaravinum.pt\/en\/product-2\/quinta-da-caldeirinha-tinta-roriz-bio-tinto-2013-75cl\/","title":{"rendered":"Quinta da Caldeirinha Tinta Roriz Bio Tinto 75cl"},"content":{"rendered":"<p><img decoding=\"async\" class=\"size-full wp-image-21658 aligncenter\" src=\"https:\/\/bracaravinum.pt\/wp-content\/uploads\/2020\/04\/transferir.jpg\" alt=\"\" width=\"198\" height=\"185\" srcset=\"https:\/\/bracaravinum.pt\/wp-content\/uploads\/2020\/04\/transferir.jpg 198w, https:\/\/bracaravinum.pt\/wp-content\/uploads\/2020\/04\/transferir-13x12.jpg 13w\" sizes=\"(max-width: 198px) 100vw, 198px\" \/><\/p>\n<p>A\u00a0Quinta da Caldeirinha, situada em Almofala (Figueira de Castelo Rodrigo) no Parque Natural do Douro Internacional, \u00e9 um produtor de refer\u00eancia na Beira Interior, focado em vinhos e azeites biol\u00f3gicos de altitude. Combinando tradi\u00e7\u00e3o familiar e agricultura sustent\u00e1vel (certificada pela SATIVA), a quinta produz vinhos frescos, elegantes e com grande potencial de envelhecimento, utilizando castas aut\u00f3ctones e internacionais<\/p>\n<p>Quinta da Caldeirinha selects the best grape varieties from organic farming planted in the Douro Internacional natural park in the Beira Interior region.<\/p>","protected":false},"excerpt":{"rendered":"<p><img decoding=\"async\" class=\"alignnone  wp-image-21660\" src=\"https:\/\/bracaravinum.pt\/wp-content\/uploads\/2020\/04\/transferir-300x169.webp\" alt=\"\" width=\"137\" height=\"77\" srcset=\"https:\/\/bracaravinum.pt\/wp-content\/uploads\/2020\/04\/transferir-300x169.webp 300w, https:\/\/bracaravinum.pt\/wp-content\/uploads\/2020\/04\/transferir-1024x576.webp 1024w, https:\/\/bracaravinum.pt\/wp-content\/uploads\/2020\/04\/transferir-768x432.webp 768w, https:\/\/bracaravinum.pt\/wp-content\/uploads\/2020\/04\/transferir-1536x864.webp 1536w, https:\/\/bracaravinum.pt\/wp-content\/uploads\/2020\/04\/transferir-18x10.webp 18w, https:\/\/bracaravinum.pt\/wp-content\/uploads\/2020\/04\/transferir-600x337.webp 600w\" sizes=\"(max-width: 137px) 100vw, 137px\" \/><\/p>\n<p>Vinified with grapes from organic farming and prolonged skin maceration that gives it structure and longevity. Aged in French oak wood. Wine is naturally stabilized, which can build up deposits over time.<\/p>\n<p>Vinho com cor granada, aroma de fruta doce, amoras, framboesa e morango maduro, notas vegetais. Bem estruturado e elegante.<\/p>","protected":false},"featured_media":9838,"template":"","meta":{"_exactmetrics_skip_tracking":false,"_exactmetrics_sitenote_active":false,"_exactmetrics_sitenote_note":"","_exactmetrics_sitenote_category":0,"_uf_show_specific_survey":0,"_uf_disable_surveys":false,"iawp_total_views":2},"product_brand":[],"product_cat":[157,184,211],"product_tag":[],"class_list":{"0":"post-13678","1":"product","2":"type-product","3":"status-publish","4":"has-post-thumbnail","6":"product_cat-vinhos","7":"product_cat-tinto","8":"product_cat-beiras","10":"first","11":"instock","12":"shipping-taxable","13":"purchasable","14":"product-type-simple"},"_links":{"self":[{"href":"https:\/\/bracaravinum.pt\/en\/wp-json\/wp\/v2\/product\/13678","targetHints":{"allow":["GET"]}}],"collection":[{"href":"https:\/\/bracaravinum.pt\/en\/wp-json\/wp\/v2\/product"}],"about":[{"href":"https:\/\/bracaravinum.pt\/en\/wp-json\/wp\/v2\/types\/product"}],"wp:featuredmedia":[{"embeddable":true,"href":"https:\/\/bracaravinum.pt\/en\/wp-json\/wp\/v2\/media\/9838"}],"wp:attachment":[{"href":"https:\/\/bracaravinum.pt\/en\/wp-json\/wp\/v2\/media?parent=13678"}],"wp:term":[{"taxonomy":"product_brand","embeddable":true,"href":"https:\/\/bracaravinum.pt\/en\/wp-json\/wp\/v2\/product_brand?post=13678"},{"taxonomy":"product_cat","embeddable":true,"href":"https:\/\/bracaravinum.pt\/en\/wp-json\/wp\/v2\/product_cat?post=13678"},{"taxonomy":"product_tag","embeddable":true,"href":"https:\/\/bracaravinum.pt\/en\/wp-json\/wp\/v2\/product_tag?post=13678"}],"curies":[{"name":"wp","href":"https:\/\/api.w.org\/{rel}","templated":true}]}}