{"id":12896,"date":"2020-03-30T21:53:14","date_gmt":"2020-03-30T21:53:14","guid":{"rendered":"http:\/\/bracaravinum.pt\/?post_type=product&#038;p=12896"},"modified":"2023-11-22T23:03:57","modified_gmt":"2023-11-22T23:03:57","slug":"ladano-tinto-75cl","status":"publish","type":"product","link":"https:\/\/bracaravinum.pt\/en\/produto\/ladano-tinto-75cl\/","title":{"rendered":"L\u00e1dano Reserva Tinto 75cl"},"content":{"rendered":"<p style=\"text-align: center\"><img fetchpriority=\"high\" decoding=\"async\" class=\"alignnone size-full wp-image-15286\" src=\"http:\/\/bracaravinum.pt\/wp-content\/uploads\/2022\/02\/ladano-logo.png\" alt=\"\" width=\"262\" height=\"201\" \/><\/p>\n<p>Sitting on the shoulders of the Douro lies the village of Freixo de Espada-\u00e0-Cinta, proud owner of a unique history and the most captivating landscapes that the north of Portugal can offer. The most Manueline village in Portugal combines centuries-old traditions with an enviable legacy of wine production.<\/p>\n<p>It is on these steep slopes of schist soil of the oldest demarcated region in the world that the septuagenarian vineyards that give life to L\u00e1dano rest peacefully, a wine that originates from a process of little intervention and spontaneous fermentation that allows it to best express its terroir and offer a harmonious and immersive experience.<\/p>\n<h3 class=\"sc_section_title sc_item_title\">DANIEL CARVALHO COSTA<\/h3>\n<div class=\"sc_section_descr sc_item_descr\">Daniel Carvalho Costa is a young winemaker and producer belonging to the fourth generation of a wine producing family in the Douro Region.<br \/>\nWith extensive experience in creating quality wines for different producers in this region, Daniel has a personal project in L\u00e1dano to which he dedicates all his passion and knowledge.<\/div>","protected":false},"excerpt":{"rendered":"<p>Com um est\u00e1gio de 12 meses em barricas velhas de carvalho franc\u00eas, o L\u00e1dano Tinto \u00e9 um vinho complexo, equilibrado e de aromas vivos, onde sobressaem as notas de framboesa, de cereja preta e ameixas.<\/p>\n<p>Oferece um final prolongado, com taninos aveludados e elegantemente associados a frescura e fruta madura.<\/p>","protected":false},"featured_media":2155,"template":"","meta":{"_exactmetrics_skip_tracking":false,"_exactmetrics_sitenote_active":false,"_exactmetrics_sitenote_note":"","_exactmetrics_sitenote_category":0,"_uf_show_specific_survey":0,"_uf_disable_surveys":false,"iawp_total_views":18},"product_brand":[],"product_cat":[215,184,157],"product_tag":[],"class_list":{"0":"post-12896","1":"product","2":"type-product","3":"status-publish","4":"has-post-thumbnail","6":"product_cat-douro","7":"product_cat-tinto","8":"product_cat-vinhos","10":"first","11":"instock","12":"shipping-taxable","13":"purchasable","14":"product-type-simple"},"_links":{"self":[{"href":"https:\/\/bracaravinum.pt\/en\/wp-json\/wp\/v2\/product\/12896","targetHints":{"allow":["GET"]}}],"collection":[{"href":"https:\/\/bracaravinum.pt\/en\/wp-json\/wp\/v2\/product"}],"about":[{"href":"https:\/\/bracaravinum.pt\/en\/wp-json\/wp\/v2\/types\/product"}],"wp:featuredmedia":[{"embeddable":true,"href":"https:\/\/bracaravinum.pt\/en\/wp-json\/wp\/v2\/media\/2155"}],"wp:attachment":[{"href":"https:\/\/bracaravinum.pt\/en\/wp-json\/wp\/v2\/media?parent=12896"}],"wp:term":[{"taxonomy":"product_brand","embeddable":true,"href":"https:\/\/bracaravinum.pt\/en\/wp-json\/wp\/v2\/product_brand?post=12896"},{"taxonomy":"product_cat","embeddable":true,"href":"https:\/\/bracaravinum.pt\/en\/wp-json\/wp\/v2\/product_cat?post=12896"},{"taxonomy":"product_tag","embeddable":true,"href":"https:\/\/bracaravinum.pt\/en\/wp-json\/wp\/v2\/product_tag?post=12896"}],"curies":[{"name":"wp","href":"https:\/\/api.w.org\/{rel}","templated":true}]}}