{"id":12819,"date":"2020-03-28T20:21:46","date_gmt":"2020-03-28T20:21:46","guid":{"rendered":"http:\/\/bracaravinum.pt\/?post_type=product&#038;p=12819"},"modified":"2022-07-01T18:25:22","modified_gmt":"2022-07-01T18:25:22","slug":"porto-quinta-do-infantado-lbv-1988-75cl","status":"publish","type":"product","link":"https:\/\/bracaravinum.pt\/en\/produto\/porto-quinta-do-infantado-lbv-1988-75cl\/","title":{"rendered":"Porto Quinta do Infantado LBV 1988 75cl"},"content":{"rendered":"<p><img decoding=\"async\" class=\"size-full wp-image-15975 aligncenter\" src=\"http:\/\/bracaravinum.pt\/wp-content\/uploads\/2020\/03\/qta-infantado-logo.png\" alt=\"\" width=\"161\" height=\"84\" srcset=\"https:\/\/bracaravinum.pt\/wp-content\/uploads\/2020\/03\/qta-infantado-logo.png 161w, https:\/\/bracaravinum.pt\/wp-content\/uploads\/2020\/03\/qta-infantado-logo-18x9.png 18w\" sizes=\"(max-width: 161px) 100vw, 161px\" \/><\/p>\n<p>The history of Quinta do Infantado is long, since its creation in 1816. Founded by Infante D. Pedro, future King D. Pedro IV of Portugal and D. Pedro I of Brazil, it has been in the possession of the Roseira family for more than a century . It is located approximately 4km from Pinh\u00e3o, in the unique terroir of Vale de Gontelho, a microregion that has long stood out for the quality of its wines.<br \/>\nFor six generations, the \u201cRoseira\u201d of Covas do Douro has lived a life of vineyards and wines with passion and enthusiasm.<br \/>\nThe first two generations only cultivated vineyards. With the purchase of Quinta do Infantado, Jo\u00e3o Lopes Roseira began producing fortified wine.<br \/>\nIn 1979, his sons Lu\u00eds and Ant\u00f3nio, based on the concepts of terroir and vigneron, began bottling their Port Wines, making the family&#039;s dream come true. With this innovation, Quinta do Infantado became the farm grown and bottled of Port Wine, thus breaking the monopoly of\u00a0<em>dealers<\/em>\u00a0from Vila Nova de Gaia.<br \/>\nAfter the death of Lu\u00eds and Ant\u00f3nio, their heirs continue to search for the highest quality and maintain the path of innovation in tradition.<\/p>","protected":false},"excerpt":{"rendered":"<p>A hist\u00f3ria da Quinta do Infantado \u00e9 longa, desde a sua cria\u00e7\u00e3o em 1816. Fundada pelo Infante D. Pedro, futuro Rei D. Pedro IV de Portugal e D. Pedro I do Brasil, est\u00e1 na posse da fam\u00edlia Roseira h\u00e1 mais de um s\u00e9culo.\u00a0Situa-se a cerca de 4km do Pinh\u00e3o, no terroir \u00fanico de Vale de [&hellip;]<\/p>\n","protected":false},"featured_media":1938,"template":"","meta":{"_exactmetrics_skip_tracking":false,"_exactmetrics_sitenote_active":false,"_exactmetrics_sitenote_note":"","_exactmetrics_sitenote_category":0,"_uf_show_specific_survey":0,"_uf_disable_surveys":false,"iawp_total_views":44},"product_brand":[],"product_cat":[176,159,162],"product_tag":[],"class_list":{"0":"post-12819","1":"product","2":"type-product","3":"status-publish","4":"has-post-thumbnail","6":"product_cat-porto-l-b-v","7":"product_cat-portos","8":"product_cat-raridades","10":"first","11":"instock","12":"shipping-taxable","13":"purchasable","14":"product-type-simple"},"_links":{"self":[{"href":"https:\/\/bracaravinum.pt\/en\/wp-json\/wp\/v2\/product\/12819","targetHints":{"allow":["GET"]}}],"collection":[{"href":"https:\/\/bracaravinum.pt\/en\/wp-json\/wp\/v2\/product"}],"about":[{"href":"https:\/\/bracaravinum.pt\/en\/wp-json\/wp\/v2\/types\/product"}],"wp:featuredmedia":[{"embeddable":true,"href":"https:\/\/bracaravinum.pt\/en\/wp-json\/wp\/v2\/media\/1938"}],"wp:attachment":[{"href":"https:\/\/bracaravinum.pt\/en\/wp-json\/wp\/v2\/media?parent=12819"}],"wp:term":[{"taxonomy":"product_brand","embeddable":true,"href":"https:\/\/bracaravinum.pt\/en\/wp-json\/wp\/v2\/product_brand?post=12819"},{"taxonomy":"product_cat","embeddable":true,"href":"https:\/\/bracaravinum.pt\/en\/wp-json\/wp\/v2\/product_cat?post=12819"},{"taxonomy":"product_tag","embeddable":true,"href":"https:\/\/bracaravinum.pt\/en\/wp-json\/wp\/v2\/product_tag?post=12819"}],"curies":[{"name":"wp","href":"https:\/\/api.w.org\/{rel}","templated":true}]}}