{"id":12815,"date":"2020-03-28T19:05:15","date_gmt":"2020-03-28T19:05:15","guid":{"rendered":"http:\/\/bracaravinum.pt\/?post_type=product&#038;p=12815"},"modified":"2024-11-18T16:11:59","modified_gmt":"2024-11-18T16:11:59","slug":"porto-messias-quinta-do-cachao-vintage-1984","status":"publish","type":"product","link":"https:\/\/bracaravinum.pt\/en\/product-2\/porto-messias-quinta-do-cachao-vintage-1984\/","title":{"rendered":"Porto Messias Quinta do Cach\u00e3o Vintage 1984 75cl"},"content":{"rendered":"<p><img fetchpriority=\"high\" decoding=\"async\" class=\"size-medium wp-image-15339 aligncenter\" src=\"http:\/\/bracaravinum.pt\/wp-content\/uploads\/2022\/02\/messias-logo-300x170.jpg\" alt=\"\" width=\"300\" height=\"170\" srcset=\"https:\/\/bracaravinum.pt\/wp-content\/uploads\/2022\/02\/messias-logo-300x170.jpg 300w, https:\/\/bracaravinum.pt\/wp-content\/uploads\/2022\/02\/messias-logo.jpg 550w\" sizes=\"(max-width: 300px) 100vw, 300px\" \/><\/p>\n<div class=\"wpb_row vc_row vc_row-fluid mk-fullwidth-true attched-false js-master-row mk-in-viewport\">\n<div class=\"vc_col-sm-8 wpb_column column_container _ height-full\">\n<div class=\"vc_custom_1504090811872\">\n<div id=\"text-block-3\" class=\"mk-text-block\">\n<p>Quinta do Cach\u00e3o is located on the bank of the Douro River, in Cima Corgo, the most inhospitable, ancient, deep and beautiful region to which the river lends its name. This vineyard was planted for the first time in 1845, by Bar\u00e3o do Seixo , later being acquired by the Afonso Cabral family, who in turn sold it to the Messias family in 1956. In order to increase its production, Messias acquired in 1958, an adjacent property, Quinta do Rei, then owned by Gonzalez Byass.<\/p>\n<\/div>\n<\/div>\n<\/div>\n<\/div>\n<div class=\"wpb_row vc_row vc_row-fluid mk-fullwidth-true attched-false js-master-row mk-in-viewport\">\n<div class=\"vc_col-sm-8 wpb_column column_container _ height-full\">\n<div class=\"vc_custom_1504090837382\">\n<div id=\"text-block-4\" class=\"mk-text-block\">\n<p><strong>TERROIR<\/strong><\/p>\n<p>Stretching across the slopes of a hill topped by a small chapel dedicated to Saint B\u00e1rbara, the Quinta currently occupies 200 hectares, half of which are cultivated with vineyards, classified as the letter A, the highest category on the Douro scale. The grape varieties planted are naturally traditional in the region, capable of producing both Port Wine and wine with the Douro Designation of Origin. Touriga Franca and Tinta Roriz constitute the dominant grape varieties, followed by the Touriga Nacional, Tinta Barroca and Tinto C\u00e3o varieties.<\/p>\n<\/div>\n<\/div>\n<\/div>\n<\/div>","protected":false},"excerpt":{"rendered":"<p>CASTAS\u00a0Touriga Nacional, Touriga Franca, Tinta Barroca, Tinta Roriz, Tinto C\u00e3o<\/p>\n<p>Vinho com uma boa evolu\u00e7\u00e3o dos aromas de redu\u00e7\u00e3o, com eleg\u00e2ncia e vinosidade. Sobressai a fruta madura, com notas de frutos silvestres com incid\u00eancia na amora, na boca confirma-se toda a sua categoria com um final de boca prolongado.<\/p>\n<p><img decoding=\"async\" class=\"alignnone wp-image-3465\" src=\"https:\/\/bracaravinum.pt\/wp-content\/uploads\/2020\/04\/ribbon-red-e1587637230590.png\" alt=\"\" width=\"47\" height=\"47\" \/><\/p>\n<div class=\"vc_custom_1510765564426\">\n<div id=\"text-block-2\" class=\"mk-text-block\">\n<p>17 Pontos, Jo\u00e3o Paulo Martins \u2013 Vinhos de Portugal 2018<\/p>\n<\/div>\n<\/div>","protected":false},"featured_media":10253,"template":"","meta":{"_exactmetrics_skip_tracking":false,"_exactmetrics_sitenote_active":false,"_exactmetrics_sitenote_note":"","_exactmetrics_sitenote_category":0,"_uf_show_specific_survey":0,"_uf_disable_surveys":false,"iawp_total_views":45},"product_brand":[],"product_cat":[162,159,168],"product_tag":[],"class_list":{"0":"post-12815","1":"product","2":"type-product","3":"status-publish","4":"has-post-thumbnail","6":"product_cat-raridades","7":"product_cat-portos","8":"product_cat-vintage","10":"first","11":"instock","12":"featured","13":"shipping-taxable","14":"purchasable","15":"product-type-simple"},"_links":{"self":[{"href":"https:\/\/bracaravinum.pt\/en\/wp-json\/wp\/v2\/product\/12815","targetHints":{"allow":["GET"]}}],"collection":[{"href":"https:\/\/bracaravinum.pt\/en\/wp-json\/wp\/v2\/product"}],"about":[{"href":"https:\/\/bracaravinum.pt\/en\/wp-json\/wp\/v2\/types\/product"}],"wp:featuredmedia":[{"embeddable":true,"href":"https:\/\/bracaravinum.pt\/en\/wp-json\/wp\/v2\/media\/10253"}],"wp:attachment":[{"href":"https:\/\/bracaravinum.pt\/en\/wp-json\/wp\/v2\/media?parent=12815"}],"wp:term":[{"taxonomy":"product_brand","embeddable":true,"href":"https:\/\/bracaravinum.pt\/en\/wp-json\/wp\/v2\/product_brand?post=12815"},{"taxonomy":"product_cat","embeddable":true,"href":"https:\/\/bracaravinum.pt\/en\/wp-json\/wp\/v2\/product_cat?post=12815"},{"taxonomy":"product_tag","embeddable":true,"href":"https:\/\/bracaravinum.pt\/en\/wp-json\/wp\/v2\/product_tag?post=12815"}],"curies":[{"name":"wp","href":"https:\/\/api.w.org\/{rel}","templated":true}]}}