{"id":12721,"date":"2020-03-28T11:45:58","date_gmt":"2020-03-28T11:45:58","guid":{"rendered":"http:\/\/bracaravinum.pt\/?post_type=product&#038;p=12721"},"modified":"2022-09-30T14:56:58","modified_gmt":"2022-09-30T14:56:58","slug":"porto-fonseca-terra-prima-organic-75cl","status":"publish","type":"product","link":"https:\/\/bracaravinum.pt\/en\/product-2\/porto-fonseca-terra-prima-organic-75cl\/","title":{"rendered":"Porto Fonseca Terra Prima Organic 75cl"},"content":{"rendered":"<p><img decoding=\"async\" class=\"size-medium wp-image-16440 aligncenter\" src=\"http:\/\/bracaravinum.pt\/wp-content\/uploads\/2022\/09\/fonseca-logo-300x107.jpg\" alt=\"\" width=\"300\" height=\"107\" srcset=\"https:\/\/bracaravinum.pt\/wp-content\/uploads\/2022\/09\/fonseca-logo-300x107.jpg 300w, https:\/\/bracaravinum.pt\/wp-content\/uploads\/2022\/09\/fonseca-logo-1024x364.jpg 1024w, https:\/\/bracaravinum.pt\/wp-content\/uploads\/2022\/09\/fonseca-logo-768x273.jpg 768w, https:\/\/bracaravinum.pt\/wp-content\/uploads\/2022\/09\/fonseca-logo-1536x545.jpg 1536w, https:\/\/bracaravinum.pt\/wp-content\/uploads\/2022\/09\/fonseca-logo-18x6.jpg 18w, https:\/\/bracaravinum.pt\/wp-content\/uploads\/2022\/09\/fonseca-logo-600x213.jpg 600w, https:\/\/bracaravinum.pt\/wp-content\/uploads\/2022\/09\/fonseca-logo.jpg 1600w\" sizes=\"(max-width: 300px) 100vw, 300px\" \/><\/p>\n<p>From the legendary 1840, the first Vintage Port wine to be launched on the market, to the fantastic vintages declared in the last decade, the company has produced a series of acclaimed wines, even in the most adverse moments in history.<\/p>\n<p>James Suckling, in his reference book on Vintage Port wines, describes the following: \u201cFonseca Vintage Ports are consistently perhaps the best of all. Not only do they have remarkable corpulence and powerful wealth when they are young, but they also maintain that youth for decades.\u201d<\/p>\n<p>This consistency is the result not only of the continuity of family involvement and of all the knowledge and skills passed down from generation to generation, as well as a very close connection with the vineyard. The company&#039;s three properties \u2013 Cruzeiro, Panascal and Santo Ant\u00f3nio \u2013 are the heart of the character that distinguishes its Vintage Port wines.<\/p>\n<p>Fonseca&#039;s respect for the vineyard and its unique environment in the Douro region is expressed in the company&#039;s leadership in the area of sustainable and organic viticulture. This was the first production house to produce Port wine entirely made from organically produced grapes.<\/p>\n<p>However, to wine enthusiasts around the world, Fonseca is best known as the producer of Bin No.27. This Reserve Port wine, launched four decades ago, is one of the most popular and successful batches of Port wine. Sharing the heritage of the great Fonseca Vintage Port wines, Bin No. 27 displays the opulent fruity character that defines the Fonseca house style.<\/p>\n<p>Perhaps more than any other Port wine producing house, Fonseca has built a loyal community of Port enthusiasts who value its individuality and the inimitable character of its wines. This community includes connoisseurs, collectors, sommeliers and restaurant service entrepreneurs, as well as those who simply enjoy drinking their wonderfully rich and complex Port wines.<\/p>","protected":false},"excerpt":{"rendered":"<p>Desde o lend\u00e1rio 1840, o primeiro\u00a0vinho do Porto Vintage\u00a0a ser lan\u00e7ado no mercado, at\u00e9 aos fant\u00e1sticos vintages declarados na \u00faltima d\u00e9cada, a empresa tem produzido uma s\u00e9rie de vinhos aclamados, mesmo nos momentos mais adversos da hist\u00f3ria. James Suckling, no seu livro refer\u00eancia sobre vinhos do Porto Vintage, descreve o seguinte: &#8221; Os Portos Vintage [&hellip;]<\/p>","protected":false},"featured_media":1718,"template":"","meta":{"_exactmetrics_skip_tracking":false,"_exactmetrics_sitenote_active":false,"_exactmetrics_sitenote_note":"","_exactmetrics_sitenote_category":0,"_uf_show_specific_survey":0,"_uf_disable_surveys":false,"iawp_total_views":18},"product_brand":[],"product_cat":[159,174],"product_tag":[],"class_list":{"0":"post-12721","1":"product","2":"type-product","3":"status-publish","4":"has-post-thumbnail","6":"product_cat-portos","7":"product_cat-reserve","9":"first","10":"instock","11":"shipping-taxable","12":"purchasable","13":"product-type-simple"},"_links":{"self":[{"href":"https:\/\/bracaravinum.pt\/en\/wp-json\/wp\/v2\/product\/12721","targetHints":{"allow":["GET"]}}],"collection":[{"href":"https:\/\/bracaravinum.pt\/en\/wp-json\/wp\/v2\/product"}],"about":[{"href":"https:\/\/bracaravinum.pt\/en\/wp-json\/wp\/v2\/types\/product"}],"wp:featuredmedia":[{"embeddable":true,"href":"https:\/\/bracaravinum.pt\/en\/wp-json\/wp\/v2\/media\/1718"}],"wp:attachment":[{"href":"https:\/\/bracaravinum.pt\/en\/wp-json\/wp\/v2\/media?parent=12721"}],"wp:term":[{"taxonomy":"product_brand","embeddable":true,"href":"https:\/\/bracaravinum.pt\/en\/wp-json\/wp\/v2\/product_brand?post=12721"},{"taxonomy":"product_cat","embeddable":true,"href":"https:\/\/bracaravinum.pt\/en\/wp-json\/wp\/v2\/product_cat?post=12721"},{"taxonomy":"product_tag","embeddable":true,"href":"https:\/\/bracaravinum.pt\/en\/wp-json\/wp\/v2\/product_tag?post=12721"}],"curies":[{"name":"wp","href":"https:\/\/api.w.org\/{rel}","templated":true}]}}