{"id":12557,"date":"2020-03-25T10:19:45","date_gmt":"2020-03-25T10:19:45","guid":{"rendered":"http:\/\/bracaravinum.pt\/?post_type=product&#038;p=12557"},"modified":"2025-10-14T09:28:09","modified_gmt":"2025-10-14T09:28:09","slug":"quinta-do-noval-petit-verdot-tinto-75cl","status":"publish","type":"product","link":"https:\/\/bracaravinum.pt\/en\/produto\/quinta-do-noval-petit-verdot-tinto-75cl\/","title":{"rendered":"Quinta do Noval Petit Verdot Tinto 2020 75cl"},"content":{"rendered":"<p><img decoding=\"async\" class=\"size-medium wp-image-15374 aligncenter\" src=\"http:\/\/bracaravinum.pt\/wp-content\/uploads\/2022\/02\/noval-logo-300x105.jpg\" alt=\"\" width=\"300\" height=\"105\" srcset=\"https:\/\/bracaravinum.pt\/wp-content\/uploads\/2022\/02\/noval-logo-300x105.jpg 300w, https:\/\/bracaravinum.pt\/wp-content\/uploads\/2022\/02\/noval-logo-768x268.jpg 768w, https:\/\/bracaravinum.pt\/wp-content\/uploads\/2022\/02\/noval-logo-600x209.jpg 600w, https:\/\/bracaravinum.pt\/wp-content\/uploads\/2022\/02\/noval-logo.jpg 800w\" sizes=\"(max-width: 300px) 100vw, 300px\" \/><\/p>\n<p>O Petit Verdot \u00e9 uma variedade superior com uma forte personalidade individual e um enorme potencial de qualidade. \u00c9 mais conhecido pela sua presen\u00e7a em pequenas propor\u00e7\u00f5es nos lotes dos grandes vinhos do M\u00e9doc. Precisa de sol e calor para amadurecer por completo, e adaptou-se extremamente bem ao Douro, produzindo um vinho de casta \u00fanica de car\u00e1ter e individualidade exuberantes.<\/p>\n<p>2017 ficou caracterizado pelo inverno frio e seco, seguido de uma primavera e vera\u0303o excecionalmente quentes e secos. Al\u00e9m da forte queda de chuva (25mm) no dia 6 de Julho na Quinta do Noval, apenas 300mm cai\u0301ram desde Novembro de 2016.<br \/>\nJunho foi o me\u0302s mais quente desde 1980, com temperaturas que atingiram os 42-44\u00b0C no vale do Douro durante a onda de calor sentida entre os dias 7 e 24 de Junho. Devido a estas condic\u0327o\u0303es climat\u00e9ricas extremas, todo o ciclo de crescimento da vinha adiantou se 15 a 20 dias comparado ao ano de 2016. As vinhas suportaram bem a escassez de a\u0301gua e altas temperaturas. No final do me\u0302s de Agosto a vindima apresentou-se muito promissora e em excelentes condic\u0327o\u0303es fitossanita\u0301rias.<br \/>\nA vindima comec\u0327ou muito mais cedo do que o habitual devido \u00e0s condic\u0327o\u0303es climat\u00e9ricas: no dia 17 de Agosto para os vinhos brancos e 21 de Agosto para os tintos e vinhos do porto. Terminou no dia 28 de Setembro com temperaturas altas e completa ause\u0302ncia de chuva.<\/p>","protected":false},"excerpt":{"rendered":"<p>Este vinho apresenta uma cor muito intensa que transmite desde logo a sua exuber\u00e2ncia. \u00c9 muito expressivo com aromas a frutos silvestres bem casados. A barrica est\u00e1 muito bem integrada suportada pela estrutura t\u00e2nica. Melhorar\u00e1 em garrafa por muitos anos.<br \/>\nCarlos Agrellos, Technical Director<\/p>","protected":false},"featured_media":1307,"template":"","meta":{"_exactmetrics_skip_tracking":false,"_exactmetrics_sitenote_active":false,"_exactmetrics_sitenote_note":"","_exactmetrics_sitenote_category":0,"_uf_show_specific_survey":0,"_uf_disable_surveys":false,"iawp_total_views":29},"product_brand":[],"product_cat":[215,184,157],"product_tag":[],"class_list":{"0":"post-12557","1":"product","2":"type-product","3":"status-publish","4":"has-post-thumbnail","6":"product_cat-douro","7":"product_cat-tinto","8":"product_cat-vinhos","10":"first","11":"instock","12":"shipping-taxable","13":"purchasable","14":"product-type-simple"},"_links":{"self":[{"href":"https:\/\/bracaravinum.pt\/en\/wp-json\/wp\/v2\/product\/12557","targetHints":{"allow":["GET"]}}],"collection":[{"href":"https:\/\/bracaravinum.pt\/en\/wp-json\/wp\/v2\/product"}],"about":[{"href":"https:\/\/bracaravinum.pt\/en\/wp-json\/wp\/v2\/types\/product"}],"wp:featuredmedia":[{"embeddable":true,"href":"https:\/\/bracaravinum.pt\/en\/wp-json\/wp\/v2\/media\/1307"}],"wp:attachment":[{"href":"https:\/\/bracaravinum.pt\/en\/wp-json\/wp\/v2\/media?parent=12557"}],"wp:term":[{"taxonomy":"product_brand","embeddable":true,"href":"https:\/\/bracaravinum.pt\/en\/wp-json\/wp\/v2\/product_brand?post=12557"},{"taxonomy":"product_cat","embeddable":true,"href":"https:\/\/bracaravinum.pt\/en\/wp-json\/wp\/v2\/product_cat?post=12557"},{"taxonomy":"product_tag","embeddable":true,"href":"https:\/\/bracaravinum.pt\/en\/wp-json\/wp\/v2\/product_tag?post=12557"}],"curies":[{"name":"wp","href":"https:\/\/api.w.org\/{rel}","templated":true}]}}