{"id":12551,"date":"2020-03-25T10:01:01","date_gmt":"2020-03-25T10:01:01","guid":{"rendered":"http:\/\/bracaravinum.pt\/?post_type=product&#038;p=12551"},"modified":"2024-12-07T15:47:23","modified_gmt":"2024-12-07T15:47:23","slug":"quinta-do-estanho-superior-tinto-2017-75cl","status":"publish","type":"product","link":"https:\/\/bracaravinum.pt\/en\/produto\/quinta-do-estanho-superior-tinto-2017-75cl\/","title":{"rendered":"Quinta do Estanho Superior Tinto 2019 75cl"},"content":{"rendered":"<p><img fetchpriority=\"high\" decoding=\"async\" class=\"size-full wp-image-15248 aligncenter\" src=\"http:\/\/bracaravinum.pt\/wp-content\/uploads\/2022\/02\/estanho-logo.png\" alt=\"\" width=\"237\" height=\"222\" \/><\/p>\n<p>From the first grape\u2026<\/p>\n<p>On the rugged and steep slopes of the Douro, through the blessing of the sun and the art of man, the vine produces nectar worthy of the table of the gods.<\/p>\n<p>The archaeological fame of the Douro predates the wine industry. In fact, people passed through this region who discovered the wealth of the subsoil. These exploited gold and tin, which were not only abundant, but could be extracted by rudimentary means used in prehistoric times.<\/p>\n<p>From tin to wine was one step. And it is on the left bank of the Pinh\u00e3o river, recognized as ancestral, that \u201cQuinta do Estanho\u201d is located, known by the name of the mineral that proliferated there. After exploring the subsoil, the vineyards are cultivated.<\/p>","protected":false},"excerpt":{"rendered":"<p>Cor rubi intensa. O aroma \u00e9 complexo com aromas florais combinados com frutos vermelhos e silvestres, notas de especiarias (noz moscada e cravinho). Revela nuances de esteva e mentol que lhe conferem frescura. Na boca surpreende pela acidez equilibrada, concentra\u00e7\u00e3o e pelos seus taninos finos e sedosos. O final \u00e9 longo e persistente, de grande persist\u00eancia.<\/p>\n<p>Disfrutar com carnes brancas, carnes vermelhas, churrascos, gastronomia italiana, sushi ou queijos de m\u00e9dia intensidade. Servir a 16\u00ba &#8211; 18\u00baC.<\/p>","protected":false},"featured_media":1295,"template":"","meta":{"_exactmetrics_skip_tracking":false,"_exactmetrics_sitenote_active":false,"_exactmetrics_sitenote_note":"","_exactmetrics_sitenote_category":0,"_uf_show_specific_survey":0,"_uf_disable_surveys":false,"iawp_total_views":12},"product_brand":[],"product_cat":[215,184,157],"product_tag":[],"class_list":{"0":"post-12551","1":"product","2":"type-product","3":"status-publish","4":"has-post-thumbnail","6":"product_cat-douro","7":"product_cat-tinto","8":"product_cat-vinhos","10":"first","11":"instock","12":"shipping-taxable","13":"purchasable","14":"product-type-simple"},"_links":{"self":[{"href":"https:\/\/bracaravinum.pt\/en\/wp-json\/wp\/v2\/product\/12551","targetHints":{"allow":["GET"]}}],"collection":[{"href":"https:\/\/bracaravinum.pt\/en\/wp-json\/wp\/v2\/product"}],"about":[{"href":"https:\/\/bracaravinum.pt\/en\/wp-json\/wp\/v2\/types\/product"}],"wp:featuredmedia":[{"embeddable":true,"href":"https:\/\/bracaravinum.pt\/en\/wp-json\/wp\/v2\/media\/1295"}],"wp:attachment":[{"href":"https:\/\/bracaravinum.pt\/en\/wp-json\/wp\/v2\/media?parent=12551"}],"wp:term":[{"taxonomy":"product_brand","embeddable":true,"href":"https:\/\/bracaravinum.pt\/en\/wp-json\/wp\/v2\/product_brand?post=12551"},{"taxonomy":"product_cat","embeddable":true,"href":"https:\/\/bracaravinum.pt\/en\/wp-json\/wp\/v2\/product_cat?post=12551"},{"taxonomy":"product_tag","embeddable":true,"href":"https:\/\/bracaravinum.pt\/en\/wp-json\/wp\/v2\/product_tag?post=12551"}],"curies":[{"name":"wp","href":"https:\/\/api.w.org\/{rel}","templated":true}]}}