{"id":12485,"date":"2020-03-24T12:41:17","date_gmt":"2020-03-24T12:41:17","guid":{"rendered":"http:\/\/bracaravinum.pt\/?post_type=product&#038;p=12485"},"modified":"2023-05-03T16:51:19","modified_gmt":"2023-05-03T16:51:19","slug":"porto-portal-10-anos-tawny","status":"publish","type":"product","link":"https:\/\/bracaravinum.pt\/en\/product-2\/porto-portal-10-anos-tawny\/","title":{"rendered":"Porto Portal 10 years Tawny 75cl"},"content":{"rendered":"<p><img decoding=\"async\" class=\"size-full wp-image-15400 aligncenter\" src=\"http:\/\/bracaravinum.pt\/wp-content\/uploads\/2022\/02\/portal-logo.png\" alt=\"\" width=\"188\" height=\"186\" srcset=\"https:\/\/bracaravinum.pt\/wp-content\/uploads\/2022\/02\/portal-logo.png 188w, https:\/\/bracaravinum.pt\/wp-content\/uploads\/2022\/02\/portal-logo-100x100.png 100w\" sizes=\"(max-width: 188px) 100vw, 188px\" \/><\/p>\n<p>A\u00a0<strong>Quinta do Portal<\/strong> is a Portuguese, family and independent house that passionately embraced the concept of \u201cBoutique Winery\u201d. It is dedicated to the production of Douro wines, Port wines of special categories, and also Muscats and Olive Oil.<\/p>\n<p>This project materialized at the beginning of the 90s of the century. XX, was based on Quinta dos Muros, a century-old property of the Mansilha family, and the Port Wine that had been produced there for 4 generations. With a vision of the future, he immediately invested in creating world-class Douro wines, being part of the first group of the new generation of Douro producers who, in good time, believed in the potential of still Douro wines.<\/p>\n<p>At the helm of oenology and production is Paulo Coutinho, who has been with us since 1994. With the technical support of Pascal Chatonnet on Douro wines since 1992, and also had the privilege of working with Jeremy Bull on Port wines at the turn of the century .<\/p>\n<p>Quality has always been the motto, as evidenced by the numerous national and international distinctions awarded both to wines and olive oils and to the various services at Quinta do Portal.<\/p>\n<p>The Quinta do Portal vineyards are in the Integrated Production process, which requires compliance with certain standards in order to guarantee environmental protection.<br \/>\nMembers of The Porto Protocol, a movement whose values are SUSTAINABILITY, OPTIMISM and SHARING through Responsibility, Collaboration and Commitment. The Mission is to promote collaborative action by bringing together a network of \u201cdoers\u201d of change and feasible solutions in terms of climate for the world of wine, and the Vision is to have a world where companies join forces and act together to delay and change the climate changes.<\/p>\n<p>In the vineyards, some of the practices used include:<br \/>\n&gt; non-mobilization of the soil between the rows;<br \/>\n&gt; incorporation of pruning firewood into the soil;<br \/>\n&gt; non-use of residual herbicides;<br \/>\n&gt; low volume flow rates when applying phytopharmaceuticals;<br \/>\n&gt; increasing use of organic correctives;<br \/>\n&gt; strategy of applying phytosanitary products only when the economic level of attack is reached;<br \/>\n&gt; planting vineyards in a \u201cVinha ao Alto\u201d system up to 40% of soil slope, and from 40 to 60% planting on terraces with a row of vines. This avoids the use of herbicides on slopes, and their height is also lower.<\/p>\n<p>With the practices described, it is possible to protect auxiliary organisms, particularly those from the coccinellid family.<br \/>\nAlso noteworthy is the reappearance of flocks of partridges in the vineyards.<\/p>","protected":false},"excerpt":{"rendered":"<p>O Portal 10 Anos resulta de um lote de vinhos que envelheceram em casco ao longo de v\u00e1rios anos, onde adquiriram a tonalidade \u00e2mbar e onde a concentra\u00e7\u00e3o de fruto jovem se foi transformando em elegantes notas de frutos secos, caf\u00e9 e caramelo.<br \/>\n\u00c9 um vinho com bom corpo, muito bem equilibrado pela acidez.<br \/>\nIdeal para acompanhar a do\u00e7aria tradicional portuguesa, tarte de ma\u00e7\u00e3 ou mesmo gelado de macadamia ou baunilha.<\/p>","protected":false},"featured_media":1095,"template":"","meta":{"_exactmetrics_skip_tracking":false,"_exactmetrics_sitenote_active":false,"_exactmetrics_sitenote_note":"","_exactmetrics_sitenote_category":0,"_uf_show_specific_survey":0,"_uf_disable_surveys":false,"iawp_total_views":32},"product_brand":[],"product_cat":[159,175],"product_tag":[],"class_list":{"0":"post-12485","1":"product","2":"type-product","3":"status-publish","4":"has-post-thumbnail","6":"product_cat-portos","7":"product_cat-porto-10-20-30-40-50-80","9":"first","10":"instock","11":"shipping-taxable","12":"purchasable","13":"product-type-simple"},"_links":{"self":[{"href":"https:\/\/bracaravinum.pt\/en\/wp-json\/wp\/v2\/product\/12485","targetHints":{"allow":["GET"]}}],"collection":[{"href":"https:\/\/bracaravinum.pt\/en\/wp-json\/wp\/v2\/product"}],"about":[{"href":"https:\/\/bracaravinum.pt\/en\/wp-json\/wp\/v2\/types\/product"}],"wp:featuredmedia":[{"embeddable":true,"href":"https:\/\/bracaravinum.pt\/en\/wp-json\/wp\/v2\/media\/1095"}],"wp:attachment":[{"href":"https:\/\/bracaravinum.pt\/en\/wp-json\/wp\/v2\/media?parent=12485"}],"wp:term":[{"taxonomy":"product_brand","embeddable":true,"href":"https:\/\/bracaravinum.pt\/en\/wp-json\/wp\/v2\/product_brand?post=12485"},{"taxonomy":"product_cat","embeddable":true,"href":"https:\/\/bracaravinum.pt\/en\/wp-json\/wp\/v2\/product_cat?post=12485"},{"taxonomy":"product_tag","embeddable":true,"href":"https:\/\/bracaravinum.pt\/en\/wp-json\/wp\/v2\/product_tag?post=12485"}],"curies":[{"name":"wp","href":"https:\/\/api.w.org\/{rel}","templated":true}]}}