{"id":12466,"date":"2020-03-23T23:07:20","date_gmt":"2020-03-23T23:07:20","guid":{"rendered":"http:\/\/bracaravinum.pt\/?post_type=product&#038;p=12466"},"modified":"2022-02-08T17:16:29","modified_gmt":"2022-02-08T17:16:29","slug":"porto-grahams-tawny-30-anos","status":"publish","type":"product","link":"https:\/\/bracaravinum.pt\/en\/product-2\/porto-grahams-tawny-30-anos\/","title":{"rendered":"Graham&#039;s Tawny Port 30 years 75cl"},"content":{"rendered":"<p><img fetchpriority=\"high\" decoding=\"async\" class=\"size-medium wp-image-15548 aligncenter\" src=\"http:\/\/bracaravinum.pt\/wp-content\/uploads\/2020\/03\/grahams-logo-300x190.jpg\" alt=\"\" width=\"300\" height=\"190\" srcset=\"https:\/\/bracaravinum.pt\/wp-content\/uploads\/2020\/03\/grahams-logo-300x190.jpg 300w, https:\/\/bracaravinum.pt\/wp-content\/uploads\/2020\/03\/grahams-logo-768x487.jpg 768w, https:\/\/bracaravinum.pt\/wp-content\/uploads\/2020\/03\/grahams-logo-600x380.jpg 600w, https:\/\/bracaravinum.pt\/wp-content\/uploads\/2020\/03\/grahams-logo.jpg 1024w\" sizes=\"(max-width: 300px) 100vw, 300px\" \/><\/p>\n<p>The story of two families over three centuries. For almost two hundred years, W &amp; J Graham&#039;s has been an independent family business known for producing the best Port wines.<\/p>\n<p>Graham&#039;s has always been a pioneer. Graham&#039;s was one of the first Porto companies to invest in its own vineyards in Portugal&#039;s Douro Valley in 1890 and is now at the forefront of innovation in winemaking techniques. Today, five Symington cousins share responsibility for all aspects of the company and personally produce Graham&#039;s wines. They have also been involved with Porto and the Douro for many generations, with ancestry dating back to the mid-17th century.<\/p>","protected":false},"excerpt":{"rendered":"<p>Apresenta uma suave cor \u00e2mbar com um toque de laranja. Nariz magn\u00edfico apresentando uma diversidade de frutos secos. Na boca \u00e9 concentrado e rico em frutos com um toque de mel. Sublimemente sedoso, com um impressionante final.<\/p>\n<p><span class=\"bold\">\u00a0<\/span>Acompanha de forma fabulosa chocolate negro, mas tamb\u00e9m pode ser apreciado isoladamente, como sobremesa pelo seu pr\u00f3prio direito. Recomendamos servir ligeiramente fresco, para acentuar o gosto e o prazer da experi\u00eancia.<\/p>","protected":false},"featured_media":1043,"template":"","meta":{"_exactmetrics_skip_tracking":false,"_exactmetrics_sitenote_active":false,"_exactmetrics_sitenote_note":"","_exactmetrics_sitenote_category":0,"_uf_show_specific_survey":0,"_uf_disable_surveys":false,"iawp_total_views":17},"product_brand":[],"product_cat":[159,175],"product_tag":[],"class_list":{"0":"post-12466","1":"product","2":"type-product","3":"status-publish","4":"has-post-thumbnail","6":"product_cat-portos","7":"product_cat-porto-10-20-30-40-50-80","9":"first","10":"instock","11":"shipping-taxable","12":"purchasable","13":"product-type-simple"},"_links":{"self":[{"href":"https:\/\/bracaravinum.pt\/en\/wp-json\/wp\/v2\/product\/12466","targetHints":{"allow":["GET"]}}],"collection":[{"href":"https:\/\/bracaravinum.pt\/en\/wp-json\/wp\/v2\/product"}],"about":[{"href":"https:\/\/bracaravinum.pt\/en\/wp-json\/wp\/v2\/types\/product"}],"wp:featuredmedia":[{"embeddable":true,"href":"https:\/\/bracaravinum.pt\/en\/wp-json\/wp\/v2\/media\/1043"}],"wp:attachment":[{"href":"https:\/\/bracaravinum.pt\/en\/wp-json\/wp\/v2\/media?parent=12466"}],"wp:term":[{"taxonomy":"product_brand","embeddable":true,"href":"https:\/\/bracaravinum.pt\/en\/wp-json\/wp\/v2\/product_brand?post=12466"},{"taxonomy":"product_cat","embeddable":true,"href":"https:\/\/bracaravinum.pt\/en\/wp-json\/wp\/v2\/product_cat?post=12466"},{"taxonomy":"product_tag","embeddable":true,"href":"https:\/\/bracaravinum.pt\/en\/wp-json\/wp\/v2\/product_tag?post=12466"}],"curies":[{"name":"wp","href":"https:\/\/api.w.org\/{rel}","templated":true}]}}