{"id":12337,"date":"2020-03-22T11:37:08","date_gmt":"2020-03-22T11:37:08","guid":{"rendered":"http:\/\/bracaravinum.pt\/?post_type=product&#038;p=12337"},"modified":"2026-03-17T15:15:11","modified_gmt":"2026-03-17T15:15:11","slug":"vertice-espumante-millesime","status":"publish","type":"product","link":"https:\/\/bracaravinum.pt\/en\/product-2\/vertice-espumante-millesime\/","title":{"rendered":"V\u00e9rtice Sparkling Mill\u00e9sime 75cl"},"content":{"rendered":"<p><img decoding=\"async\" class=\"size-full wp-image-15666 aligncenter\" src=\"http:\/\/bracaravinum.pt\/wp-content\/uploads\/2020\/03\/logo-VERTICE.png\" alt=\"\" width=\"160\" height=\"147\" srcset=\"https:\/\/bracaravinum.pt\/wp-content\/uploads\/2020\/03\/logo-VERTICE.png 160w, https:\/\/bracaravinum.pt\/wp-content\/uploads\/2020\/03\/logo-VERTICE-13x12.png 13w\" sizes=\"(max-width: 160px) 100vw, 160px\" \/><\/p>\n<p>In 1988, on the high slopes where the summer breezes were already too cold for the culture of Port wine, and the granite soils gave table wines an unmistakable aroma, another notable birth would come to confirm the Alto Douro&#039;s renowned vocation \u2013\u00a0<strong>VERTEX<\/strong><\/p>\n<p>Fruit of the brilliant alliance between the classic tradition of natural sparkling wines (la M\u00e9thode Champenoise) and the oldest demarcated wine-growing region in the world,\u00a0<strong>VERTEX<\/strong>\u00a0It is the celebration of quality, both as an accompaniment to a refined meal and as a unique aperitif.<\/p>\n<p>Currently, it is not necessary to be involved in a party or similar activity to be able to enjoy sparkling wine. The space that this wine has gained among wine lovers reflects all of its versatility and character. This can be enjoyed as an aperitif, during a meal or with a dessert and always served at an appropriate temperature \u2013 7\u00baC to 9\u00baC. It can be drunk socially with friends, or romantically with our better half. Simple or in cocktail; The possibilities are not many, they are immense.<\/p>\n<p>However, every time you open a bottle of sparkling wine, magic happens. And that is always a reason to celebrate!<\/p>\n<p>&nbsp;<\/p>","protected":false},"excerpt":{"rendered":"<p>Fino no conjunto arom\u00e1tico com notas de p\u00e3o torrado, fruto maduro e leve compota. A bolha \u00e9 delicada, elegante e persistente, boa acidez, cremoso, suave, \u00f3ptima estrutura e final de boca prolongado.<\/p>","protected":false},"featured_media":736,"template":"","meta":{"_exactmetrics_skip_tracking":false,"_exactmetrics_sitenote_active":false,"_exactmetrics_sitenote_note":"","_exactmetrics_sitenote_category":0,"_uf_show_specific_survey":0,"_uf_disable_surveys":false,"iawp_total_views":12},"product_brand":[],"product_cat":[177,160],"product_tag":[],"class_list":{"0":"post-12337","1":"product","2":"type-product","3":"status-publish","4":"has-post-thumbnail","6":"product_cat-espumante","7":"product_cat-espumantes","9":"first","10":"instock","11":"shipping-taxable","12":"purchasable","13":"product-type-simple"},"_links":{"self":[{"href":"https:\/\/bracaravinum.pt\/en\/wp-json\/wp\/v2\/product\/12337","targetHints":{"allow":["GET"]}}],"collection":[{"href":"https:\/\/bracaravinum.pt\/en\/wp-json\/wp\/v2\/product"}],"about":[{"href":"https:\/\/bracaravinum.pt\/en\/wp-json\/wp\/v2\/types\/product"}],"wp:featuredmedia":[{"embeddable":true,"href":"https:\/\/bracaravinum.pt\/en\/wp-json\/wp\/v2\/media\/736"}],"wp:attachment":[{"href":"https:\/\/bracaravinum.pt\/en\/wp-json\/wp\/v2\/media?parent=12337"}],"wp:term":[{"taxonomy":"product_brand","embeddable":true,"href":"https:\/\/bracaravinum.pt\/en\/wp-json\/wp\/v2\/product_brand?post=12337"},{"taxonomy":"product_cat","embeddable":true,"href":"https:\/\/bracaravinum.pt\/en\/wp-json\/wp\/v2\/product_cat?post=12337"},{"taxonomy":"product_tag","embeddable":true,"href":"https:\/\/bracaravinum.pt\/en\/wp-json\/wp\/v2\/product_tag?post=12337"}],"curies":[{"name":"wp","href":"https:\/\/api.w.org\/{rel}","templated":true}]}}