{"id":12307,"date":"2020-03-21T17:57:29","date_gmt":"2020-03-21T17:57:29","guid":{"rendered":"http:\/\/bracaravinum.pt\/?post_type=product&#038;p=12307"},"modified":"2023-04-26T08:18:44","modified_gmt":"2023-04-26T08:18:44","slug":"quinta-do-espinho-tinto","status":"publish","type":"product","link":"https:\/\/bracaravinum.pt\/en\/produto\/quinta-do-espinho-tinto\/","title":{"rendered":"Quinta do Espinho Tinto 75cl"},"content":{"rendered":"<p><img decoding=\"async\" class=\"size-medium wp-image-17565 aligncenter\" src=\"http:\/\/bracaravinum.pt\/wp-content\/uploads\/2023\/04\/QtaEspinho-Logo-01_700x272-300x136.png\" alt=\"\" width=\"300\" height=\"136\" srcset=\"https:\/\/bracaravinum.pt\/wp-content\/uploads\/2023\/04\/QtaEspinho-Logo-01_700x272-300x136.png 300w, https:\/\/bracaravinum.pt\/wp-content\/uploads\/2023\/04\/QtaEspinho-Logo-01_700x272-18x8.png 18w, https:\/\/bracaravinum.pt\/wp-content\/uploads\/2023\/04\/QtaEspinho-Logo-01_700x272.png 600w\" sizes=\"(max-width: 300px) 100vw, 300px\" \/><\/p>\n<p>Quinta do Espinho occupies 20 hectares on the mouth of the T\u00e1vora river with the left bank of the Douro river, the center of wine cultivation in the Douro valley, in the Cima Corgo sub-region, where some of the emblematic port wine farms are located .<\/p>\n<p>Considered one of the greatest wine landscapes in the world, the Alto Douro Wine Region was classified by UNESCO as a World Heritage Site in 2001.<\/p>\n<p>Its logistical and strategic situation is exceptional, in terms of accessibility and, above all, in the enormous viticultural, landscape and environmental potential in the productions to which it is dedicated.<\/p>\n<p>To the terraced vineyards that extend from the river at an altitude of 195 meters, there is a soil rich in nutrients, formed by laminated pieces of shale that retain the necessary humidity for the vine to survive in the almost arid conditions that prevail during most of summer&#039;s.<\/p>\n<p>In 1986, the project of installing new vineyards and restructuring the old vineyard began. In 2010, the winery and warehouse facilities were renovated. Fully respecting the demands imposed by the Quinta&#039;s location, in the heart of the Douro region, the buildings from the beginning of the century were restored. XVIII maintaining traditional structures such as stone mills, still used today. The renovation was carried out with the most modern winemaking and storage equipment, in order to guarantee maximum quality and versatility in the demanding winemaking process.<\/p>","protected":false},"excerpt":{"rendered":"<p>O Espinho Colheita \u00e9 elaborado a partir das castas tradicionais do Douro, Touriga Franca, Touriga\u00a0 Nacional, Tinta Roriz e Tinta Barroca.<\/p>\n<p>\u00c9 um vinho muito apelativo, fresco e frutado, equilibrando a eleg\u00e2ncia caracter\u00edstica dos vinhos do Douro com uma boa estrutura e acidez, tornando-se\u00a0 agrad\u00e1vel e f\u00e1cil de beber.<\/p>\n<p>De cor rubi, densa e intensa, e aromas maduros com notas de frutos vermelhos.<\/p>\n<p>Na boca o vinho \u00e9 expressivo e equilibrado, mineral e com taninos maduros no final.<\/p>","protected":false},"featured_media":658,"template":"","meta":{"_exactmetrics_skip_tracking":false,"_exactmetrics_sitenote_active":false,"_exactmetrics_sitenote_note":"","_exactmetrics_sitenote_category":0,"_uf_show_specific_survey":0,"_uf_disable_surveys":false,"iawp_total_views":28},"product_brand":[],"product_cat":[215,184,157],"product_tag":[],"class_list":{"0":"post-12307","1":"product","2":"type-product","3":"status-publish","4":"has-post-thumbnail","6":"product_cat-douro","7":"product_cat-tinto","8":"product_cat-vinhos","10":"first","11":"instock","12":"shipping-taxable","13":"purchasable","14":"product-type-simple"},"_links":{"self":[{"href":"https:\/\/bracaravinum.pt\/en\/wp-json\/wp\/v2\/product\/12307","targetHints":{"allow":["GET"]}}],"collection":[{"href":"https:\/\/bracaravinum.pt\/en\/wp-json\/wp\/v2\/product"}],"about":[{"href":"https:\/\/bracaravinum.pt\/en\/wp-json\/wp\/v2\/types\/product"}],"wp:featuredmedia":[{"embeddable":true,"href":"https:\/\/bracaravinum.pt\/en\/wp-json\/wp\/v2\/media\/658"}],"wp:attachment":[{"href":"https:\/\/bracaravinum.pt\/en\/wp-json\/wp\/v2\/media?parent=12307"}],"wp:term":[{"taxonomy":"product_brand","embeddable":true,"href":"https:\/\/bracaravinum.pt\/en\/wp-json\/wp\/v2\/product_brand?post=12307"},{"taxonomy":"product_cat","embeddable":true,"href":"https:\/\/bracaravinum.pt\/en\/wp-json\/wp\/v2\/product_cat?post=12307"},{"taxonomy":"product_tag","embeddable":true,"href":"https:\/\/bracaravinum.pt\/en\/wp-json\/wp\/v2\/product_tag?post=12307"}],"curies":[{"name":"wp","href":"https:\/\/api.w.org\/{rel}","templated":true}]}}