{"id":12274,"date":"2020-03-20T21:55:26","date_gmt":"2020-03-20T21:55:26","guid":{"rendered":"http:\/\/bracaravinum.pt\/?post_type=product&#038;p=12274"},"modified":"2025-10-24T17:42:45","modified_gmt":"2025-10-24T17:42:45","slug":"cottas-garrafeira-branco","status":"publish","type":"product","link":"https:\/\/bracaravinum.pt\/en\/product-2\/cottas-garrafeira-branco\/","title":{"rendered":"Cottas Garrafeira Branco 2020 75cl"},"content":{"rendered":"<p><img decoding=\"async\" class=\"size-medium wp-image-15092 aligncenter\" src=\"http:\/\/bracaravinum.pt\/wp-content\/uploads\/2020\/03\/cottas-image-2-300x154.png\" alt=\"\" width=\"300\" height=\"154\" srcset=\"https:\/\/bracaravinum.pt\/wp-content\/uploads\/2020\/03\/cottas-image-2-300x154.png 300w, https:\/\/bracaravinum.pt\/wp-content\/uploads\/2020\/03\/cottas-image-2.png 313w\" sizes=\"(max-width: 300px) 100vw, 300px\" \/><\/p>\n<p>Localizada no Vale de Alij\u00f3, a Quinta de Cottas \u00e9 uma propriedade de 10 ha que usufrui das condi\u00e7\u00f5es de excel\u00eancia para a produ\u00e7\u00e3o de vinhos do Douro e do Porto.<\/p>\n<p>Em 2006, Isabel e Pedro Carmo foram atra\u00eddos por uma vinha que outrora pertenceu a uma grande e importante quinta. O seu grande amor pelo vinho e pelo vale do Douro tornou imposs\u00edvel n\u00e3o aproveitarem a oportunidade de a\u00ed produzirem os seus pr\u00f3prios vinhos nesta regi\u00e3o \u00fanica dando origem a este projecto vitivin\u00edcola. Rapidamente deram in\u00edcio \u00e0 reconvers\u00e3o da propriedade, passando pela recupera\u00e7\u00e3o da parcela de vinha velha existente e planta\u00e7\u00e3o da restante \u00e1rea dispon\u00edvel. Desde o in\u00edcio que definiram que a abordagem na Quinta de Cottas passaria por captar a ess\u00eancia das principais castas do Douro, produzindo vinhos de elevada qualidade e com personalidade distinta que exprimissem o seu terroir \u00fanico.<\/p>\n<p>Algumas das vinhas velhas atingem os 70 anos de idade e consistem em vinhas misturadas com cerca de 16 variedades diferentes, destacando-se a Touriga Franca, a Tinta Barroca, a Tinta Amarela e a Tinta Carvalha.<\/p>","protected":false},"excerpt":{"rendered":"<p><strong>Castes: <\/strong>Rabigato, Viosinho e Arinto<br \/>\nAs uvas s\u00e3o provenientes das nossas vinhas na regi\u00e3o do Cima Corgo.<br \/>\n<strong>Vinifica\u00e7\u00e3o<\/strong><br \/>\nAs uvas s\u00e3o colhidas manualmente e transportadas em caixas de 25 kg, selecionadas, desenga\u00e7adas e prensadas \u00e0 entrada da adega. Ap\u00f3s decanta\u00e7\u00e3o est\u00e1tica do mosto a baixas temperaturas o mosto \u00e9 enviado para barricas de carvalho franc\u00eas onde fermenta e estagia cerca de 6 meses, sujeito a um per\u00edodo de \u201cbattonnage\u201d, ap\u00f3s o qual \u00e9 engarrafado, seguindo-se um per\u00edodo prolongado de est\u00e1gio em garrafa.<br \/>\n<strong>Test results<\/strong><br \/>\nCor citrina p\u00e1lida. Este vinho apresenta um grande car\u00e1cter com notas minerais e aromas c\u00edtricos intensos com grande complexidade. Na boca revela uma grande eleg\u00e2ncia com uma acidez vibrante e um excelente equil\u00edbrio com um final poderoso e surpreendente.<\/p>\n<p>Enologia: Manuel Vieira<\/p>","protected":false},"featured_media":579,"template":"","meta":{"_exactmetrics_skip_tracking":false,"_exactmetrics_sitenote_active":false,"_exactmetrics_sitenote_note":"","_exactmetrics_sitenote_category":0,"_uf_show_specific_survey":0,"_uf_disable_surveys":false,"iawp_total_views":4},"product_brand":[],"product_cat":[157,185,188],"product_tag":[],"class_list":{"0":"post-12274","1":"product","2":"type-product","3":"status-publish","4":"has-post-thumbnail","6":"product_cat-vinhos","7":"product_cat-branco","8":"product_cat-douro-branco","10":"first","11":"instock","12":"shipping-taxable","13":"purchasable","14":"product-type-simple"},"_links":{"self":[{"href":"https:\/\/bracaravinum.pt\/en\/wp-json\/wp\/v2\/product\/12274","targetHints":{"allow":["GET"]}}],"collection":[{"href":"https:\/\/bracaravinum.pt\/en\/wp-json\/wp\/v2\/product"}],"about":[{"href":"https:\/\/bracaravinum.pt\/en\/wp-json\/wp\/v2\/types\/product"}],"wp:featuredmedia":[{"embeddable":true,"href":"https:\/\/bracaravinum.pt\/en\/wp-json\/wp\/v2\/media\/579"}],"wp:attachment":[{"href":"https:\/\/bracaravinum.pt\/en\/wp-json\/wp\/v2\/media?parent=12274"}],"wp:term":[{"taxonomy":"product_brand","embeddable":true,"href":"https:\/\/bracaravinum.pt\/en\/wp-json\/wp\/v2\/product_brand?post=12274"},{"taxonomy":"product_cat","embeddable":true,"href":"https:\/\/bracaravinum.pt\/en\/wp-json\/wp\/v2\/product_cat?post=12274"},{"taxonomy":"product_tag","embeddable":true,"href":"https:\/\/bracaravinum.pt\/en\/wp-json\/wp\/v2\/product_tag?post=12274"}],"curies":[{"name":"wp","href":"https:\/\/api.w.org\/{rel}","templated":true}]}}