{"id":12191,"date":"2020-03-19T18:30:30","date_gmt":"2020-03-19T18:30:30","guid":{"rendered":"http:\/\/bracaravinum.pt\/?post_type=product&#038;p=12191"},"modified":"2025-05-27T08:52:25","modified_gmt":"2025-05-27T08:52:25","slug":"bracara-avgvsta-aguardente-velha-vsop","status":"publish","type":"product","link":"https:\/\/bracaravinum.pt\/en\/product-2\/bracara-avgvsta-aguardente-velha-vsop\/","title":{"rendered":"Bracara Avgvsta Aguardente Velha VSOP 70cl"},"content":{"rendered":"<p><img fetchpriority=\"high\" decoding=\"async\" class=\"size-medium wp-image-15193 aligncenter\" src=\"http:\/\/bracaravinum.pt\/wp-content\/uploads\/2022\/02\/cavagri-logo-300x225.jpg\" alt=\"\" width=\"300\" height=\"225\" srcset=\"https:\/\/bracaravinum.pt\/wp-content\/uploads\/2022\/02\/cavagri-logo-300x225.jpg 300w, https:\/\/bracaravinum.pt\/wp-content\/uploads\/2022\/02\/cavagri-logo-768x576.jpg 768w, https:\/\/bracaravinum.pt\/wp-content\/uploads\/2022\/02\/cavagri-logo-600x450.jpg 600w, https:\/\/bracaravinum.pt\/wp-content\/uploads\/2022\/02\/cavagri-logo.jpg 960w\" sizes=\"(max-width: 300px) 100vw, 300px\" \/><\/p>\n<p>Cavagri is a limited liability cooperative that brings together farmers who produce cow&#039;s milk, grapes, fruits and vegetables.<\/p>\n<p>Its activity focuses on the marketing of its collaborators\u2019 products \u2013 processed or not. At the same time, it provides technical support services to producers and farmers in its area of operation, also providing them with products and production factors with a view to improving the quality of agricultural activities and the socio-economic progress of its collaborators.<\/p>","protected":false},"excerpt":{"rendered":"<p>Cor l\u00edmpida e \u00c2mbar<\/p>\n<p>Aroma complexo, alco\u00f3lico com toque a madeira nobre.<\/p>\n<p>Sabor: Macia, estrutura complexa com presen\u00e7a de madeira, equilibrada e distinta e com longa persist\u00eancia.<\/p>\n<p>Obtida por destila\u00e7\u00e3o cuidada de Vinhos Verdes obtidos das castas da regi\u00e3o.<\/p>\n<p>Depois de seleccionada foi envelhecida em barricas de Carvalho franc\u00eas (Angoul\u00eame e Limousin) durante um per\u00edodo superior a 40 anos.<\/p>\n<p>Seguindo um crit\u00e9rio de muitos anos, s\u00e3o preparados os lotes, filtrados e \u00e9 engarrafada manualmente. De cada lote s\u00e3o produzidas um numero limitado e numerado de garrafas.<\/p>\n<p>Pronta para ser desfrutada ap\u00f3s uma boa refei\u00e7\u00e3o antes e depois do caf\u00e9. Acompanha na perfei\u00e7\u00e3o pudins e outras sobremesas muito doces, frutos secos e chocolate.<\/p>\n<p>Servir \u00e0 temperatura Ambiente ou arrefecida entre os 12 e os 17 \u00baC<\/p>\n<p>En\u00f3logo: Fernando Moura<\/p>","protected":false},"featured_media":387,"template":"","meta":{"_exactmetrics_skip_tracking":false,"_exactmetrics_sitenote_active":false,"_exactmetrics_sitenote_note":"","_exactmetrics_sitenote_category":0,"_uf_show_specific_survey":0,"_uf_disable_surveys":false,"iawp_total_views":34},"product_brand":[],"product_cat":[162,158,180],"product_tag":[],"class_list":{"0":"post-12191","1":"product","2":"type-product","3":"status-publish","4":"has-post-thumbnail","6":"product_cat-raridades","7":"product_cat-espirituosos","8":"product_cat-aguardente","10":"first","11":"instock","12":"featured","13":"shipping-taxable","14":"purchasable","15":"product-type-simple"},"_links":{"self":[{"href":"https:\/\/bracaravinum.pt\/en\/wp-json\/wp\/v2\/product\/12191","targetHints":{"allow":["GET"]}}],"collection":[{"href":"https:\/\/bracaravinum.pt\/en\/wp-json\/wp\/v2\/product"}],"about":[{"href":"https:\/\/bracaravinum.pt\/en\/wp-json\/wp\/v2\/types\/product"}],"wp:featuredmedia":[{"embeddable":true,"href":"https:\/\/bracaravinum.pt\/en\/wp-json\/wp\/v2\/media\/387"}],"wp:attachment":[{"href":"https:\/\/bracaravinum.pt\/en\/wp-json\/wp\/v2\/media?parent=12191"}],"wp:term":[{"taxonomy":"product_brand","embeddable":true,"href":"https:\/\/bracaravinum.pt\/en\/wp-json\/wp\/v2\/product_brand?post=12191"},{"taxonomy":"product_cat","embeddable":true,"href":"https:\/\/bracaravinum.pt\/en\/wp-json\/wp\/v2\/product_cat?post=12191"},{"taxonomy":"product_tag","embeddable":true,"href":"https:\/\/bracaravinum.pt\/en\/wp-json\/wp\/v2\/product_tag?post=12191"}],"curies":[{"name":"wp","href":"https:\/\/api.w.org\/{rel}","templated":true}]}}