{"id":21471,"date":"2026-03-06T12:54:28","date_gmt":"2026-03-06T12:54:28","guid":{"rendered":"https:\/\/bracaravinum.pt\/?post_type=product&#038;p=21471"},"modified":"2026-03-06T12:54:29","modified_gmt":"2026-03-06T12:54:29","slug":"quinta-de-adorigo-tinto-2019-75cl","status":"publish","type":"product","link":"https:\/\/bracaravinum.pt\/de\/produkt\/quinta-de-adorigo-tinto-2019-75cl\/","title":{"rendered":"Quinta de Adorigo Tinto 2019 75cl"},"content":{"rendered":"<p><img decoding=\"async\" class=\"aligncenter\" src=\"https:\/\/encrypted-tbn0.gstatic.com\/images?q=tbn:ANd9GcRVonzkVUTyOKy_61PWLLywWVddorpCiF0OfA&amp;s\" alt=\"Quinta de Adorigo | Tabua\u00e7o\" width=\"161\" height=\"160\" \/><\/p>\n<p>Quinta de Adorigo, situada na deslumbrante regi\u00e3o do Douro, \u00e9 um tesouro hist\u00f3rico e vitivin\u00edcola enraizado nas colinas pr\u00f3ximas ao Peso da R\u00e9gua. Com vinhas velhas de 38 castas durienses plantadas em 1955, a Quinta de Adorigo reflete a riqueza vit\u00edcola da regi\u00e3o. Em 2019, sob a lideran\u00e7a de Joaquim Fernandes \u2013 um entusiasta pelos antigos vinhos do Porto e pela deslumbrante paisagem do Douro \u2013 iniciamos um novo cap\u00edtulo que combina tradi\u00e7\u00e3o, inova\u00e7\u00e3o e sustentabilidade. A nova adega, constru\u00edda em 2023, foi um marco importante na nossa hist\u00f3ria, permitindo a produ\u00e7\u00e3o de vinhos de alta qualidade de uma forma mais eficiente.<\/p>\n<p>Na Quinta de Adorigo, dedicamo-nos \u00e0 produ\u00e7\u00e3o de vinhos brancos e tintos de mesa que refletem a verdadeira ess\u00eancia do Douro. Preservamos o legado do vinho do Porto e das vinhas originais, utilizando pr\u00e1ticas agr\u00edcolas sustent\u00e1veis e t\u00e9cnicas de vinifica\u00e7\u00e3o meticulosas para garantir que os vinhos s\u00e3o aut\u00eanticos e representativos da regi\u00e3o. Cada garrafa que produzimos incorpora a ess\u00eancia da nossa hist\u00f3ria e a incessante busca pela qualidade.<\/p>","protected":false},"excerpt":{"rendered":"<p>Parcelas: Lote de vinhas mais antigas, selecionadas da Quinta de Adorigo.<\/p>\n<p>Castas: Vinha Velha, Touriga Francesa, Tinta Roriz e Tinta Barroca.<\/p>","protected":false},"featured_media":21472,"template":"","meta":{"_exactmetrics_skip_tracking":false,"_exactmetrics_sitenote_active":false,"_exactmetrics_sitenote_note":"","_exactmetrics_sitenote_category":0,"_uf_show_specific_survey":0,"_uf_disable_surveys":false,"iawp_total_views":2},"product_brand":[],"product_cat":[157,184,215],"product_tag":[],"class_list":{"0":"post-21471","1":"product","2":"type-product","3":"status-publish","4":"has-post-thumbnail","6":"product_cat-vinhos","7":"product_cat-tinto","8":"product_cat-douro","10":"first","11":"instock","12":"shipping-taxable","13":"purchasable","14":"product-type-simple"},"_links":{"self":[{"href":"https:\/\/bracaravinum.pt\/de\/wp-json\/wp\/v2\/product\/21471","targetHints":{"allow":["GET"]}}],"collection":[{"href":"https:\/\/bracaravinum.pt\/de\/wp-json\/wp\/v2\/product"}],"about":[{"href":"https:\/\/bracaravinum.pt\/de\/wp-json\/wp\/v2\/types\/product"}],"wp:featuredmedia":[{"embeddable":true,"href":"https:\/\/bracaravinum.pt\/de\/wp-json\/wp\/v2\/media\/21472"}],"wp:attachment":[{"href":"https:\/\/bracaravinum.pt\/de\/wp-json\/wp\/v2\/media?parent=21471"}],"wp:term":[{"taxonomy":"product_brand","embeddable":true,"href":"https:\/\/bracaravinum.pt\/de\/wp-json\/wp\/v2\/product_brand?post=21471"},{"taxonomy":"product_cat","embeddable":true,"href":"https:\/\/bracaravinum.pt\/de\/wp-json\/wp\/v2\/product_cat?post=21471"},{"taxonomy":"product_tag","embeddable":true,"href":"https:\/\/bracaravinum.pt\/de\/wp-json\/wp\/v2\/product_tag?post=21471"}],"curies":[{"name":"wp","href":"https:\/\/api.w.org\/{rel}","templated":true}]}}