{"id":21318,"date":"2026-02-24T11:23:24","date_gmt":"2026-02-24T11:23:24","guid":{"rendered":"https:\/\/bracaravinum.pt\/?post_type=product&#038;p=21318"},"modified":"2026-02-24T11:23:25","modified_gmt":"2026-02-24T11:23:25","slug":"quinta-do-covao-reserva-encruzado-branco-75cl","status":"publish","type":"product","link":"https:\/\/bracaravinum.pt\/de\/produkt\/quinta-do-covao-reserva-encruzado-branco-75cl\/","title":{"rendered":"Quinta do Cov\u00e3o Reserva Encruzado Branco 75cl"},"content":{"rendered":"<p><img decoding=\"async\" class=\"aligncenter\" src=\"https:\/\/encrypted-tbn0.gstatic.com\/images?q=tbn:ANd9GcRfOWpWsbBKtzO20b8LqZYAsFFB4BQzLlGTmg&amp;s\" alt=\"Quinta da Foz - Vin de Douro\" \/><\/p>\n<p>A identidade das nossas vinhas \u00e9 preservada pelo Sr. Joaquim desde o tempo do \u201cDoutor\u201d.<\/p>\n<p>Em 2014 chegou a enologia de Filipe Ferreira com uma grande vontade de querer ir mais longe. A conserva\u00e7\u00e3o da viticultura tradicional associada \u00e0 frescura da inova\u00e7\u00e3o e a experi\u00eancia do en\u00f3logo Ant\u00f3nio Narciso, resulta em grandes\u00a0<strong>Weine<\/strong>\u00a0que revelam a excel\u00eancia da mat\u00e9ria prima, e a exclusividade do\u00a0<em>terroir.<\/em><\/p>","protected":false},"excerpt":{"rendered":"<p>Este vinho Reserva da Quinta do Cov\u00e3o, produzido exclusivamente a partir da casta Encruzado, apresenta uma cor citrina com ligeiras nuances douradas. No nariz, revela polpa de fruta branca e madeira muito bem integrada. Na boca \u00e9 fresco, com boa estrutura e complexidade, que lhe confere um final persistente e prolongado.<\/p>\n<p>A Quinta do Cov\u00e3o est\u00e1 inserida nas paisagens do Parque Natural da Serra da Estrela, em Sandomil, pr\u00f3ximo do leito fluvial do rio Alva. Com 50 hectares, a propriedade est\u00e1 em perfeito equil\u00edbrio com a paisagem envolvente e dedica-se h\u00e1 tr\u00eas gera\u00e7\u00f5es, \u00e0 produ\u00e7\u00e3o de vinho, caracterizado pela sua identidade \u00fanica, conferida pela regi\u00e3o do D\u00e3o.<\/p>","protected":false},"featured_media":21319,"template":"","meta":{"_exactmetrics_skip_tracking":false,"_exactmetrics_sitenote_active":false,"_exactmetrics_sitenote_note":"","_exactmetrics_sitenote_category":0,"_uf_show_specific_survey":0,"_uf_disable_surveys":false,"iawp_total_views":0},"product_brand":[],"product_cat":[157,185,209],"product_tag":[],"class_list":{"0":"post-21318","1":"product","2":"type-product","3":"status-publish","4":"has-post-thumbnail","6":"product_cat-vinhos","7":"product_cat-branco","8":"product_cat-dao","10":"first","11":"instock","12":"shipping-taxable","13":"purchasable","14":"product-type-simple"},"_links":{"self":[{"href":"https:\/\/bracaravinum.pt\/de\/wp-json\/wp\/v2\/product\/21318","targetHints":{"allow":["GET"]}}],"collection":[{"href":"https:\/\/bracaravinum.pt\/de\/wp-json\/wp\/v2\/product"}],"about":[{"href":"https:\/\/bracaravinum.pt\/de\/wp-json\/wp\/v2\/types\/product"}],"wp:featuredmedia":[{"embeddable":true,"href":"https:\/\/bracaravinum.pt\/de\/wp-json\/wp\/v2\/media\/21319"}],"wp:attachment":[{"href":"https:\/\/bracaravinum.pt\/de\/wp-json\/wp\/v2\/media?parent=21318"}],"wp:term":[{"taxonomy":"product_brand","embeddable":true,"href":"https:\/\/bracaravinum.pt\/de\/wp-json\/wp\/v2\/product_brand?post=21318"},{"taxonomy":"product_cat","embeddable":true,"href":"https:\/\/bracaravinum.pt\/de\/wp-json\/wp\/v2\/product_cat?post=21318"},{"taxonomy":"product_tag","embeddable":true,"href":"https:\/\/bracaravinum.pt\/de\/wp-json\/wp\/v2\/product_tag?post=21318"}],"curies":[{"name":"wp","href":"https:\/\/api.w.org\/{rel}","templated":true}]}}