{"id":20255,"date":"2025-10-15T15:58:34","date_gmt":"2025-10-15T15:58:34","guid":{"rendered":"https:\/\/bracaravinum.pt\/?post_type=product&#038;p=20255"},"modified":"2025-10-15T15:58:35","modified_gmt":"2025-10-15T15:58:35","slug":"rum-captain-morgan-spiced-gold-70cl","status":"publish","type":"product","link":"https:\/\/bracaravinum.pt\/de\/produkt\/rum-captain-morgan-spiced-gold-70cl\/","title":{"rendered":"Rum Captain Morgan Spiced Gold 70cl"},"content":{"rendered":"<div class=\"simplebar-mask\">\n<div class=\"simplebar-offset\">\n<div class=\"simplebar-content-wrapper\" tabindex=\"0\" role=\"region\" aria-label=\"scrollable content\">\n<div class=\"simplebar-content\">\n<p><img decoding=\"async\" class=\"aligncenter\" src=\"https:\/\/images.ctfassets.net\/s46nvf89460z\/69rg4YAJZKutOSoiHMOuM5\/0174092d0d29ed4eaf8857f579a8c4e9\/red-logo.png\" alt=\"Captain Morgan Logo\" \/><\/p>\n<p class=\"mb-0\">A Diageo \u00e9 uma empresa de bebidas do Reino Unido fundada em 1997. \u00c9 a maior fabricante de bebidas destiladas do mundo. Vende os seus produtos em 180 pa\u00edses e tem representa\u00e7\u00f5es em 80 pa\u00edses. Foi fundada em 27 de outubro de 1997 ap\u00f3s a fus\u00e3o da irlandesa Guinness plc e da brit\u00e2nica Grand metropolitan.<\/p>\n<p class=\"mb-0\">Sugest\u00f5es\u00a0de\u00a0Consumo:<\/p>\n<p class=\"mb-20\">Encha um copo com gelo. Coloque 50ml de rum Captain Morgan. Preencha o copo com Coca-Cola. Corte um gomo de lima e decore o seu cocktail.<\/p>\n<\/div>\n<\/div>\n<\/div>\n<\/div>","protected":false},"excerpt":{"rendered":"<p>Notas de baunilha rica, a\u00e7\u00facar mascavado, frutas secas, especiarias quentes com notas de carvalho juntam-se para criar uma bebida perfeitamente equilibrada com um acabamento suave.<\/p>","protected":false},"featured_media":20256,"template":"","meta":{"_exactmetrics_skip_tracking":false,"_exactmetrics_sitenote_active":false,"_exactmetrics_sitenote_note":"","_exactmetrics_sitenote_category":0,"_uf_show_specific_survey":0,"_uf_disable_surveys":false,"iawp_total_views":1},"product_brand":[],"product_cat":[158,198],"product_tag":[],"class_list":{"0":"post-20255","1":"product","2":"type-product","3":"status-publish","4":"has-post-thumbnail","6":"product_cat-espirituosos","7":"product_cat-rum","9":"first","10":"instock","11":"shipping-taxable","12":"purchasable","13":"product-type-simple"},"_links":{"self":[{"href":"https:\/\/bracaravinum.pt\/de\/wp-json\/wp\/v2\/product\/20255","targetHints":{"allow":["GET"]}}],"collection":[{"href":"https:\/\/bracaravinum.pt\/de\/wp-json\/wp\/v2\/product"}],"about":[{"href":"https:\/\/bracaravinum.pt\/de\/wp-json\/wp\/v2\/types\/product"}],"wp:featuredmedia":[{"embeddable":true,"href":"https:\/\/bracaravinum.pt\/de\/wp-json\/wp\/v2\/media\/20256"}],"wp:attachment":[{"href":"https:\/\/bracaravinum.pt\/de\/wp-json\/wp\/v2\/media?parent=20255"}],"wp:term":[{"taxonomy":"product_brand","embeddable":true,"href":"https:\/\/bracaravinum.pt\/de\/wp-json\/wp\/v2\/product_brand?post=20255"},{"taxonomy":"product_cat","embeddable":true,"href":"https:\/\/bracaravinum.pt\/de\/wp-json\/wp\/v2\/product_cat?post=20255"},{"taxonomy":"product_tag","embeddable":true,"href":"https:\/\/bracaravinum.pt\/de\/wp-json\/wp\/v2\/product_tag?post=20255"}],"curies":[{"name":"wp","href":"https:\/\/api.w.org\/{rel}","templated":true}]}}