{"id":20240,"date":"2025-10-09T14:00:09","date_gmt":"2025-10-09T14:00:09","guid":{"rendered":"https:\/\/bracaravinum.pt\/?post_type=product&#038;p=20240"},"modified":"2025-10-09T14:00:09","modified_gmt":"2025-10-09T14:00:09","slug":"100-hectares-branco-2024-75cl","status":"publish","type":"product","link":"https:\/\/bracaravinum.pt\/de\/produkt\/100-hectares-branco-2024-75cl\/","title":{"rendered":"100 Hectares Branco 2024 75cl"},"content":{"rendered":"<p><img decoding=\"async\" class=\"size-medium wp-image-15165 aligncenter\" src=\"http:\/\/bracaravinum.pt\/wp-content\/uploads\/2022\/02\/100hectares-logo-300x142.png\" sizes=\"(max-width: 300px) 100vw, 300px\" srcset=\"https:\/\/bracaravinum.pt\/wp-content\/uploads\/2022\/02\/100hectares-logo-300x142.png 300w, https:\/\/bracaravinum.pt\/wp-content\/uploads\/2022\/02\/100hectares-logo.png 400w\" alt=\"\" width=\"300\" height=\"142\" \/><\/p>\n<p>\u201eDas Land wurde uns nicht von unseren Eltern geschenkt, sondern von unseren Kindern geliehen\u201c<\/p>\n<p>Die Geschichte der 100HECTARES-Weine beginnt in den fr\u00fchen 1970er Jahren, als die Familie Br\u00e1s e Cigarro \u2013 mit einer gro\u00dfen Leidenschaft f\u00fcr die Douro-Region \u2013 gro\u00dfe Investitionen in den Kauf und die Renovierung von Immobilien in der Subregion Douro \u2013 Baixo Corgo t\u00e4tigte. Die landwirtschaftlichen Betriebe der Familie sind der Ursprung ihrer Weine, und die Produktion erfolgt ausschlie\u00dflich aus Trauben von ihren eigenen Grundst\u00fccken, was den Kern der Produktionsphilosophie der Familie darstellt.<\/p>\n<p>Eine Zeit lang wurde der Gro\u00dfteil der Produktion ihrer Weinberge an Konkurrenten in der Region verkauft, doch 2009 wollten Andr\u00e9 und Filipe Br\u00e1s mit der eigenen Rohstoffproduktion Gewinn machen und Wein mit einem gesch\u00e4tzten Wert von 301 TP3T herstellen und 40% Trauben. Ein Teil der \u00dcberproduktion wird an Produzenten in der Region \u00fcbertragen und eine vollst\u00e4ndige Produktion unter unserer eigenen Marke ist noch nicht m\u00f6glich.<\/p>\n<p>Die Pflicht, das Erbe von Generation zu Generation weiterzugeben, ist ein in der Familie verankertes Gef\u00fchl.<\/p>","protected":false},"excerpt":{"rendered":"<p>Selec\u00e7\u00e3o das uvas no corte e transporte em caixas de 20kg directamente para a nossa adega onde se d\u00e1 in\u00edcio ao processo de vinifica\u00e7\u00e3o, fermenta\u00e7\u00e3o em cubas de inox com temperatura controlada.<\/p>\n<p>Este vinho possui uma cor citrina e um aroma floral com toques minerais, com harmonia e equil\u00edbrio de boca, mostra-se envolvente e fresco e com excelente persist\u00eancia no final.<\/p>","protected":false},"featured_media":20241,"template":"","meta":{"_exactmetrics_skip_tracking":false,"_exactmetrics_sitenote_active":false,"_exactmetrics_sitenote_note":"","_exactmetrics_sitenote_category":0,"_uf_show_specific_survey":0,"_uf_disable_surveys":false,"iawp_total_views":9},"product_brand":[],"product_cat":[157,185,188],"product_tag":[],"class_list":{"0":"post-20240","1":"product","2":"type-product","3":"status-publish","4":"has-post-thumbnail","6":"product_cat-vinhos","7":"product_cat-branco","8":"product_cat-douro-branco","10":"first","11":"instock","12":"shipping-taxable","13":"purchasable","14":"product-type-simple"},"_links":{"self":[{"href":"https:\/\/bracaravinum.pt\/de\/wp-json\/wp\/v2\/product\/20240","targetHints":{"allow":["GET"]}}],"collection":[{"href":"https:\/\/bracaravinum.pt\/de\/wp-json\/wp\/v2\/product"}],"about":[{"href":"https:\/\/bracaravinum.pt\/de\/wp-json\/wp\/v2\/types\/product"}],"wp:featuredmedia":[{"embeddable":true,"href":"https:\/\/bracaravinum.pt\/de\/wp-json\/wp\/v2\/media\/20241"}],"wp:attachment":[{"href":"https:\/\/bracaravinum.pt\/de\/wp-json\/wp\/v2\/media?parent=20240"}],"wp:term":[{"taxonomy":"product_brand","embeddable":true,"href":"https:\/\/bracaravinum.pt\/de\/wp-json\/wp\/v2\/product_brand?post=20240"},{"taxonomy":"product_cat","embeddable":true,"href":"https:\/\/bracaravinum.pt\/de\/wp-json\/wp\/v2\/product_cat?post=20240"},{"taxonomy":"product_tag","embeddable":true,"href":"https:\/\/bracaravinum.pt\/de\/wp-json\/wp\/v2\/product_tag?post=20240"}],"curies":[{"name":"wp","href":"https:\/\/api.w.org\/{rel}","templated":true}]}}