{"id":20167,"date":"2025-09-11T15:27:35","date_gmt":"2025-09-11T15:27:35","guid":{"rendered":"https:\/\/bracaravinum.pt\/?post_type=product&#038;p=20167"},"modified":"2025-09-11T15:28:45","modified_gmt":"2025-09-11T15:28:45","slug":"niepoort-robustus-tinto-2015","status":"publish","type":"product","link":"https:\/\/bracaravinum.pt\/de\/produto\/niepoort-robustus-tinto-2015\/","title":{"rendered":"Niepoort Robustus 2015 Tinto 75cl"},"content":{"rendered":"<p><img fetchpriority=\"high\" decoding=\"async\" class=\"size-medium wp-image-15373 aligncenter\" src=\"http:\/\/bracaravinum.pt\/wp-content\/uploads\/2022\/02\/niepoort-logo-300x169.jpg\" alt=\"\" width=\"300\" height=\"169\" srcset=\"https:\/\/bracaravinum.pt\/wp-content\/uploads\/2022\/02\/niepoort-logo-300x169.jpg 300w, https:\/\/bracaravinum.pt\/wp-content\/uploads\/2022\/02\/niepoort-logo.jpg 480w\" sizes=\"(max-width: 300px) 100vw, 300px\" \/><\/p>\n<p>Unabh\u00e4ngiges Familienunternehmen seit \u00fcber eineinhalb Jahrhunderten; Seit Franciscus Marius Niepoort das Unternehmen im Jahr 1842 gr\u00fcndete, haben f\u00fcnf Generationen einander an der Spitze von Niepoort abgel\u00f6st. Fast immer haben zwei Generationen viele Jahre lang Seite an Seite gearbeitet und so zu einem erfolgreichen \u00dcbergang beigetragen. In diesem Moment blicken wir gespannt auf die zuk\u00fcnftige sechste Generation und erwarten eine enge Zusammenarbeit.<\/p>\n<div class=\"post grid-9\">\n<div class=\"post-text\">\n<p>Die f\u00fcnfte Generation: Eduard Dirk Niepoort und Verena Niepoort. Dirk steht seit der formellen Pensionierung von Eduard Rudolph Niepoort im Jahr 2005 an der Spitze des Unternehmens. Dirk, Jahrgang 1964, entdeckte w\u00e4hrend seines Studiums in der Schweiz die Welt des Weins. Im Jahr 1987 stieg Dirk in das Familienunternehmen seines Vaters Rolf Niepoort ein und sah sich der Herausforderung gegen\u00fcber, innovativ zu sein und gleichzeitig gute Traditionen aufrechtzuerhalten. Der erste wichtige Schritt war der Erwerb unserer eigenen Weinberge: Quinta de N\u00e1poles und Quinta do Carril in Cima Corgo, einer Region, die traditionell die besten Portweine produziert. 15 Hektar Weinberge wurden neu bepflanzt und 10 Hektar 60 Jahre alte Reben sorgf\u00e4ltig gepflegt. Der Besitz von Quintas und Weinbergen im Douro war ein wichtiger Schritt in Richtung der Produktion von Portwein und der Schaffung der ersten nicht angereicherten Niepoort-Weine. Dirks Leidenschaft f\u00fcr Weine, sein bescheidener Respekt und seine Neugier f\u00fcr das Douro-Terroir haben in den letzten zwei Jahrzehnten den Geist von Niepoort gepr\u00e4gt und sind eine st\u00e4ndige Inspiration f\u00fcr das Team. Dirks Schwester Verena trat 2005 als Gesch\u00e4ftsf\u00fchrerin in das Unternehmen ein.<\/p>\n<p>Die vierte Generation: Eduard Rudolf van der Niepoort. Rolf wurde im M\u00e4rz 1927 geboren. Er interessiert sich seit seiner Kindheit sehr f\u00fcr Mechanik, verf\u00fcgt aber auch \u00fcber einen guten Gesch\u00e4ftssinn. 1950 stieg er in das Familienunternehmen seines Vaters Eduard ein. Seine Erfahrung war eine wertvolle Erg\u00e4nzung und er konnte eine finanziell schwierige Zeit meistern. Rolf widmete sein Interesse den kommerziellen und menschlichen Beziehungen innerhalb und au\u00dferhalb des Unternehmens und verhielt sich konservativ, wenn es um die Weinproduktion ging. Rolf erinnert sich nostalgisch an die Produktion eines Vintage Port aus dem Jahr 1970, als w\u00e4re es seine eigene Kreation, vom Anfang bis zum Ende. Derzeit gilt er als einer der gr\u00f6\u00dften H\u00e4fen in Niepoort. Wie alle Mitglieder der Familie Niepoort ist er ein gro\u00dfer Sammler: von alten Autos, Antiquit\u00e4ten und vor allem portugiesischen Waffen.<\/p>\n<p>Die dritte Generation: Eduard Marius Niepoort. Eduard wurde am 14. September 1890 in Porto geboren. Er war \u00e4u\u00dferst talentiert und ein geborener Wissenschaftler. Im Jahr 1912 war Eduard Marius Niepoort aufgrund des Todes seines Vaters gezwungen, in das Familienunternehmen einzusteigen. Rolf Niepoort, sein Sohn, erinnert sich an seinen Vater als einen Menschen, der \u201esich f\u00fcr mehrere Bereiche wie Chemie, Physik und Mechanik interessierte und ein Mann mit einem feinen Sinn f\u00fcr Humor war\u201c. Nach den Worten von Elisabete, die mit ihm zusammenarbeitete und damals bereits mit dem Verwaltungsbereich verbunden war, war er eine wahre \u201eIkone der Intelligenz\u201c, eine Person von Integrit\u00e4t und sehr nachdenklich in den Entscheidungen, die er traf. Eduard Marius verlie\u00df das Unternehmen 1980 als aktiver Gesellschafter und widmete sich seinen vielf\u00e4ltigen Hobbys und Sammlungen. Eduard Marius Niepoort verstarb im Alter von 91 Jahren (am 3. Juni 1982). Seine Enkel Dirk und Verena erinnern sich an seine Strenge beim Studium und bewahren die Erinnerung an einen Gro\u00dfvater mit endlosen Sammlungen von B\u00fcchern, Briefmarken, M\u00fcnzen und Bahntickets!<\/p>\n<p>Die zweite Generation: Eduard Karel Jackob. Eduard Jackob wurde 1848 in Porto geboren. Niepoort war bereits ein florierendes Unternehmen, als Eduard Karel das Familienunternehmen \u00fcbernahm und die Arbeit seines Vorg\u00e4ngers fortf\u00fchrte.<\/p>\n<p>Die erste Generation: Franciscus Marius van der Niepoort. Der Gr\u00fcnder Franciscus wurde 1813 in Hilversum in den Niederlanden geboren. Er heiratete Francisca Louisa Elisabeth Ehlers. Franciscus Marius kam nach Portugal, um das Unternehmen Niepoort, einen Portweinproduzenten, zu gr\u00fcnden. Er gr\u00fcndete das Unternehmen als Verk\u00e4ufer in Porto, ohne eigenes Land oder Weinberge. Er war haupts\u00e4chlich Portweinh\u00e4ndler. Er starb am 7. M\u00e4rz 1887 in Porto.<\/p>\n<p>Auch die Kunst des Master Blenders wurde von Generation zu Generation weitergegeben. Jos\u00e9 Nogueira war der vierte in seiner Familie, der seine Kunst bei Niepoort aus\u00fcbte, nachdem er mehr als 50 Jahre im Unternehmen gearbeitet hatte. Sein Sohn Jos\u00e9 Rodrigo trat dem Team im September 2006 bei und arbeitete bis 2011 zusammen. Derzeit ist er die f\u00fcnfte Generation der Familie Nogueira.<\/p>\n<\/div>\n<\/div>\n<div class=\"post grid-9\">\n<div class=\"post-text\">\n<p>Im Jahr 2010 feierte Niepoort mit seiner Familie die \u201e50 Jahre zu Hause\u201c von Master Blender Jos\u00e9 Nogueira.<\/p>\n<\/div>\n<\/div>","protected":false},"excerpt":{"rendered":"<div>\n<p class=\"niepoort-title-light\">O nome Robustus presta homenagem ao primeiro vinho do Douro, produzido por Dirk Niepoort, o Robustus 1990, e que nunca chegou a ser comercializado. Desde 2004 que o Robustus tem sido vinificado de acordo com os m\u00e9todos usados na produ\u00e7\u00e3o dos vinhos tradicionais. O longo est\u00e1gio em tonel de madeira antiga, imprime maturidade, complexidade, amacia os taninos e confere ao vinho precis\u00e3o e equil\u00edbrio, sem perder todo o vigor e a frescura arom\u00e1tica. O Robustus prov\u00e9m das nossas vinhas mais velhas, viradas a norte, onde a acidez e a estrutura t\u00e2nica s\u00e3o elevadas. Numa regi\u00e3o extremamente quente, com a diversidade de terroirs e a sabedoria da vinha velha conseguem-se produzir vinhos frescos e de longa guarda.<\/p>\n<\/div>\n<div>\n<p class=\"niepoort-title-light\">As condi\u00e7\u00f5es clim\u00e1ticas do ano vit\u00edcola 2015 foram muito favor\u00e1veis, com sol, calor e pouca humidade, permitindo um crescimento vegetativo homog\u00e9neo. O Inverno, com chuva a partir do m\u00eas de Mar\u00e7o, rep\u00f4s uma grande parte das reservas de \u00e1gua no solo. No in\u00edcio da Primavera as temperaturas m\u00e9dias foram elevadas e alguma chuva completou a reposi\u00e7\u00e3o h\u00eddrica, permitindo um abrolhamento equilibrado. Depois da flora\u00e7\u00e3o em Maio, o pintor iniciou-se em Julho, bastante homog\u00e9neo, cerca de duas semanas mais cedo que no ano anterior. Uma das particularidades deste ano vit\u00edcola foi a capacidade da vinha em manter-se hidratada durante a matura\u00e7\u00e3o. Em finais de Agosto, in\u00edcio de Setembro, as folhas basais mantinham-se verdes e h\u00famidas, com os bagos hidratados e uma pel\u00edcula grossa e firme. O equil\u00edbrio dos mostos, a suavidade dos taninos e a intensa concentra\u00e7\u00e3o de cor indicam que estamos perante um ano excepcional para Vinhos Doc Douro. As uvas para o Robustus foram selecionadas manualmente \u00e0 entrada da adega, caindo por gravidade numa cuba de Inox. A fermenta\u00e7\u00e3o alco\u00f3lica e o tempo de macera\u00e7\u00e3o foram longos. O envelhecimento em ton\u00e9is de 2000 litros durou mais de 4 anos. Deste vinho foram engarrafadas 5200 garrafas em Fevereiro de 2020, sem colagem nem filtra\u00e7\u00e3o.<\/p>\n<\/div>","protected":false},"featured_media":20168,"template":"","meta":{"_exactmetrics_skip_tracking":false,"_exactmetrics_sitenote_active":false,"_exactmetrics_sitenote_note":"","_exactmetrics_sitenote_category":0,"_uf_show_specific_survey":0,"_uf_disable_surveys":false,"iawp_total_views":10},"product_brand":[],"product_cat":[215,184,157],"product_tag":[],"class_list":{"0":"post-20167","1":"product","2":"type-product","3":"status-publish","4":"has-post-thumbnail","6":"product_cat-douro","7":"product_cat-tinto","8":"product_cat-vinhos","10":"first","11":"instock","12":"shipping-taxable","13":"purchasable","14":"product-type-simple"},"_links":{"self":[{"href":"https:\/\/bracaravinum.pt\/de\/wp-json\/wp\/v2\/product\/20167","targetHints":{"allow":["GET"]}}],"collection":[{"href":"https:\/\/bracaravinum.pt\/de\/wp-json\/wp\/v2\/product"}],"about":[{"href":"https:\/\/bracaravinum.pt\/de\/wp-json\/wp\/v2\/types\/product"}],"wp:featuredmedia":[{"embeddable":true,"href":"https:\/\/bracaravinum.pt\/de\/wp-json\/wp\/v2\/media\/20168"}],"wp:attachment":[{"href":"https:\/\/bracaravinum.pt\/de\/wp-json\/wp\/v2\/media?parent=20167"}],"wp:term":[{"taxonomy":"product_brand","embeddable":true,"href":"https:\/\/bracaravinum.pt\/de\/wp-json\/wp\/v2\/product_brand?post=20167"},{"taxonomy":"product_cat","embeddable":true,"href":"https:\/\/bracaravinum.pt\/de\/wp-json\/wp\/v2\/product_cat?post=20167"},{"taxonomy":"product_tag","embeddable":true,"href":"https:\/\/bracaravinum.pt\/de\/wp-json\/wp\/v2\/product_tag?post=20167"}],"curies":[{"name":"wp","href":"https:\/\/api.w.org\/{rel}","templated":true}]}}