{"id":20037,"date":"2025-07-19T08:45:14","date_gmt":"2025-07-19T08:45:14","guid":{"rendered":"https:\/\/bracaravinum.pt\/?post_type=product&#038;p=20037"},"modified":"2025-07-19T08:49:25","modified_gmt":"2025-07-19T08:49:25","slug":"adega-mayor-reserva-do-comendador-altitude-branco-2023-75cl","status":"publish","type":"product","link":"https:\/\/bracaravinum.pt\/de\/produkt\/adega-mayor-reserva-do-comendador-altitude-branco-2023-75cl\/","title":{"rendered":"Adega Mayor Reserva do Comendador Altitude Branco 2023 75cl"},"content":{"rendered":"<p><img decoding=\"async\" class=\"size-medium wp-image-15310 aligncenter\" src=\"http:\/\/bracaravinum.pt\/wp-content\/uploads\/2022\/02\/LOGO-AM-300x132.jpg\" alt=\"\" width=\"300\" height=\"132\" srcset=\"https:\/\/bracaravinum.pt\/wp-content\/uploads\/2022\/02\/LOGO-AM-300x132.jpg 300w, https:\/\/bracaravinum.pt\/wp-content\/uploads\/2022\/02\/LOGO-AM.jpg 514w\" sizes=\"(max-width: 300px) 100vw, 300px\" \/><\/p>\n<p>Adega Mayor ist das Ergebnis der Vision von Kommandant Rui Nabeiro und seiner gro\u00dfen Leidenschaft f\u00fcr Weine und sein Land \u2013 Campo Maior.<br \/>\nAus der Hand der renommierten Architektin Siza Vieira stammt das unverwechselbare Design dieses besonderen, modernen und gef\u00fchlvollen Weinguts. Adega Mayor wurde 2007 er\u00f6ffnet, produziert aber seit 2002 Weine und verf\u00fcgt \u00fcber 65 Hektar Weinberge, die auf zwei Weing\u00fcter verteilt sind, aus denen die Marken Monte Mayor, Touriga Nacional, Reserva do Comendador und Garrafeira do Comendador hervorgehen.<br \/>\nDer Winzer Paulo Laureano und ein engagiertes Team sind f\u00fcr die Entwicklung dieser Nektare mit starker Pers\u00f6nlichkeit verantwortlich, in denen die ganze Tradition und Raffinesse eines unentdeckten Alentejo zum Vorschein kommt.<\/p>\n<p>Auf den Ebenen von Campo Maior wachsen Weinberge, die Weine mit frischem und markantem Charakter hervorbringen. An dieser h\u00fcgeligen K\u00fcste des Alentejo entwarf die Architektin Siza Vieira das unverwechselbare Design dieses Weinguts. So ist die Landschaft gestaltet, so werden die Weine getr\u00e4umt, die diesen Adega Mayor ausmachen.<\/p>","protected":false},"excerpt":{"rendered":"<p>Uvas da serra de S\u00e3o Mamede (2,2 ha) com 70 anos de idade e in\u00fameras castas. Metade o mosto fermenta em inox e o restante em barricas de 500 litros novas e usadas. Muito fino no aroma, a fruta \u00e9 delicada, tem boa complexidade. A frescura da boca \u00e9 depois envolvida pelas notas da madeira. Mostra-se muito bem no conjunto.<\/p>\n<p>Manuelle Ernte mit sorgf\u00e4ltiger Auswahl der Trauben. Die G\u00e4rung erfolgte in neuen franz\u00f6sischen Eichenf\u00e4ssern, gefolgt von einer 6-monatigen Reifung auf Feinhefe, um einen frischen Wein mit guter Fettigkeit und Struktur zu erhalten.<\/p>","protected":false},"featured_media":20038,"template":"","meta":{"_exactmetrics_skip_tracking":false,"_exactmetrics_sitenote_active":false,"_exactmetrics_sitenote_note":"","_exactmetrics_sitenote_category":0,"_uf_show_specific_survey":0,"_uf_disable_surveys":false,"iawp_total_views":15},"product_brand":[],"product_cat":[157,185,189],"product_tag":[],"class_list":{"0":"post-20037","1":"product","2":"type-product","3":"status-publish","4":"has-post-thumbnail","6":"product_cat-vinhos","7":"product_cat-branco","8":"product_cat-alentejo-branco","10":"first","11":"instock","12":"shipping-taxable","13":"purchasable","14":"product-type-simple"},"_links":{"self":[{"href":"https:\/\/bracaravinum.pt\/de\/wp-json\/wp\/v2\/product\/20037","targetHints":{"allow":["GET"]}}],"collection":[{"href":"https:\/\/bracaravinum.pt\/de\/wp-json\/wp\/v2\/product"}],"about":[{"href":"https:\/\/bracaravinum.pt\/de\/wp-json\/wp\/v2\/types\/product"}],"wp:featuredmedia":[{"embeddable":true,"href":"https:\/\/bracaravinum.pt\/de\/wp-json\/wp\/v2\/media\/20038"}],"wp:attachment":[{"href":"https:\/\/bracaravinum.pt\/de\/wp-json\/wp\/v2\/media?parent=20037"}],"wp:term":[{"taxonomy":"product_brand","embeddable":true,"href":"https:\/\/bracaravinum.pt\/de\/wp-json\/wp\/v2\/product_brand?post=20037"},{"taxonomy":"product_cat","embeddable":true,"href":"https:\/\/bracaravinum.pt\/de\/wp-json\/wp\/v2\/product_cat?post=20037"},{"taxonomy":"product_tag","embeddable":true,"href":"https:\/\/bracaravinum.pt\/de\/wp-json\/wp\/v2\/product_tag?post=20037"}],"curies":[{"name":"wp","href":"https:\/\/api.w.org\/{rel}","templated":true}]}}