{"id":19920,"date":"2025-05-17T08:53:13","date_gmt":"2025-05-17T08:53:13","guid":{"rendered":"https:\/\/bracaravinum.pt\/?post_type=product&#038;p=19920"},"modified":"2025-07-17T17:52:30","modified_gmt":"2025-07-17T17:52:30","slug":"filhos-de-provezaide-branco-2022-75cl","status":"publish","type":"product","link":"https:\/\/bracaravinum.pt\/de\/produkt\/filhos-de-provezaide-branco-2022-75cl\/","title":{"rendered":"Filhos de Provezaide Branco 75cl"},"content":{"rendered":"","protected":false},"excerpt":{"rendered":"<p>Castas: Rabigato, Gouveio e Viosinho<\/p>\n<p>No nariz, aromas de lim\u00e3o, p\u00eassego, flor de laranjeira, e um toque mineral. A madeira, est\u00e1 muito bem integrada, conferindo-lhe complexidade. Na boca, tem frescura, estrutura, acidez vibrante, untuosidade e um final longo e persistente. Um branco elegante, complexo e cheio de personalidade, com um r\u00f3tulo cativante.<\/p>","protected":false},"featured_media":19921,"template":"","meta":{"_exactmetrics_skip_tracking":false,"_exactmetrics_sitenote_active":false,"_exactmetrics_sitenote_note":"","_exactmetrics_sitenote_category":0,"_uf_show_specific_survey":0,"_uf_disable_surveys":false,"iawp_total_views":78},"product_brand":[],"product_cat":[157,185,188],"product_tag":[],"class_list":{"0":"post-19920","1":"product","2":"type-product","3":"status-publish","4":"has-post-thumbnail","6":"product_cat-vinhos","7":"product_cat-branco","8":"product_cat-douro-branco","10":"first","11":"instock","12":"shipping-taxable","13":"purchasable","14":"product-type-simple"},"_links":{"self":[{"href":"https:\/\/bracaravinum.pt\/de\/wp-json\/wp\/v2\/product\/19920","targetHints":{"allow":["GET"]}}],"collection":[{"href":"https:\/\/bracaravinum.pt\/de\/wp-json\/wp\/v2\/product"}],"about":[{"href":"https:\/\/bracaravinum.pt\/de\/wp-json\/wp\/v2\/types\/product"}],"wp:featuredmedia":[{"embeddable":true,"href":"https:\/\/bracaravinum.pt\/de\/wp-json\/wp\/v2\/media\/19921"}],"wp:attachment":[{"href":"https:\/\/bracaravinum.pt\/de\/wp-json\/wp\/v2\/media?parent=19920"}],"wp:term":[{"taxonomy":"product_brand","embeddable":true,"href":"https:\/\/bracaravinum.pt\/de\/wp-json\/wp\/v2\/product_brand?post=19920"},{"taxonomy":"product_cat","embeddable":true,"href":"https:\/\/bracaravinum.pt\/de\/wp-json\/wp\/v2\/product_cat?post=19920"},{"taxonomy":"product_tag","embeddable":true,"href":"https:\/\/bracaravinum.pt\/de\/wp-json\/wp\/v2\/product_tag?post=19920"}],"curies":[{"name":"wp","href":"https:\/\/api.w.org\/{rel}","templated":true}]}}