{"id":19510,"date":"2024-11-28T08:46:05","date_gmt":"2024-11-28T08:46:05","guid":{"rendered":"https:\/\/bracaravinum.pt\/?post_type=product&#038;p=19510"},"modified":"2024-11-28T08:46:05","modified_gmt":"2024-11-28T08:46:05","slug":"moscatel-superior-bacalhoa-20-anos-50cl","status":"publish","type":"product","link":"https:\/\/bracaravinum.pt\/de\/produkt\/moscatel-superior-bacalhoa-20-anos-50cl\/","title":{"rendered":"Moscatel Superior Bacalhoa 20 anos 50cl"},"content":{"rendered":"","protected":false},"excerpt":{"rendered":"<div class=\"custom-fields-col-12\">\n<div>Aromas a doce de laranja amarga (marmelade), ch\u00e1 earl grey, alperce, figo de calda, avel\u00e3, mel e vinagrinho<\/div>\n<\/div>\n<div class=\"custom-fields-col-12\">\n<div>Do\u00e7ura equilibrada por boa acidez e amargo que refresca a sensa\u00e7\u00e3o de boca. Suave, longu\u00edssimo.<\/div>\n<\/div>\n<div class=\"custom-fields-col-12\">\n<div>De cor \u00e2mbar, com reflexos dourados e esverdeados.<\/div>\n<\/div>","protected":false},"featured_media":19511,"template":"","meta":{"_exactmetrics_skip_tracking":false,"_exactmetrics_sitenote_active":false,"_exactmetrics_sitenote_note":"","_exactmetrics_sitenote_category":0,"_uf_show_specific_survey":0,"_uf_disable_surveys":false,"iawp_total_views":6},"product_brand":[],"product_cat":[163],"product_tag":[],"class_list":{"0":"post-19510","1":"product","2":"type-product","3":"status-publish","4":"has-post-thumbnail","6":"product_cat-moscatel","8":"first","9":"instock","10":"shipping-taxable","11":"purchasable","12":"product-type-simple"},"_links":{"self":[{"href":"https:\/\/bracaravinum.pt\/de\/wp-json\/wp\/v2\/product\/19510","targetHints":{"allow":["GET"]}}],"collection":[{"href":"https:\/\/bracaravinum.pt\/de\/wp-json\/wp\/v2\/product"}],"about":[{"href":"https:\/\/bracaravinum.pt\/de\/wp-json\/wp\/v2\/types\/product"}],"wp:featuredmedia":[{"embeddable":true,"href":"https:\/\/bracaravinum.pt\/de\/wp-json\/wp\/v2\/media\/19511"}],"wp:attachment":[{"href":"https:\/\/bracaravinum.pt\/de\/wp-json\/wp\/v2\/media?parent=19510"}],"wp:term":[{"taxonomy":"product_brand","embeddable":true,"href":"https:\/\/bracaravinum.pt\/de\/wp-json\/wp\/v2\/product_brand?post=19510"},{"taxonomy":"product_cat","embeddable":true,"href":"https:\/\/bracaravinum.pt\/de\/wp-json\/wp\/v2\/product_cat?post=19510"},{"taxonomy":"product_tag","embeddable":true,"href":"https:\/\/bracaravinum.pt\/de\/wp-json\/wp\/v2\/product_tag?post=19510"}],"curies":[{"name":"wp","href":"https:\/\/api.w.org\/{rel}","templated":true}]}}