{"id":19262,"date":"2024-10-09T12:07:39","date_gmt":"2024-10-09T12:07:39","guid":{"rendered":"https:\/\/bracaravinum.pt\/?post_type=product&#038;p=19262"},"modified":"2025-10-07T11:26:05","modified_gmt":"2025-10-07T11:26:05","slug":"ausgenommen-red-reserve-2021-75cl-80","status":"publish","type":"product","link":"https:\/\/bracaravinum.pt\/de\/produto\/isento-reserva-branco-cx-3-garrafas\/","title":{"rendered":"Isento Reserva Branco Cx 3 Garrafas"},"content":{"rendered":"<p><img fetchpriority=\"high\" decoding=\"async\" class=\"size-medium wp-image-18274 aligncenter\" src=\"http:\/\/bracaravinum.pt\/wp-content\/uploads\/2023\/11\/64237bc35963b42110ce1d15_SA_VINUM_LOGO_PRETO-p-500-239x300.png\" alt=\"\" width=\"239\" height=\"300\" srcset=\"https:\/\/bracaravinum.pt\/wp-content\/uploads\/2023\/11\/64237bc35963b42110ce1d15_SA_VINUM_LOGO_PRETO-p-500-239x300.png 239w, https:\/\/bracaravinum.pt\/wp-content\/uploads\/2023\/11\/64237bc35963b42110ce1d15_SA_VINUM_LOGO_PRETO-p-500-10x12.png 10w, https:\/\/bracaravinum.pt\/wp-content\/uploads\/2023\/11\/64237bc35963b42110ce1d15_SA_VINUM_LOGO_PRETO-p-500.png 500w\" sizes=\"(max-width: 239px) 100vw, 239px\" \/><\/p>\n<p>Seit jeher mit dem Douro verbunden, beginnt die Weinherstellungsreise der Familie S\u00e1 mit dem Verkauf hochwertiger Trauben aus ihren Weinbergen in Soutelo do Douro.<\/p>\n<p>Im Laufe der Zeit wuchsen die Anwesen, wobei stets auf Qualit\u00e4t geachtet wurde, ohne die Wurzeln zu vergessen, die dem Unternehmen zum Erfolg verhalfen, und begann auch mit der Produktion seines eigenen Weins.<\/p>\n<p>Im Jahr 2019 wurde Sa&#039;Vinum geboren, das Ergebnis des Wunsches des j\u00fcngsten Familienmitglieds, Jo\u00e3o de S\u00e1, das von seinem Vater hinterlassene Unternehmen und seine Leidenschaft f\u00fcr den Douro weiterzuf\u00fchren.<\/p>\n<p>Heute verf\u00fcgt die Marke \u00fcber mehrere Anwesen, verschiedene Weinsorten und einen neuen Weinkeller.<\/p>\n<p>&nbsp;<\/p>","protected":false},"excerpt":{"rendered":"<p>Castas: Codega Larinho e Viosinho<\/p>","protected":false},"featured_media":19260,"template":"","meta":{"_exactmetrics_skip_tracking":false,"_exactmetrics_sitenote_active":false,"_exactmetrics_sitenote_note":"","_exactmetrics_sitenote_category":0,"_uf_show_specific_survey":0,"_uf_disable_surveys":false,"iawp_total_views":29},"product_brand":[],"product_cat":[185,216,258,188,157],"product_tag":[],"class_list":{"0":"post-19262","1":"product","2":"type-product","3":"status-publish","4":"has-post-thumbnail","6":"product_cat-branco","7":"product_cat-conjuntos","8":"product_cat-conjuntos-de-oferta","9":"product_cat-douro-branco","10":"product_cat-vinhos","12":"first","13":"instock","14":"shipping-taxable","15":"purchasable","16":"product-type-simple"},"_links":{"self":[{"href":"https:\/\/bracaravinum.pt\/de\/wp-json\/wp\/v2\/product\/19262","targetHints":{"allow":["GET"]}}],"collection":[{"href":"https:\/\/bracaravinum.pt\/de\/wp-json\/wp\/v2\/product"}],"about":[{"href":"https:\/\/bracaravinum.pt\/de\/wp-json\/wp\/v2\/types\/product"}],"wp:featuredmedia":[{"embeddable":true,"href":"https:\/\/bracaravinum.pt\/de\/wp-json\/wp\/v2\/media\/19260"}],"wp:attachment":[{"href":"https:\/\/bracaravinum.pt\/de\/wp-json\/wp\/v2\/media?parent=19262"}],"wp:term":[{"taxonomy":"product_brand","embeddable":true,"href":"https:\/\/bracaravinum.pt\/de\/wp-json\/wp\/v2\/product_brand?post=19262"},{"taxonomy":"product_cat","embeddable":true,"href":"https:\/\/bracaravinum.pt\/de\/wp-json\/wp\/v2\/product_cat?post=19262"},{"taxonomy":"product_tag","embeddable":true,"href":"https:\/\/bracaravinum.pt\/de\/wp-json\/wp\/v2\/product_tag?post=19262"}],"curies":[{"name":"wp","href":"https:\/\/api.w.org\/{rel}","templated":true}]}}