{"id":18755,"date":"2024-02-29T19:08:58","date_gmt":"2024-02-29T19:08:58","guid":{"rendered":"https:\/\/bracaravinum.pt\/?post_type=product&#038;p=18755"},"modified":"2024-11-21T15:39:42","modified_gmt":"2024-11-21T15:39:42","slug":"cupae-17o-tinto-2020-75cl","status":"publish","type":"product","link":"https:\/\/bracaravinum.pt\/de\/produto\/cupae-17o-tinto-2020-75cl\/","title":{"rendered":"Cupae 17\u00ba Tinto 2020 75cl"},"content":{"rendered":"<div class=\"x11i5rnm xat24cr x1mh8g0r x1vvkbs xtlvy1s x126k92a\">\n<div dir=\"auto\"><img fetchpriority=\"high\" decoding=\"async\" class=\"size-full wp-image-18757 aligncenter\" src=\"http:\/\/bracaravinum.pt\/wp-content\/uploads\/2024\/02\/cupae.png\" alt=\"\" width=\"244\" height=\"276\" srcset=\"https:\/\/bracaravinum.pt\/wp-content\/uploads\/2024\/02\/cupae.png 244w, https:\/\/bracaravinum.pt\/wp-content\/uploads\/2024\/02\/cupae-11x12.png 11w\" sizes=\"(max-width: 244px) 100vw, 244px\" \/><\/div>\n<div dir=\"auto\">Trev\u00f5es \u00e9 uma freguesia do concelho de S. Jo\u00e3o da Pesqueira, distrito de Viseu, integrando-se na Regi\u00e3o Demarcada do Douro.<\/div>\n<\/div>\n<div class=\"x11i5rnm xat24cr x1mh8g0r x1vvkbs xtlvy1s x126k92a\">\n<div dir=\"auto\">Com uma superf\u00edcie superior a 18 Km2, \u00e9 constitu\u00eddo por um planalto (onde predomina uma agricultura diversificada), zona de montanha (predominando um ecossistema de floresta) e zona de escarpas montanhosas, onde s\u00e3o vis\u00edveis os t\u00edpicos socalcos durienses.<\/div>\n<\/div>\n<div class=\"x11i5rnm xat24cr x1mh8g0r x1vvkbs xtlvy1s x126k92a\">\n<div dir=\"auto\">A Actividade dominante e principal fonte de receita dos habitantes \u00e9 a agricultura, sendo muito rica em fruta, azeite, vinho e produtos agr\u00edcolas para al\u00e9m das madeiras como o pinheiro e o eucalipto. Apesar da sua import\u00e2ncia, a popula\u00e7\u00e3o tende hoje a voltar-se para outras actividades como caf\u00e9s, restaurantes, oficinas de repara\u00e7\u00e3o, camionagem, serralharia, constru\u00e7\u00e3o civil, entre outras.<\/div>\n<\/div>\n<div class=\"x11i5rnm xat24cr x1mh8g0r x1vvkbs xtlvy1s x126k92a\">\n<div dir=\"auto\">Por estar integrado na Regi\u00e3o Demarcada do Douro, o Concelho de S. Jo\u00e3o da Pesqueira \u00e9 aquele que apresenta a maior \u00e1rea na zona classificada de Patrim\u00f3nio mundial, reconhecida pela sua antiguidade, pelos seus terra\u00e7os e pelo cruzamento de culturas. \u00c9 esta conjuga\u00e7\u00e3o de factores que fazem dele o ex-libris da regi\u00e3o do Douro.<\/div>\n<\/div>\n<div class=\"x11i5rnm xat24cr x1mh8g0r x1vvkbs xtlvy1s x126k92a\">\n<div dir=\"auto\">A par da vinha (e do vinho) que refor\u00e7ou a sua presen\u00e7a aqui atrav\u00e9s da reconvers\u00e3o de outras culturas que lhe cederam lugar (cereais, oliveira, figueira e amendoeira), o concelho \u00e9 ainda produtor de carnes, de fruta e de produtos florestais, com a silvicultura a marcar destaque na zona meridional (mais fria).<\/div>\n<\/div>\n<div class=\"x11i5rnm xat24cr x1mh8g0r x1vvkbs xtlvy1s x126k92a\">\n<div dir=\"auto\">Assim, o Concelho apresenta um clima predominantemente continental com Invernos muito frios e Ver\u00f5es muito quentes, forte condicionante das culturas. Por n\u00e3o haver mais terra, as arribas alcantiladas (tipicamente alto-duriense), de escasso h\u00famus, usufru\u00edram do engenho e da m\u00e3o do homem que favoreceram a constru\u00e7\u00e3o dos admir\u00e1veis socalcos que trepam do grande Rio \u00e0s cumeadas azulinas das montanhas, e que n\u00e3o deixam indiferentes aqueles que por c\u00e1 passam.<\/div>\n<\/div>","protected":false},"excerpt":{"rendered":"<div class=\"x11i5rnm xat24cr x1mh8g0r x1vvkbs xtlvy1s x126k92a\">\n<div dir=\"auto\">Na hist\u00f3rica vila de Trev\u00f5es foi descoberto um exemplar de uma cupa talhada em granito. No tempo dos Romanos o termo cupa era utilizado para descrever vasilhas de armazenamento de vinhos, com o passar do tempo o termo cupa deu origem \u00e0 palavra cuba.<\/div>\n<\/div>\n<div class=\"x11i5rnm xat24cr x1mh8g0r x1vvkbs xtlvy1s x126k92a\">\n<div dir=\"auto\">Esta pe\u00e7a arqueol\u00f3gica est\u00e1 em exposi\u00e7\u00e3o no museu da vila de Trev\u00f5es.<\/div>\n<\/div>\n<div class=\"x11i5rnm xat24cr x1mh8g0r x1vvkbs xtlvy1s x126k92a\">\n<div dir=\"auto\">Os vinhos da marca CUPAE est\u00e3o assim associados \u00e0 hist\u00f3ria milenar da cultura da vinha e do vinho desta regi\u00e3o localizada no cora\u00e7\u00e3o do Douro vinhateiro, patrim\u00f3nio da humanidade.<\/div>\n<\/div>","protected":false},"featured_media":18756,"template":"","meta":{"_exactmetrics_skip_tracking":false,"_exactmetrics_sitenote_active":false,"_exactmetrics_sitenote_note":"","_exactmetrics_sitenote_category":0,"_uf_show_specific_survey":0,"_uf_disable_surveys":false,"iawp_total_views":391},"product_brand":[],"product_cat":[215,184,157],"product_tag":[],"class_list":{"0":"post-18755","1":"product","2":"type-product","3":"status-publish","4":"has-post-thumbnail","6":"product_cat-douro","7":"product_cat-tinto","8":"product_cat-vinhos","10":"first","11":"instock","12":"shipping-taxable","13":"purchasable","14":"product-type-simple"},"_links":{"self":[{"href":"https:\/\/bracaravinum.pt\/de\/wp-json\/wp\/v2\/product\/18755","targetHints":{"allow":["GET"]}}],"collection":[{"href":"https:\/\/bracaravinum.pt\/de\/wp-json\/wp\/v2\/product"}],"about":[{"href":"https:\/\/bracaravinum.pt\/de\/wp-json\/wp\/v2\/types\/product"}],"wp:featuredmedia":[{"embeddable":true,"href":"https:\/\/bracaravinum.pt\/de\/wp-json\/wp\/v2\/media\/18756"}],"wp:attachment":[{"href":"https:\/\/bracaravinum.pt\/de\/wp-json\/wp\/v2\/media?parent=18755"}],"wp:term":[{"taxonomy":"product_brand","embeddable":true,"href":"https:\/\/bracaravinum.pt\/de\/wp-json\/wp\/v2\/product_brand?post=18755"},{"taxonomy":"product_cat","embeddable":true,"href":"https:\/\/bracaravinum.pt\/de\/wp-json\/wp\/v2\/product_cat?post=18755"},{"taxonomy":"product_tag","embeddable":true,"href":"https:\/\/bracaravinum.pt\/de\/wp-json\/wp\/v2\/product_tag?post=18755"}],"curies":[{"name":"wp","href":"https:\/\/api.w.org\/{rel}","templated":true}]}}