{"id":18386,"date":"2023-12-07T23:07:55","date_gmt":"2023-12-07T23:07:55","guid":{"rendered":"https:\/\/bracaravinum.pt\/?post_type=product&#038;p=18386"},"modified":"2024-10-11T14:26:47","modified_gmt":"2024-10-11T14:26:47","slug":"quinta-do-espinho-senior-tinto-2019-75cl","status":"publish","type":"product","link":"https:\/\/bracaravinum.pt\/de\/produkt\/quinta-do-espinho-senior-tinto-2019-75cl\/","title":{"rendered":"Quinta do Espinho S\u00e9nior Tinto 2019 75cl"},"content":{"rendered":"<p><img decoding=\"async\" class=\"size-medium wp-image-17565 aligncenter\" src=\"http:\/\/bracaravinum.pt\/wp-content\/uploads\/2023\/04\/QtaEspinho-Logo-01_700x272-300x136.png\" alt=\"\" width=\"300\" height=\"136\" srcset=\"https:\/\/bracaravinum.pt\/wp-content\/uploads\/2023\/04\/QtaEspinho-Logo-01_700x272-300x136.png 300w, https:\/\/bracaravinum.pt\/wp-content\/uploads\/2023\/04\/QtaEspinho-Logo-01_700x272-18x8.png 18w, https:\/\/bracaravinum.pt\/wp-content\/uploads\/2023\/04\/QtaEspinho-Logo-01_700x272.png 600w\" sizes=\"(max-width: 300px) 100vw, 300px\" \/><\/p>\n<p>Quinta do Espinho erstreckt sich \u00fcber 20 Hektar an der M\u00fcndung des Flusses T\u00e1vora am linken Ufer des Flusses Douro, dem Zentrum des Weinanbaus im Douro-Tal, in der Subregion Cima Corgo, wo sich einige der symboltr\u00e4chtigen Portweinfarmen befinden .<\/p>\n<p>Die Weinregion Alto Douro gilt als eine der gro\u00dfartigsten Weinlandschaften der Welt und wurde 2001 von der UNESCO zum Weltkulturerbe erkl\u00e4rt.<\/p>\n<p>Seine logistische und strategische Lage ist au\u00dfergew\u00f6hnlich, was die Erreichbarkeit und vor allem das enorme weinbauliche, landschaftliche und \u00f6kologische Potenzial der Produktionen betrifft, denen es gewidmet ist.<\/p>\n<p>Auf den terrassenf\u00f6rmig angelegten Weinbergen, die sich vom Fluss in einer H\u00f6he von 195 Metern erstrecken, gibt es einen n\u00e4hrstoffreichen Boden, der aus laminierten Schieferst\u00fccken besteht, die die n\u00f6tige Feuchtigkeit speichern, damit die Rebe unter den fast trockenen Bedingungen \u00fcberleben kann, die die meiste Zeit vorherrschen Sommer.<\/p>\n<p>Im Jahr 1986 begann das Projekt der Anlage neuer Weinberge und der Umstrukturierung des alten Weinbergs. Im Jahr 2010 wurden die Kellerei und die Lagerr\u00e4ume renoviert. Unter voller Ber\u00fccksichtigung der Anforderungen, die die Lage der Quinta im Herzen der Douro-Region mit sich bringt, wurden die Geb\u00e4ude aus dem Anfang des Jahrhunderts restauriert. XVIII unter Beibehaltung traditioneller Strukturen wie Steinm\u00fchlen, die noch heute genutzt werden. Die Renovierung wurde mit modernsten Weinbereitungs- und Lagerger\u00e4ten durchgef\u00fchrt, um maximale Qualit\u00e4t und Vielseitigkeit im anspruchsvollen Weinherstellungsprozess zu gew\u00e4hrleisten.<\/p>","protected":false},"excerpt":{"rendered":"<p>Proveniente de lotes das castas, touriga nacional e touriga franca, este vinho S\u00e9nior pretende demonstrar o que de melhor nos ofereceu a vindima de 2019, na Quinta do Espinho.<\/p>\n<p>A Quinta do Espinho situa-se na margem esquerda do rio Douro, com a foz do rio T\u00e1vora. Plantadas em 1985, as castas, touriga nacional, com orienta\u00e7\u00e3o a norte, \u00e0 quota 100m, e touriga franca, com orienta\u00e7\u00e3o a noroeste, \u00e0 quota 150m, caracterizam o car\u00e1cter e a eleg\u00e2ncia do nosso terroir.<\/p>\n<p>De cor rubis escuro, complexo e intenso no nariz. Boca ampla, concentrada, com frescura e acidez equilibrada, taninos suaves e final longo.<\/p>\n<p>Vinificado em lagares de granito a temperatura controlada, estagia em cascos de carvalho franc\u00eas por 9 meses.<\/p>\n<p>Este novo projecto desafia-nos, vindima ap\u00f3s vindima, a elaborar novos e diferentes lotes, de 2 castas que transmitam a nossa dedica\u00e7\u00e3o e amor \u00e0 terra.<\/p>","protected":false},"featured_media":18387,"template":"","meta":{"_exactmetrics_skip_tracking":false,"_exactmetrics_sitenote_active":false,"_exactmetrics_sitenote_note":"","_exactmetrics_sitenote_category":0,"_uf_show_specific_survey":0,"_uf_disable_surveys":false,"iawp_total_views":108},"product_brand":[],"product_cat":[215,184,157],"product_tag":[],"class_list":{"0":"post-18386","1":"product","2":"type-product","3":"status-publish","4":"has-post-thumbnail","6":"product_cat-douro","7":"product_cat-tinto","8":"product_cat-vinhos","10":"first","11":"instock","12":"shipping-taxable","13":"purchasable","14":"product-type-simple"},"_links":{"self":[{"href":"https:\/\/bracaravinum.pt\/de\/wp-json\/wp\/v2\/product\/18386","targetHints":{"allow":["GET"]}}],"collection":[{"href":"https:\/\/bracaravinum.pt\/de\/wp-json\/wp\/v2\/product"}],"about":[{"href":"https:\/\/bracaravinum.pt\/de\/wp-json\/wp\/v2\/types\/product"}],"wp:featuredmedia":[{"embeddable":true,"href":"https:\/\/bracaravinum.pt\/de\/wp-json\/wp\/v2\/media\/18387"}],"wp:attachment":[{"href":"https:\/\/bracaravinum.pt\/de\/wp-json\/wp\/v2\/media?parent=18386"}],"wp:term":[{"taxonomy":"product_brand","embeddable":true,"href":"https:\/\/bracaravinum.pt\/de\/wp-json\/wp\/v2\/product_brand?post=18386"},{"taxonomy":"product_cat","embeddable":true,"href":"https:\/\/bracaravinum.pt\/de\/wp-json\/wp\/v2\/product_cat?post=18386"},{"taxonomy":"product_tag","embeddable":true,"href":"https:\/\/bracaravinum.pt\/de\/wp-json\/wp\/v2\/product_tag?post=18386"}],"curies":[{"name":"wp","href":"https:\/\/api.w.org\/{rel}","templated":true}]}}