{"id":18319,"date":"2023-11-28T16:18:28","date_gmt":"2023-11-28T16:18:28","guid":{"rendered":"https:\/\/bracaravinum.pt\/?post_type=product&#038;p=18319"},"modified":"2025-10-07T11:26:32","modified_gmt":"2025-10-07T11:26:32","slug":"eptus-grande-reserve-red-2021-holzkiste-3-flaschen","status":"publish","type":"product","link":"https:\/\/bracaravinum.pt\/de\/produkt\/eptus-grande-reserve-red-2021-holzkiste-3-flaschen\/","title":{"rendered":"Eptus Grande Reserva Red 2021 x Madeira 3 Flaschen"},"content":{"rendered":"<p><img decoding=\"async\" class=\"size-full wp-image-18318 aligncenter\" src=\"http:\/\/bracaravinum.pt\/wp-content\/uploads\/2023\/11\/eptus_logo-1920w.webp\" alt=\"\" width=\"126\" height=\"110\" srcset=\"https:\/\/bracaravinum.pt\/wp-content\/uploads\/2023\/11\/eptus_logo-1920w.webp 126w, https:\/\/bracaravinum.pt\/wp-content\/uploads\/2023\/11\/eptus_logo-1920w-14x12.webp 14w\" sizes=\"(max-width: 126px) 100vw, 126px\" \/><\/p>\n<p>EPTUS ist ein neues und innovatives Projekt unter der Leitung eines \u00d6nologen mit dem Ziel, hervorragende Weine zu produzieren und alle f\u00fcr einen Wein typischen organoleptischen Eigenschaften zu entwickeln<br \/>\ndieser Weinregion.<\/p>\n<p>Wir produzieren seit 1890 Weine, derzeit unter der Leitung des Winzers Jo\u00e3o Sobral, der 6. Generation der Familie Sobral, wir sind in Soutelo do Douro.<br \/>\nJo\u00e3o hatte schon immer eine pers\u00f6nliche Verbindung zum Douro und den Weinbergen. Es war sein Ururgro\u00dfvater, der die erste Quinta kaufte und mit der Portweinproduktion f\u00fcr \u201eCasas Inglesas\u201c begann.<br \/>\nDas EPTUS-Projekt, der Traum eines Jungen, entstand w\u00e4hrend der Pandemie und ist das Ergebnis der \u00fcber mehr als ein Jahrzehnt gesammelten Erfahrung und des Wissens.<\/p>\n<p>Das Klima ist mediterran und gepr\u00e4gt von hei\u00dfen, trockenen Sommern und milden Wintern. Die Durchschnittstemperatur betr\u00e4gt 20 \u00b0C und die durchschnittliche j\u00e4hrliche Niederschlagsmenge betr\u00e4gt 100 mm. Der Boden besteht im Wesentlichen aus Schiefer, ist stark laminiert, reich an N\u00e4hrstoffen und mit sehr wenig organischer Substanz. Er speichert gerade genug Feuchtigkeit, damit die Rebe den ganzen Sommer \u00fcber \u00fcberleben kann, und produziert geringe Mengen an aromatisch \u00e4u\u00dferst konzentrierter Fl\u00fcssigkeit.<\/p>","protected":false},"excerpt":{"rendered":"<p>Trauben: Touriga Nacional, Touriga Franca, Tinto C\u00e3o und Vinhas Velhas<\/p>\n<p>Tiefviolette Farbe, Aromen von Trockenfr\u00fcchten und runde Tannine.<\/p>\n<p>Volumin\u00f6ser und anhaltender Nachgeschmack.<\/p>","protected":false},"featured_media":18320,"template":"","meta":{"_exactmetrics_skip_tracking":false,"_exactmetrics_sitenote_active":false,"_exactmetrics_sitenote_note":"","_exactmetrics_sitenote_category":0,"_uf_show_specific_survey":0,"_uf_disable_surveys":false,"iawp_total_views":22},"product_brand":[],"product_cat":[216,258,215,184,157],"product_tag":[],"class_list":{"0":"post-18319","1":"product","2":"type-product","3":"status-publish","4":"has-post-thumbnail","6":"product_cat-conjuntos","7":"product_cat-conjuntos-de-oferta","8":"product_cat-douro","9":"product_cat-tinto","10":"product_cat-vinhos","12":"first","13":"instock","14":"shipping-taxable","15":"purchasable","16":"product-type-simple"},"_links":{"self":[{"href":"https:\/\/bracaravinum.pt\/de\/wp-json\/wp\/v2\/product\/18319","targetHints":{"allow":["GET"]}}],"collection":[{"href":"https:\/\/bracaravinum.pt\/de\/wp-json\/wp\/v2\/product"}],"about":[{"href":"https:\/\/bracaravinum.pt\/de\/wp-json\/wp\/v2\/types\/product"}],"wp:featuredmedia":[{"embeddable":true,"href":"https:\/\/bracaravinum.pt\/de\/wp-json\/wp\/v2\/media\/18320"}],"wp:attachment":[{"href":"https:\/\/bracaravinum.pt\/de\/wp-json\/wp\/v2\/media?parent=18319"}],"wp:term":[{"taxonomy":"product_brand","embeddable":true,"href":"https:\/\/bracaravinum.pt\/de\/wp-json\/wp\/v2\/product_brand?post=18319"},{"taxonomy":"product_cat","embeddable":true,"href":"https:\/\/bracaravinum.pt\/de\/wp-json\/wp\/v2\/product_cat?post=18319"},{"taxonomy":"product_tag","embeddable":true,"href":"https:\/\/bracaravinum.pt\/de\/wp-json\/wp\/v2\/product_tag?post=18319"}],"curies":[{"name":"wp","href":"https:\/\/api.w.org\/{rel}","templated":true}]}}